{"id":17098,"date":"2023-10-12T21:21:37","date_gmt":"2023-10-12T21:21:37","guid":{"rendered":"https:\/\/das-montessori-spielzeug.de\/?post_type=product&#038;p=17098"},"modified":"2025-11-09T22:29:15","modified_gmt":"2025-11-09T21:29:15","slug":"weiche-silikonformen-zum-ineinanderstecken","status":"publish","type":"product","link":"https:\/\/das-montessori-spielzeug.de\/de\/product\/weiche-silikonformen-zum-ineinanderstecken","title":{"rendered":"Formen aus Weichsilikon zum Aufstecken"},"content":{"rendered":"<h2>Entdecken Sie das Produkt : 4 Silikon-Steckformen f\u00fcr Kinder<\/h2>\n<p>Schenken Sie Ihrem Kind <strong>das perfekte Spiel, um seine motorischen und kognitiven F\u00e4higkeiten zu entwickeln<\/strong>. Unsere 4 Silikoneinsteckformen, die speziell f\u00fcr Kleinkinder entwickelt wurden, sind weich, farbenfroh und sicher in der Anwendung. Sie geh\u00f6ren zu den besten Lernhilfen f\u00fcr kleine Kinder.<\/p>\n<ul>\n<li><strong>Verbessert die Fingerfertigkeit :<\/strong> Dieses Spiel ist perfekt f\u00fcr kleine H\u00e4nde und f\u00f6rdert die Entwicklung von Greif- und Feinmotorik.<\/li>\n<li><strong>Weckt den Geist:<\/strong> mit vier verschiedenen Formen zum Einstecken lernt Ihr Kind, Formen und Farben zu unterscheiden.<\/li>\n<li><strong>Sicher und langlebig :<\/strong> aus hochwertigem Silikon hergestellt, ist dieses Spielzeug widerstandsf\u00e4hig und leicht zu reinigen.<\/li>\n<\/ul>\n<h2>Ein vielseitiges Spielzeug f\u00fcr sanftes Lernen<\/h2>\n<p>Jede Form hat eine <u>einzigartige und attraktive Farbe<\/u> wodurch dieses Spiel noch lustiger und interessanter wird. Ihr Kind wird nicht nur Spa\u00df mit diesem <i>formspiel zum einstecken<\/i>Die Kinder k\u00f6nnen nicht nur ihre K\u00f6rperwahrnehmung verbessern, sondern auch ihren Tastsinn und ihre visuelle Wahrnehmung.<\/p>\n<h3>Ein sicheres und leicht zu reinigendes Spiel<\/h3>\n<p>Das f\u00fcr die Herstellung dieser Formen verwendete Silikon ist <u>in Lebensmittelqualit\u00e4t<\/u>ist v\u00f6llig frei von BPA und Phthalaten. Seine Oberfl\u00e4che f\u00fchlt sich weich und angenehm an und ist leicht zu reinigen und zu desinfizieren.<\/p>\n<h2>Spielbasiertes Lernen endlich in greifbare N\u00e4he ger\u00fcckt<\/h2>\n<h3>Bestellen Sie noch heute das beste Lernspiel<\/h3>\n<p>Warten Sie nicht l\u00e4nger, um die richtige Wahl zu treffen! Bestellen Sie jetzt dieses Lernspielzeug mit 4 Formen zum Einstecken als Geschenk f\u00fcr Ihr Kind. <b>eine einzigartige und spielerische Lernerfahrung<\/b>. Gestalten Sie ihren Alltag mit diesem perfekten Geschenk unterhaltsamer. <i>Klicken Sie jetzt auf Zum Warenkorb hinzuf\u00fcgen<\/i> f\u00fcr eine schnelle Lieferung.<\/p>","protected":false},"excerpt":{"rendered":"<p>Schenke deinem Kind Freude am Lernen mit unseren 4 Silikonformen zum Einstecken!<\/p>\n<p>&#8211; <strong>Motorische Progression: <\/strong>Verbessert seine Fingerfertigkeit.<br \/>\n&#8211; <strong>Mentor der Sinne: <\/strong>Weckt den Geist, unterscheidet Formen und Farben.<br \/>\n&#8211; <strong>Unzerbrechliche Qualit\u00e4t: <\/strong> Sicher, langlebig und leicht zu reinigen.<\/p>","protected":false},"featured_media":17094,"template":"","meta":[],"product_brand":[],"product_cat":[342,343],"product_tag":[],"class_list":{"0":"post-17098","1":"product","2":"type-product","3":"status-publish","4":"has-post-thumbnail","6":"product_cat-jeux-montessori-1an-18mois","7":"product_cat-jeux-montessori-18mois-2ans","9":"first","10":"instock","11":"sale","12":"shipping-taxable","13":"purchasable","14":"product-type-variable"},"_links":{"self":[{"href":"https:\/\/das-montessori-spielzeug.de\/de\/wp-json\/wp\/v2\/product\/17098","targetHints":{"allow":["GET"]}}],"collection":[{"href":"https:\/\/das-montessori-spielzeug.de\/de\/wp-json\/wp\/v2\/product"}],"about":[{"href":"https:\/\/das-montessori-spielzeug.de\/de\/wp-json\/wp\/v2\/types\/product"}],"version-history":[{"count":0,"href":"https:\/\/das-montessori-spielzeug.de\/de\/wp-json\/wp\/v2\/product\/17098\/revisions"}],"wp:featuredmedia":[{"embeddable":true,"href":"https:\/\/das-montessori-spielzeug.de\/de\/wp-json\/wp\/v2\/media\/17094"}],"wp:attachment":[{"href":"https:\/\/das-montessori-spielzeug.de\/de\/wp-json\/wp\/v2\/media?parent=17098"}],"wp:term":[{"taxonomy":"product_brand","embeddable":true,"href":"https:\/\/das-montessori-spielzeug.de\/de\/wp-json\/wp\/v2\/product_brand?post=17098"},{"taxonomy":"product_cat","embeddable":true,"href":"https:\/\/das-montessori-spielzeug.de\/de\/wp-json\/wp\/v2\/product_cat?post=17098"},{"taxonomy":"product_tag","embeddable":true,"href":"https:\/\/das-montessori-spielzeug.de\/de\/wp-json\/wp\/v2\/product_tag?post=17098"}],"curies":[{"name":"wp","href":"https:\/\/api.w.org\/{rel}","templated":true}]}}