{"id":17092,"date":"2023-10-12T21:21:30","date_gmt":"2023-10-12T21:21:30","guid":{"rendered":"https:\/\/das-montessori-spielzeug.de\/?post_type=product&#038;p=17092"},"modified":"2026-02-22T09:07:54","modified_gmt":"2026-02-22T08:07:54","slug":"kleine-silikonbaren","status":"publish","type":"product","link":"https:\/\/das-montessori-spielzeug.de\/de\/product\/kleine-silikonbaren","title":{"rendered":"Kleine Silikonb\u00e4ren"},"content":{"rendered":"<h2>Entdecken Sie unsere 4 kleinen B\u00e4ren aus Silikon in verschiedenen Gr\u00f6\u00dfen und Farben.<\/h2>\n<p>Bieten Sie Ihren Kindern das Beste mit unseren <em><strong>4 kleine Silikonb\u00e4ren<\/strong><\/em>.  Sie sind nicht nur niedlich, sondern auch hochfunktional und auf Langlebigkeit ausgelegt. <\/p>\n<ul>\n<li><b>Bunt und ansprechend :<\/b> Ihre leuchtenden Farben fesseln die Aufmerksamkeit der Kleinsten.<\/li>\n<li><b>Verschiedene Gr\u00f6\u00dfen :<\/b> F\u00f6rdern die Feinmotorik Ihrer Kinder.<\/li>\n<li><b>Sicheres und langlebiges Material :<\/b> Hochwertiges Silikon sorgt f\u00fcr eine l\u00e4ngere Lebensdauer.<\/li>\n<\/ul>\n<h2>Eine sichere und lustige Wahl f\u00fcr Ihre Kinder<\/h2>\n<p>Mit diesen <em>kleine B\u00e4rchen<\/em>So wird das Spiel Ihrer Kinder zu einem angenehmen und lehrreichen Erlebnis. Die verschiedenen Gr\u00f6\u00dfen und Farben helfen au\u00dferdem dabei, ihre Neugier und Fantasie anzuregen.<\/p>\n<h3>Material von h\u00f6chster Qualit\u00e4t<\/h3>\n<p>DER <u>Teddyb\u00e4ren sind aus hochwertigem Silikon hergestellt<\/u>Das bedeutet, dass sie auch <em>auf Dauer angelegt<\/em>. Sie m\u00fcssen sich keine Sorgen mehr um die Sicherheit Ihrer Kinder machen, w\u00e4hrend sie spielen.<\/p>\n<h3>Verbinden Sie das N\u00fctzliche mit dem Angenehmen f\u00fcr Ihre Kinder<\/h3>\n<p>DER <b>4 kleine Silikonb\u00e4ren<\/b> vereinen Sicherheit, Qualit\u00e4t, Spa\u00df und Bildung in einem Produkt. Sie sind die perfekte Option, um ein Spielzeug zu verschenken, das die Entwicklung Ihrer Kinder f\u00f6rdert.<\/p>\n<p><strong><em>Warten Sie nicht l\u00e4nger,<\/em><\/strong> schenken Sie Ihren Kindern diese wunderbaren kleinen B\u00e4ren. Kaufen Sie jetzt auf unserer Seite und freuen Sie sich \u00fcber ein hochwertiges Produkt.<\/p>","protected":false},"excerpt":{"rendered":"<p><strong>Entdecken Sie unsere 4 kleinen Silikonb\u00e4ren, die perfekte Wahl, um Ihre Kinder zu unterhalten und zu erziehen!<\/strong><\/p>\n<ul>\n<li><b>Am\u00fcsant und erzieherisch:<\/b> Stimuliert ihre Neugier!<\/li>\n<li><b>Nachhaltiges Design:<\/b> Ultimative Sicherheitsgarantie.<\/li>\n<li><b>Vielseitiges Produkt:<\/b> Verbindet Qualit\u00e4t und Spa\u00df.<\/li>\n<\/ul>","protected":false},"featured_media":17089,"template":"","meta":[],"product_brand":[],"product_cat":[342,343],"product_tag":[],"class_list":{"0":"post-17092","1":"product","2":"type-product","3":"status-publish","4":"has-post-thumbnail","6":"product_cat-jeux-montessori-1an-18mois","7":"product_cat-jeux-montessori-18mois-2ans","9":"first","10":"instock","11":"sale","12":"shipping-taxable","13":"purchasable","14":"product-type-variable"},"_links":{"self":[{"href":"https:\/\/das-montessori-spielzeug.de\/de\/wp-json\/wp\/v2\/product\/17092","targetHints":{"allow":["GET"]}}],"collection":[{"href":"https:\/\/das-montessori-spielzeug.de\/de\/wp-json\/wp\/v2\/product"}],"about":[{"href":"https:\/\/das-montessori-spielzeug.de\/de\/wp-json\/wp\/v2\/types\/product"}],"version-history":[{"count":0,"href":"https:\/\/das-montessori-spielzeug.de\/de\/wp-json\/wp\/v2\/product\/17092\/revisions"}],"wp:featuredmedia":[{"embeddable":true,"href":"https:\/\/das-montessori-spielzeug.de\/de\/wp-json\/wp\/v2\/media\/17089"}],"wp:attachment":[{"href":"https:\/\/das-montessori-spielzeug.de\/de\/wp-json\/wp\/v2\/media?parent=17092"}],"wp:term":[{"taxonomy":"product_brand","embeddable":true,"href":"https:\/\/das-montessori-spielzeug.de\/de\/wp-json\/wp\/v2\/product_brand?post=17092"},{"taxonomy":"product_cat","embeddable":true,"href":"https:\/\/das-montessori-spielzeug.de\/de\/wp-json\/wp\/v2\/product_cat?post=17092"},{"taxonomy":"product_tag","embeddable":true,"href":"https:\/\/das-montessori-spielzeug.de\/de\/wp-json\/wp\/v2\/product_tag?post=17092"}],"curies":[{"name":"wp","href":"https:\/\/api.w.org\/{rel}","templated":true}]}}