{"id":17085,"date":"2023-10-12T21:21:17","date_gmt":"2023-10-12T21:21:17","guid":{"rendered":"https:\/\/das-montessori-spielzeug.de\/?post_type=product&#038;p=17085"},"modified":"2025-11-09T22:27:01","modified_gmt":"2025-11-09T21:27:01","slug":"silikonkreise-zum-ubereinanderlegen","status":"publish","type":"product","link":"https:\/\/das-montessori-spielzeug.de\/de\/product\/silikonkreise-zum-ubereinanderlegen","title":{"rendered":"Kreise aus Silikon zum \u00dcbereinanderlegen"},"content":{"rendered":"<h2>Schenken Sie Ihren Kindern die \"6 stapelbaren Scheibenformen aus Silikon\".<\/h2>\n<p> Sie suchen ein Spiel, das Folgendes vereint <strong>Lernen<\/strong> und <strong>Spa\u00df<\/strong> f\u00fcr Ihre Kinder? <u>Hier ist das Set mit 6 Formen von Silikonscheiben zum Stapeln<\/u>! Dieses Produkt in verschiedenen Farben ist unglaublich vielseitig und bietet eine spielerische und interessante M\u00f6glichkeit, Farben und Gr\u00f6\u00dfen zu lernen und gleichzeitig die Koordination von H\u00e4nden und Augen zu st\u00e4rken.<\/p>\n<ul>\n<li> <strong>Vielseitiges Spielzeug:<\/strong> Lernen Sie spielend wichtige F\u00e4higkeiten<\/li>\n<li> <strong>Sicher in der Anwendung:<\/strong> Hergestellt aus weichem Silikon, um die Sicherheit Ihrer Kinder zu gew\u00e4hrleisten<\/li>\n<li> <strong>\u00c4sthetische Attraktivit\u00e4t:<\/strong> Helle Farben, um die Aufmerksamkeit Ihrer Kinder aufrechtzuerhalten<\/li>\n<\/ul>\n<h2> Ein Lernspiel f\u00fcr Kinder <\/h2>\n<p>Das Stapeln von Silikonformen ist eine tolle M\u00f6glichkeit f\u00fcr Ihre Kinder, um <u>zu verstehen und zu begreifen<\/u> die Unterschiede in Gr\u00f6\u00dfe und Farbe. Jede Farbscheibe kann auch als Objekt zur Farbidentifikation dienen.<\/p>\n<h3>Sicherheit geht vor<\/h3>\n<p>Diese Formen sind <strong>aus weichem Silikon hergestellt<\/strong> um eine sichere Verwendung zu gew\u00e4hrleisten. Ihre flexible Natur bedeutet auch, dass sie verdreht und gekaut werden k\u00f6nnen, ohne sich zu verschlechtern.<\/p>\n<h2>Tauchen Sie ein in eine Welt der Farben und Formen<\/h2>\n<p>Die Wahl heller Farben zieht die Aufmerksamkeit Ihres Kindes auf sich und stimuliert seine <strong>visuelle Erkennungsf\u00e4higkeiten<\/strong>. Das Mischen und Stapeln der Scheiben f\u00f6rdert eine <i>Sinn f\u00fcr Neugier<\/i> und <i>ermutigen zur Erkundung<\/i>.<\/p>\n<h3>Ein vielseitiges Spiel f\u00fcr jedes Alter<\/h3>\n<p>Egal, wie alt Ihre Kinder sind, dieses Set aus stapelbaren Silikonformen bietet <u>zahlreiche M\u00f6glichkeiten<\/u> zur Unterhaltung und zum Lernen.<\/p>\n<p><i>Kaufen Sie jetzt die sechs Formen der Silikonscheiben zum Stapeln<\/i> und beobachten Sie, wie Ihre Kinder die Welt der Formen, Gr\u00f6\u00dfen und Farben entdecken und dabei ihre motorischen F\u00e4higkeiten verbessern. <strong>Dann legen Sie es noch heute in Ihren Warenkorb!<\/strong><\/p>","protected":false},"excerpt":{"rendered":"<p>Bringen Sie Ihrem Kind die Freude am Lernen mit diesen sechs stapelbaren Scheibenformen aus Silikon n\u00e4her - ein Schatz an Lernspa\u00df, den die Kleinen lieben werden!<\/p>\n<ul>\n<li>Stapeln macht Spa\u00df, w\u00e4hrend man lernt<\/li>\n<li>Garantierte Sicherheit mit Silikon<\/li>\n<li>Farbige sensorische Stimulation<\/li>\n<\/ul>\n<p>Nichts l\u00f6st bei einem Kind mehr Staunen aus als die Entdeckung neuer Formen und Farben. Dieses vielseitige Spielzeug bietet Ihrem Kind eine spielerische und sichere M\u00f6glichkeit, die Welt um sich herum zu erkunden und mit ihr zu interagieren. Das weiche Silikon sorgt f\u00fcr ihre Sicherheit, w\u00e4hrend die Vielfalt der leuchtenden Farben ihre Sinne anregt und ihre Aufmerksamkeit aufrechterh\u00e4lt. Entdecken Sie die Magie des spielerischen Lernens mit den sechs Formen der stapelbaren Silikonscheiben.<\/p>","protected":false},"featured_media":17083,"template":"","meta":[],"product_brand":[],"product_cat":[342,343],"product_tag":[],"class_list":{"0":"post-17085","1":"product","2":"type-product","3":"status-publish","4":"has-post-thumbnail","6":"product_cat-jeux-montessori-1an-18mois","7":"product_cat-jeux-montessori-18mois-2ans","9":"first","10":"instock","11":"sale","12":"shipping-taxable","13":"purchasable","14":"product-type-variable"},"_links":{"self":[{"href":"https:\/\/das-montessori-spielzeug.de\/de\/wp-json\/wp\/v2\/product\/17085","targetHints":{"allow":["GET"]}}],"collection":[{"href":"https:\/\/das-montessori-spielzeug.de\/de\/wp-json\/wp\/v2\/product"}],"about":[{"href":"https:\/\/das-montessori-spielzeug.de\/de\/wp-json\/wp\/v2\/types\/product"}],"version-history":[{"count":0,"href":"https:\/\/das-montessori-spielzeug.de\/de\/wp-json\/wp\/v2\/product\/17085\/revisions"}],"wp:featuredmedia":[{"embeddable":true,"href":"https:\/\/das-montessori-spielzeug.de\/de\/wp-json\/wp\/v2\/media\/17083"}],"wp:attachment":[{"href":"https:\/\/das-montessori-spielzeug.de\/de\/wp-json\/wp\/v2\/media?parent=17085"}],"wp:term":[{"taxonomy":"product_brand","embeddable":true,"href":"https:\/\/das-montessori-spielzeug.de\/de\/wp-json\/wp\/v2\/product_brand?post=17085"},{"taxonomy":"product_cat","embeddable":true,"href":"https:\/\/das-montessori-spielzeug.de\/de\/wp-json\/wp\/v2\/product_cat?post=17085"},{"taxonomy":"product_tag","embeddable":true,"href":"https:\/\/das-montessori-spielzeug.de\/de\/wp-json\/wp\/v2\/product_tag?post=17085"}],"curies":[{"name":"wp","href":"https:\/\/api.w.org\/{rel}","templated":true}]}}