{"id":17080,"date":"2023-10-12T21:21:07","date_gmt":"2023-10-12T21:21:07","guid":{"rendered":"https:\/\/das-montessori-spielzeug.de\/?post_type=product&#038;p=17080"},"modified":"2024-09-05T23:36:29","modified_gmt":"2024-09-05T22:36:29","slug":"kleine-stapelbare-tiere-aus-silikon","status":"publish","type":"product","link":"https:\/\/das-montessori-spielzeug.de\/de\/product\/kleine-stapelbare-tiere-aus-silikon","title":{"rendered":"Kleine Tiere zum Stapeln aus Silikon"},"content":{"rendered":"<h2>Stapelkreise - Das ultimative Lernspiel<\/h2>\n<p>Bieten Sie Ihren Kindern die M\u00f6glichkeit, sich spielerisch weiterzuentwickeln mit unserem <strong>Kreise zum Stapeln<\/strong> ! Mit einem niedlichen Tierchen auf der Oberseite ausgestattet, f\u00f6rdert dieses Spielzeug die Kreativit\u00e4t und regt gleichzeitig die Sinne Ihres Kindes an.<\/p>\n<ul>\n<li>Garantiertes Erwachen der Sinne dank der <strong>Farbvielfalt<\/strong> und Formen<\/li>\n<li>Entwicklung der <em>Feinmotorik<\/em> und der Hand-Augen-Koordination<\/li>\n<li>Anregung der Vorstellungskraft und <u>kognitive F\u00e4higkeiten<\/u><\/li>\n<\/ul>\n<h3>Ein sicheres und verbindliches Spielzeug<\/h3>\n<p>Diese <em>Kreise zum Stapeln<\/em> sind nicht nur unterhaltsam, sondern auch sehr sicher. Hergestellt aus <strong>hochwertige Materialien<\/strong>Sie entsprechen den europ\u00e4ischen Sicherheitsstandards und sind f\u00fcr kleine, neugierige H\u00e4nde bestens geeignet.<\/p>\n<h2>Ein lustiger Lernbegleiter<\/h2>\n<p>Jeder Stapel stellt eine andere Herausforderung dar, die die Kinder zum logischen Denken motiviert und gleichzeitig Spa\u00df macht. Der kleine Tierkopf auf der Spitze bietet ihnen eine <em>visuelle Belohnung<\/em> wenn es ihnen gelingt, alle Ringe zu stapeln.<\/p>\n<h3>Vergn\u00fcgen und Lernen vereint<\/h3>\n<p>Durch die Verbindung von Lernen und Spa\u00df bietet unser Produkt ein umfassendes Spielerlebnis. So wird der Moment des Spielens zu einem echten <u>Lerngelegenheit<\/u> und aufwachsen und dabei Spa\u00df haben.<\/p>\n<p><strong>Kreise zum Stapeln<\/strong> : das perfekte Geschenk, um Ihren Kindern eine Freude zu machen und ihre Entwicklung zu unterst\u00fctzen. Z\u00f6gern Sie also nicht l\u00e4nger und schenken Sie Ihrem Kind die M\u00f6glichkeit, zu wachsen und sich dabei zu am\u00fcsieren. Legen Sie es jetzt in Ihren Warenkorb!<\/p>","protected":false},"excerpt":{"rendered":"<p>Verwandeln Sie mit unserem ultimativen Lernspiel Spielmomente in bereichernde Lernerfahrungen, <strong>die Kreise zum Stapeln<\/strong> !<\/p>\n<ul>\n<li>Weckt und stimuliert die Sinne<\/li>\n<li>Verbesserung der Feinmotorik<\/li>\n<li>Erh\u00f6ht die kognitiven F\u00e4higkeiten<\/li>\n<\/ul>\n<p>Dieses unverzichtbare Spiel, das Spa\u00df und pers\u00f6nliche Entwicklung miteinander verbindet, wird der perfekte Begleiter f\u00fcr die Entwicklung Ihres Kindes sein. Schenken Sie ihm noch heute diese bereichernde Erfahrung. Legen Sie es jetzt in Ihren Warenkorb!<\/p>","protected":false},"featured_media":17077,"template":"","meta":[],"product_brand":[],"product_cat":[342,343],"product_tag":[],"class_list":{"0":"post-17080","1":"product","2":"type-product","3":"status-publish","4":"has-post-thumbnail","6":"product_cat-jeux-montessori-1an-18mois","7":"product_cat-jeux-montessori-18mois-2ans","9":"first","10":"outofstock","11":"sale","12":"shipping-taxable","13":"purchasable","14":"product-type-variable"},"_links":{"self":[{"href":"https:\/\/das-montessori-spielzeug.de\/de\/wp-json\/wp\/v2\/product\/17080","targetHints":{"allow":["GET"]}}],"collection":[{"href":"https:\/\/das-montessori-spielzeug.de\/de\/wp-json\/wp\/v2\/product"}],"about":[{"href":"https:\/\/das-montessori-spielzeug.de\/de\/wp-json\/wp\/v2\/types\/product"}],"version-history":[{"count":0,"href":"https:\/\/das-montessori-spielzeug.de\/de\/wp-json\/wp\/v2\/product\/17080\/revisions"}],"wp:featuredmedia":[{"embeddable":true,"href":"https:\/\/das-montessori-spielzeug.de\/de\/wp-json\/wp\/v2\/media\/17077"}],"wp:attachment":[{"href":"https:\/\/das-montessori-spielzeug.de\/de\/wp-json\/wp\/v2\/media?parent=17080"}],"wp:term":[{"taxonomy":"product_brand","embeddable":true,"href":"https:\/\/das-montessori-spielzeug.de\/de\/wp-json\/wp\/v2\/product_brand?post=17080"},{"taxonomy":"product_cat","embeddable":true,"href":"https:\/\/das-montessori-spielzeug.de\/de\/wp-json\/wp\/v2\/product_cat?post=17080"},{"taxonomy":"product_tag","embeddable":true,"href":"https:\/\/das-montessori-spielzeug.de\/de\/wp-json\/wp\/v2\/product_tag?post=17080"}],"curies":[{"name":"wp","href":"https:\/\/api.w.org\/{rel}","templated":true}]}}