{"id":17075,"date":"2023-10-12T21:20:58","date_gmt":"2023-10-12T21:20:58","guid":{"rendered":"https:\/\/das-montessori-spielzeug.de\/?post_type=product&#038;p=17075"},"modified":"2025-11-28T15:33:02","modified_gmt":"2025-11-28T14:33:02","slug":"silikonturm-kleiner-teddybar","status":"publish","type":"product","link":"https:\/\/das-montessori-spielzeug.de\/de\/product\/silikonturm-kleiner-teddybar","title":{"rendered":"Silikon-Turm Kleiner B\u00e4r"},"content":{"rendered":"<h2>Verwandeln Sie den Spielmoment mit dem **Bunten B\u00e4ren-Stapelturm**.<\/h2>\n<p>Dieser **Bunte B\u00e4ren-Stapelturm** hat viele Vorteile, die Sie und Ihre Kinder begeistern werden! <\/p>\n<ul>\n<li>\u25cb <strong>Charmantes Design<\/strong> : Sechs Kreise in verschiedenen Farben, die sich \u00fcbereinander legen lassen, ergeben einen niedlichen kleinen B\u00e4renkopf.<\/li>\n<li>\u25cb <em>Weckt die Kreativit\u00e4t<\/em> : Regt zum Nachdenken und Experimentieren an, regt die Fantasie an <\/li>\n<li>\u25cb <u>Sicher und langlebig<\/u> : Hergestellt aus hochwertigen Materialien, um Haltbarkeit und Sicherheit f\u00fcr Ihr Kind zu gew\u00e4hrleisten.<\/li>\n<\/ul>\n<h3>Ein spielerisches Lernmittel<\/h3>\n<p>Ihr **kleiner Schatz** wird nicht nur die Spielzeit genie\u00dfen, sondern auch Formen und Farben mit unserem **Bunten B\u00e4ren-Stapelturm** lernen. Jeder harmonisch gef\u00e4rbte Kreis bietet Ihrem Kind die M\u00f6glichkeit, spielerisch zu entdecken und zu erforschen. <\/p>\n<h3>Sicheres Spielzeug f\u00fcr Kleinkinder<\/h3>\n<p>Jedes Detail des **Bunten B\u00e4ren-Stapelturms** wurde mit Blick auf die Sicherheit Ihres Kindes entworfen. Die abgerundeten Kreise, die ungiftigen Farben und der robuste Kunststoff sorgen daf\u00fcr, dass dieses Spielzeug f\u00fcr viele Jahre zum Lieblingsspielzeug Ihres Kindes wird.<\/p>\n<h2>Schenken Sie Ihrem Kind noch heute den **Bunten B\u00e4ren-Stapelturm**!<\/h2>\n<p>Lassen Sie sich diese Gelegenheit nicht entgehen, um die Spielzeit Ihres Kindes noch besonderer zu gestalten. Klicken Sie jetzt auf die Schaltfl\u00e4che \"In den Warenkorb\" und lassen Sie sich die Ware schnell und direkt nach Hause liefern. Ihr Kind wird es Ihnen danken!<\/p>","protected":false},"excerpt":{"rendered":"<p>Entdecken Sie den unwiderstehlichen Charme des **Bunten B\u00e4renstapelturms** und bestellen Sie ihn noch heute f\u00fcr Ihr Kind!<\/p>\n<ul>\n<li>Ansprechendes, farbenfrohes Design<\/li>\n<li>F\u00f6rdert die Kreativit\u00e4t und das Lernen<\/li>\n<li>Garantierte Sicherheit und Haltbarkeit<\/li>\n<\/ul>\n<p>Dieser einzigartige stapelbare Turm bietet nicht nur stundenlangen Spielspa\u00df, sondern f\u00f6rdert auch die Entwicklung der motorischen und kognitiven F\u00e4higkeiten Ihres Kindes. Der **Bunte B\u00e4ren-Stapelturm** ist das perfekte Geschenk, um die Spielzeit lehrreich und unterhaltsam zu gestalten!<\/p>","protected":false},"featured_media":17072,"template":"","meta":[],"product_brand":[],"product_cat":[342,343],"product_tag":[],"class_list":{"0":"post-17075","1":"product","2":"type-product","3":"status-publish","4":"has-post-thumbnail","6":"product_cat-jeux-montessori-1an-18mois","7":"product_cat-jeux-montessori-18mois-2ans","9":"first","10":"instock","11":"sale","12":"shipping-taxable","13":"purchasable","14":"product-type-variable"},"_links":{"self":[{"href":"https:\/\/das-montessori-spielzeug.de\/de\/wp-json\/wp\/v2\/product\/17075","targetHints":{"allow":["GET"]}}],"collection":[{"href":"https:\/\/das-montessori-spielzeug.de\/de\/wp-json\/wp\/v2\/product"}],"about":[{"href":"https:\/\/das-montessori-spielzeug.de\/de\/wp-json\/wp\/v2\/types\/product"}],"version-history":[{"count":0,"href":"https:\/\/das-montessori-spielzeug.de\/de\/wp-json\/wp\/v2\/product\/17075\/revisions"}],"wp:featuredmedia":[{"embeddable":true,"href":"https:\/\/das-montessori-spielzeug.de\/de\/wp-json\/wp\/v2\/media\/17072"}],"wp:attachment":[{"href":"https:\/\/das-montessori-spielzeug.de\/de\/wp-json\/wp\/v2\/media?parent=17075"}],"wp:term":[{"taxonomy":"product_brand","embeddable":true,"href":"https:\/\/das-montessori-spielzeug.de\/de\/wp-json\/wp\/v2\/product_brand?post=17075"},{"taxonomy":"product_cat","embeddable":true,"href":"https:\/\/das-montessori-spielzeug.de\/de\/wp-json\/wp\/v2\/product_cat?post=17075"},{"taxonomy":"product_tag","embeddable":true,"href":"https:\/\/das-montessori-spielzeug.de\/de\/wp-json\/wp\/v2\/product_tag?post=17075"}],"curies":[{"name":"wp","href":"https:\/\/api.w.org\/{rel}","templated":true}]}}