{"id":17069,"date":"2023-10-12T21:20:48","date_gmt":"2023-10-12T21:20:48","guid":{"rendered":"https:\/\/das-montessori-spielzeug.de\/?post_type=product&#038;p=17069"},"modified":"2023-10-17T14:07:20","modified_gmt":"2023-10-17T14:07:20","slug":"stern-aus-silikon-zum-ubereinanderlegen","status":"publish","type":"product","link":"https:\/\/das-montessori-spielzeug.de\/de\/product\/stern-aus-silikon-zum-ubereinanderlegen","title":{"rendered":"Silikonstern zum \u00dcbereinanderlegen"},"content":{"rendered":"<h2>Erforschen Sie Das Universum In Farbe Mit Den <strong>6 Silikonsterne zum \u00dcbereinanderstapeln!<\/strong><\/h2>\n<p>Sternschnuppen, einen Regenbogen aus Farben und eine Portion Kreativit\u00e4t - das versprechen diese <u>6 Sternformen aus Silikon zum \u00dcbereinanderlegen<\/u>. Jeder Stern ist einzigartig, genau wie Ihr Kind. Hier sind einige atemberaubende Vorteile :<\/p>\n<ul>\n<li>Sinneserweckung durch verschiedene Farben<\/li>\n<li>Die Anregung der Vorstellungskraft<\/li>\n<li>Die Haltbarkeit von hochwertigem Silikon<\/li>\n<\/ul>\n<h2>Spielen, Lernen, Gestalten<\/h2>\n<p>Da sie jeden Elternteil an die eigene Kindheit erinnern, sind diese <i>Silikonsterne<\/i> helfen nicht nur beim Spielen, sondern auch beim Lernen. Sie sind leicht zu greifen und helfen bei der Entwicklung der Feinmotorik. In der faszinierenden Welt der Farben ist jeder Stern eine neue Reise f\u00fcr Ihre Kleinen.<\/p>\n<h3>Ein unendliches Universum Gr\u00fcner Sterne<\/h3>\n<p>Das charmante und ansprechende Design der <i>Silikonsterne<\/i> l\u00e4dt jedes Kind dazu ein, seine eigene Welt zu erschaffen. Stapeln Sie sie, sortieren Sie sie nach Farben oder organisieren Sie sie nach Lust und Laune!<\/p>\n<h2>Ein unwiderstehliches Geschenk<\/h2>\n<p>DER <i>6 Silikonsterne zum \u00dcbereinanderlegen<\/i> sind ein perfektes Geschenk f\u00fcr jeden Anlass. Sie sehen nicht nur gut aus, sondern sind auch unglaublich vielseitig und praktisch.<\/p>\n<h3>Perfekt F\u00fcr Kleine H\u00e4nde<\/h3>\n<p>Mit einer Gr\u00f6\u00dfe, die ideal f\u00fcr kleine H\u00e4nde ist, sind diese Sterne perfekt f\u00fcr den t\u00e4glichen Gebrauch. Sie sind leicht zu reinigen, hygienisch und sicher.<\/p>\n<p><strong>Warten Sie nicht l\u00e4nger und bringen Sie einen Regen von bunten Sternen mit nach Hause. Klicken Sie auf die Schaltfl\u00e4che \"Jetzt kaufen\" und bringen Sie das Herz Ihres Kindes zum Strahlen. W\u00e4hrend es eine Reise in das bunte Universum unternimmt, k\u00f6nnen Sie beobachten, wie sein L\u00e4cheln immer gr\u00f6\u00dfer wird. F\u00f6rdern Sie die Kreativit\u00e4t Ihres Kindes mit den 6 \u00fcbereinanderlegbaren Sternformen aus Silikon.<\/strong><\/p>","protected":false},"excerpt":{"rendered":"<p>Tauchen Sie ein in die faszinierende Welt des Spiels und der Kreativit\u00e4t mit unseren <strong>6 Sternformen aus Silikon zum \u00dcbereinanderlegen<\/strong>. Ein praktisches und \u00e4sthetisches Geschenk, das zu jedem Anlass passt und die sensorische Entwicklung Ihres Kindes f\u00f6rdert.<\/p>\n<ul>\n<li>Anregung der Vorstellungskraft<\/li>\n<li>Hochwertiges Silikon<\/li>\n<li>Perfekt f\u00fcr kleine H\u00e4nde<\/li>\n<\/ul>\n<p>Schenken Sie Ihrem Kind ein farbenfrohes und lehrreiches Erlebnis mit den 6 \u00fcbereinanderlegbaren Sternformen aus Silikon. Das ist viel mehr als nur ein Spiel, es ist eine Einladung zum Gestalten, Erforschen und Lernen. Warten Sie nicht l\u00e4nger, sondern entscheiden Sie sich f\u00fcr einen Stern!<\/p>","protected":false},"featured_media":17066,"template":"","meta":[],"product_brand":[],"product_cat":[342,343],"product_tag":[],"class_list":{"0":"post-17069","1":"product","2":"type-product","3":"status-publish","4":"has-post-thumbnail","6":"product_cat-jeux-montessori-1an-18mois","7":"product_cat-jeux-montessori-18mois-2ans","9":"first","10":"instock","11":"sale","12":"shipping-taxable","13":"purchasable","14":"product-type-simple"},"_links":{"self":[{"href":"https:\/\/das-montessori-spielzeug.de\/de\/wp-json\/wp\/v2\/product\/17069","targetHints":{"allow":["GET"]}}],"collection":[{"href":"https:\/\/das-montessori-spielzeug.de\/de\/wp-json\/wp\/v2\/product"}],"about":[{"href":"https:\/\/das-montessori-spielzeug.de\/de\/wp-json\/wp\/v2\/types\/product"}],"version-history":[{"count":0,"href":"https:\/\/das-montessori-spielzeug.de\/de\/wp-json\/wp\/v2\/product\/17069\/revisions"}],"wp:featuredmedia":[{"embeddable":true,"href":"https:\/\/das-montessori-spielzeug.de\/de\/wp-json\/wp\/v2\/media\/17066"}],"wp:attachment":[{"href":"https:\/\/das-montessori-spielzeug.de\/de\/wp-json\/wp\/v2\/media?parent=17069"}],"wp:term":[{"taxonomy":"product_brand","embeddable":true,"href":"https:\/\/das-montessori-spielzeug.de\/de\/wp-json\/wp\/v2\/product_brand?post=17069"},{"taxonomy":"product_cat","embeddable":true,"href":"https:\/\/das-montessori-spielzeug.de\/de\/wp-json\/wp\/v2\/product_cat?post=17069"},{"taxonomy":"product_tag","embeddable":true,"href":"https:\/\/das-montessori-spielzeug.de\/de\/wp-json\/wp\/v2\/product_tag?post=17069"}],"curies":[{"name":"wp","href":"https:\/\/api.w.org\/{rel}","templated":true}]}}