{"id":17064,"date":"2023-10-12T21:20:39","date_gmt":"2023-10-12T21:20:39","guid":{"rendered":"https:\/\/das-montessori-spielzeug.de\/?post_type=product&#038;p=17064"},"modified":"2025-12-18T11:09:41","modified_gmt":"2025-12-18T10:09:41","slug":"silikonrakete-zum-stapeln","status":"publish","type":"product","link":"https:\/\/das-montessori-spielzeug.de\/de\/product\/silikonrakete-zum-stapeln","title":{"rendered":"Silikonrakete zum Stapeln"},"content":{"rendered":"<p><h2> Entdecken Sie die Magie unserer Raketenkreise mit harmonischen Farben<\/h2><\/p>\n<p>Bringen Sie die <strong>Kreativit\u00e4t<\/strong> und der <em>L\u00e4cheln<\/em> in die Reichweite Ihrer Kinder mit unseren unglaublichen Raketenkreisen. Dieses Lernprodukt <u>einzigartig<\/u> bietet sechs harmonische Kreisformen in verschiedenen Farben, die sich zu einer Rakete stapeln lassen! <\/p>\n<ul>\n<li><strong>Die Vorstellungskraft anregen :<\/strong> Ihre Kleinen k\u00f6nnen schon in jungen Jahren durch die Galaxie reisen. <\/li>\n<li><em>Motorische F\u00e4higkeiten entwickeln :<\/em> Das Stapeln der Kreise f\u00f6rdert die Koordination und Genauigkeit. <\/li>\n<li><u>Unendliches Vergn\u00fcgen :<\/u> Stundenlanger Spa\u00df ist mit dieser farbenfrohen Rakete garantiert.<\/li>\n<\/ul>\n<p><h2>Eine unterhaltsame Lernerfahrung<\/h2><\/p>\n<p>Diese <em>Intelligenzspielzeug<\/em> wird die Vorstellungskraft Ihrer Kleinen anregen und ihnen gleichzeitig helfen <u>gro\u00dfartige F\u00e4higkeiten<\/u> motorischen F\u00e4higkeiten zu f\u00f6rdern. Farbig und harmonisch geben diese Kreisformen eine neue <strong>Bedeutung des Wortes Kreativit\u00e4t<\/strong>.<\/p>\n<p><h3>Ein ideales Geschenk f\u00fcr Kinder<\/h3><\/p>\n<p>Unsere Raketenkreise sind das <strong>Geburtstags- oder Weihnachtsgeschenk<\/strong> ideal. Beeindrucken Sie Ihre Neffen, Nichten oder Ihre eigenen Kinder mit diesem einzigartigen und faszinierenden Spielzeug.<\/p>\n<p><h2>Starten Sie die Rakete in den Himmel der Phantasie<\/h2><\/p>\n<p><h3>Ein sicheres und nachhaltiges Spielzeug<\/h3><\/p>\n<p>Dieses Produkt wurde hergestellt aus Materialien von <strong>hohe Qualit\u00e4t<\/strong> die ihre Langlebigkeit garantieren. Unsere Raketenkreise sind auch <em>sicher f\u00fcr Kinder<\/em>Sie sollten sich so wohl wie m\u00f6glich f\u00fchlen.<\/p>\n<p><strong><em>Warten Sie nicht l\u00e4nger<\/em><\/strong>Wenn Sie diesen bunten Raketenkreis heute in den Warenkorb legen, werden die Augen Ihres Kindes vor Aufregung und Freude leuchten.<\/p>","protected":false},"excerpt":{"rendered":"<p>Nehmen Sie Ihre Kinder mit auf eine spielerische Reise durch den Weltraum mit unseren faszinierenden Harmonic Colours Rocket Circles, einem multidimensionalen Lernmittel, das Spa\u00df und Lernen miteinander verbindet.<\/p>\n<ul>\n<li><strong>Motor der Kreativit\u00e4t<\/strong><\/li>\n<li><em>Sensibilisierung f\u00fcr Farben<\/em><\/li>\n<li><u>Verbessert die Fingerfertigkeit<\/u><\/li>\n<\/ul>\n<p>Unser Raketenkreis erm\u00f6glicht es ihnen nicht nur, ihre grenzenlose Fantasie zu erkunden, sondern bietet Ihren Kindern auch eine faszinierende Einf\u00fchrung in harmonische Farben und hilft ihnen, spielerisch ihre motorische Koordination zu entwickeln.<\/p>","protected":false},"featured_media":17061,"template":"","meta":[],"product_brand":[],"product_cat":[342,343],"product_tag":[],"class_list":{"0":"post-17064","1":"product","2":"type-product","3":"status-publish","4":"has-post-thumbnail","6":"product_cat-jeux-montessori-1an-18mois","7":"product_cat-jeux-montessori-18mois-2ans","9":"first","10":"instock","11":"sale","12":"shipping-taxable","13":"purchasable","14":"product-type-variable"},"_links":{"self":[{"href":"https:\/\/das-montessori-spielzeug.de\/de\/wp-json\/wp\/v2\/product\/17064","targetHints":{"allow":["GET"]}}],"collection":[{"href":"https:\/\/das-montessori-spielzeug.de\/de\/wp-json\/wp\/v2\/product"}],"about":[{"href":"https:\/\/das-montessori-spielzeug.de\/de\/wp-json\/wp\/v2\/types\/product"}],"version-history":[{"count":0,"href":"https:\/\/das-montessori-spielzeug.de\/de\/wp-json\/wp\/v2\/product\/17064\/revisions"}],"wp:featuredmedia":[{"embeddable":true,"href":"https:\/\/das-montessori-spielzeug.de\/de\/wp-json\/wp\/v2\/media\/17061"}],"wp:attachment":[{"href":"https:\/\/das-montessori-spielzeug.de\/de\/wp-json\/wp\/v2\/media?parent=17064"}],"wp:term":[{"taxonomy":"product_brand","embeddable":true,"href":"https:\/\/das-montessori-spielzeug.de\/de\/wp-json\/wp\/v2\/product_brand?post=17064"},{"taxonomy":"product_cat","embeddable":true,"href":"https:\/\/das-montessori-spielzeug.de\/de\/wp-json\/wp\/v2\/product_cat?post=17064"},{"taxonomy":"product_tag","embeddable":true,"href":"https:\/\/das-montessori-spielzeug.de\/de\/wp-json\/wp\/v2\/product_tag?post=17064"}],"curies":[{"name":"wp","href":"https:\/\/api.w.org\/{rel}","templated":true}]}}