{"id":17057,"date":"2023-10-12T21:20:27","date_gmt":"2023-10-12T21:20:27","guid":{"rendered":"https:\/\/das-montessori-spielzeug.de\/?post_type=product&#038;p=17057"},"modified":"2025-10-22T15:44:59","modified_gmt":"2025-10-22T13:44:59","slug":"multiform-silikonturm","status":"publish","type":"product","link":"https:\/\/das-montessori-spielzeug.de\/de\/product\/multiform-silikonturm","title":{"rendered":"Multiform-Stapelturm aus Silikon"},"content":{"rendered":"<h2>Ihr Kind wird sich an den 6 bunten Formen zum Stapeln erfreuen.<\/h2>\n<p> Unser Produkt, die <strong>6 Bunte Formen zum Stapeln<\/strong>Mit diesem Spielzeug kann Ihr Kind stundenlang Spa\u00df haben und kreativ sein. Ein ideales Objekt f\u00fcr die Entwicklung seiner motorischen F\u00e4higkeiten. <\/p>\n<ul>\n<li><strong>Kognitive Stimulation:<\/strong> Jede Form f\u00f6rdert das Lernen und die Wachheit Ihres Kindes.<\/li>\n<li><strong>Unendliche Kreativit\u00e4t:<\/strong> Sechs verschiedene Formen und Farben, um die Fantasie anzuregen.<\/li>\n<li><strong>H\u00f6chste Qualit\u00e4t:<\/strong> Langlebig, strapazierf\u00e4hig und sicher f\u00fcr stundenlangen Spa\u00df.<\/li>\n<\/ul>\n<h2>Ein Lernspielzeug f\u00fcr stundenlangen Spielspa\u00df<\/h2>\n<p> Die 6 Bunten Formen zum Stapeln sind mehr als nur ein Spiel. Jedes dieser sechs einzigartigen Teile bietet Ihrem Kleinkind ein v\u00f6llig neues Abenteuer. Sie sind so konzipiert, dass sie <em>die Wachheit anregen<\/em> und die Neugier Ihres Kindes und hilft ihm, die Welt um sich herum zu entdecken. <\/p>\n<h3>Langlebig und sicher f\u00fcr Ihr Kind<\/h3>\n<p> Die Sicherheit Ihres Kindes steht bei uns an erster Stelle. Die 6 bunten Formen zum Stapeln sind aus hochwertigen Materialien hergestellt, die f\u00fcr ihre <span style=\"text-decoration: underline\">Nachhaltigkeit<\/span> und ihre <span style=\"text-decoration: underline\">Widerstand<\/span>. Ein sicheres und langlebiges Spielzeug, das Ihr Kind jahrelang lieben wird. <\/p>\n<h2>Kaufen Sie die 6 bunten Formen zum Stapeln noch heute<\/h2>\n<h3>Schenken Sie Ihrem Kind ein Spielzeug, das es unterh\u00e4lt und f\u00f6rdert<\/h3>\n<p> Verpassen Sie nicht die Gelegenheit, Ihrem Kleinen dieses perfekte Geschenk zu machen. Ein Spielzeug, das Spa\u00df und die Entwicklung von F\u00e4higkeiten vereint. Warten Sie nicht l\u00e4nger und <strong>F\u00fcgen Sie die 6 bunten Formen zum Stapeln noch heute Ihrem Warenkorb hinzu!<\/strong> <\/p>","protected":false},"excerpt":{"rendered":"<p>Bringen Sie die Kreativit\u00e4t Ihres Kindes mit den 6 Bunten Formen zum Stapeln zum Kochen - ein Spielzeug, das weit mehr als nur Spa\u00df bietet.<\/p>\n<ul>\n<li>Stimuliert die kognitive Wachheit<\/li>\n<li>Ermutigt zu unbegrenzter Kreativit\u00e4t<\/li>\n<li>Sorgt f\u00fcr au\u00dfergew\u00f6hnliche Qualit\u00e4t und Haltbarkeit<\/li>\n<\/ul>\n<p>Mit den 6 bunten Formen zum Stapeln ist jedes St\u00fcck ein neues Lernabenteuer f\u00fcr Ihr Kind. Die Formen sind aus hochwertigen Materialien gefertigt und halten stundenlangem Spielen stand. Warten Sie nicht l\u00e4nger und bereichern Sie die Welt Ihres Kindes noch heute mit diesem einzigartigen Spielzeug!<\/p>","protected":false},"featured_media":17055,"template":"","meta":[],"product_brand":[],"product_cat":[342,343],"product_tag":[],"class_list":{"0":"post-17057","1":"product","2":"type-product","3":"status-publish","4":"has-post-thumbnail","6":"product_cat-jeux-montessori-1an-18mois","7":"product_cat-jeux-montessori-18mois-2ans","9":"first","10":"instock","11":"sale","12":"shipping-taxable","13":"purchasable","14":"product-type-variable"},"_links":{"self":[{"href":"https:\/\/das-montessori-spielzeug.de\/de\/wp-json\/wp\/v2\/product\/17057","targetHints":{"allow":["GET"]}}],"collection":[{"href":"https:\/\/das-montessori-spielzeug.de\/de\/wp-json\/wp\/v2\/product"}],"about":[{"href":"https:\/\/das-montessori-spielzeug.de\/de\/wp-json\/wp\/v2\/types\/product"}],"version-history":[{"count":0,"href":"https:\/\/das-montessori-spielzeug.de\/de\/wp-json\/wp\/v2\/product\/17057\/revisions"}],"wp:featuredmedia":[{"embeddable":true,"href":"https:\/\/das-montessori-spielzeug.de\/de\/wp-json\/wp\/v2\/media\/17055"}],"wp:attachment":[{"href":"https:\/\/das-montessori-spielzeug.de\/de\/wp-json\/wp\/v2\/media?parent=17057"}],"wp:term":[{"taxonomy":"product_brand","embeddable":true,"href":"https:\/\/das-montessori-spielzeug.de\/de\/wp-json\/wp\/v2\/product_brand?post=17057"},{"taxonomy":"product_cat","embeddable":true,"href":"https:\/\/das-montessori-spielzeug.de\/de\/wp-json\/wp\/v2\/product_cat?post=17057"},{"taxonomy":"product_tag","embeddable":true,"href":"https:\/\/das-montessori-spielzeug.de\/de\/wp-json\/wp\/v2\/product_tag?post=17057"}],"curies":[{"name":"wp","href":"https:\/\/api.w.org\/{rel}","templated":true}]}}