{"id":17051,"date":"2023-10-12T21:20:17","date_gmt":"2023-10-12T21:20:17","guid":{"rendered":"https:\/\/das-montessori-spielzeug.de\/?post_type=product&#038;p=17051"},"modified":"2024-12-01T12:46:17","modified_gmt":"2024-12-01T11:46:17","slug":"weiches-silikonherz","status":"publish","type":"product","link":"https:\/\/das-montessori-spielzeug.de\/de\/product\/weiches-silikonherz","title":{"rendered":"Herz aus weichem Silikon"},"content":{"rendered":"<p><h2> Das Stapeln von bunten Herzen: Ein unverzichtbares Lernspielzeug <\/h2><\/p>\n<p>Setzen Sie Ihre Kinder einer bereichernden Lernerfahrung aus mit dem<b>Stapeln von bunten Herzen<\/b>Ein Spielzeug, das die Fantasie der Kinder anregen und ihnen stundenlangen Spa\u00df bereiten soll. Bestehend aus <u>6 Herzen in harmonischen Farben<\/u>Das Buch bietet eine spielerische Herausforderung, die die kognitive Entwicklung Ihrer Kinder f\u00f6rdert.<\/p>\n<ul>\n<li><i>F\u00f6rdert das spielerische Lernen<\/i><\/li>\n<li><b>Hilft bei der Entwicklung der Hand-Augen-Koordination<\/b><\/li>\n<li><u>Regt die Vorstellungskraft und das logische Denken an<\/u><\/li>\n<\/ul>\n<p><h3>Die unbestreitbaren Vorteile f\u00fcr Ihre Kinder<\/h3><\/p>\n<p>Dieses Spiel bietet weit mehr als nur Unterhaltung; es ist ein wichtiges Lernmittel f\u00fcr Ihre Kinder. Sie werden nicht nur Spa\u00df haben, indem sie <b>stapeln die bunten Herzen<\/b>Sie lernen aber auch wertvolle F\u00e4higkeiten, die sie ihr ganzes Leben lang wieder einsetzen k\u00f6nnen.<\/p>\n<p><h2>Ein perfektes Geschenk f\u00fcr Ihre Kinder!<\/h2><\/p>\n<p>Warten Sie nicht l\u00e4nger! Machen Sie Ihren Kindern eine Freude mit diesem Lernspielzeug, das eine verlockende Kombination aus Spa\u00df und Lernen bietet. Jedes Teil wurde sorgf\u00e4ltig entworfen, um ein sicheres Spielerlebnis f\u00fcr Ihre Kinder zu gew\u00e4hrleisten. Die <u>Stacking-Spiel mit bunten Herzen ist ein ideales Geschenk<\/u> um die fr\u00fche Entwicklung Ihrer Kinder zu f\u00f6rdern.<\/p>\n<p><h3>Eine Welt voller Farben und Entdeckungen<\/h3><\/p>\n<p>Bieten Sie ihnen die Chance, eine Welt der Farben und Formen zu erkunden und ihre <u>kreative Vorstellungskraft<\/u>. Mit jedem gestapelten Herz entdecken sie, wie Farben und Formen kombiniert werden k\u00f6nnen, um etwas Au\u00dfergew\u00f6hnliches zu schaffen.<\/p>\n<p><b><i>Warten Sie nicht l\u00e4nger!<\/i><\/b> F\u00fcgen Sie den <b>stapelspielzeug mit bunten herzen<\/b> jetzt in Ihren Warenkorb und bieten Sie Ihren Kindern ein unvergleichliches Lernerlebnis.<\/p>","protected":false},"excerpt":{"rendered":"<p>Begeben Sie sich auf eine bunte Reise des spielerischen Lernens mit unserem <b>stapelspiel mit bunten herzen<\/b>!<\/p>\n<ul>\n<li><i>F\u00f6rdert die kognitive Entwicklung<\/i><\/li>\n<li><b>Regt die kreative Vorstellungskraft an<\/b><\/li>\n<li><u>St\u00e4rkt die Hand-Augen-Koordination<\/u><\/li>\n<\/ul>\n<p>Vom Spa\u00df bis zur Bildung bietet unser Spielzeug einen umfassenden Ansatz, der Ihre Kinder dazu anregt, die Welt um sie herum auf interessantere und interaktive Weise zu erforschen und zu verstehen. Es ist mehr als nur ein Spielzeug, es ist ein Wachstumsbegleiter f\u00fcr Ihre Kleinen.<\/p>","protected":false},"featured_media":17047,"template":"","meta":[],"product_brand":[],"product_cat":[342,343],"product_tag":[],"class_list":{"0":"post-17051","1":"product","2":"type-product","3":"status-publish","4":"has-post-thumbnail","6":"product_cat-jeux-montessori-1an-18mois","7":"product_cat-jeux-montessori-18mois-2ans","9":"first","10":"instock","11":"sale","12":"shipping-taxable","13":"purchasable","14":"product-type-variable"},"_links":{"self":[{"href":"https:\/\/das-montessori-spielzeug.de\/de\/wp-json\/wp\/v2\/product\/17051","targetHints":{"allow":["GET"]}}],"collection":[{"href":"https:\/\/das-montessori-spielzeug.de\/de\/wp-json\/wp\/v2\/product"}],"about":[{"href":"https:\/\/das-montessori-spielzeug.de\/de\/wp-json\/wp\/v2\/types\/product"}],"version-history":[{"count":0,"href":"https:\/\/das-montessori-spielzeug.de\/de\/wp-json\/wp\/v2\/product\/17051\/revisions"}],"wp:featuredmedia":[{"embeddable":true,"href":"https:\/\/das-montessori-spielzeug.de\/de\/wp-json\/wp\/v2\/media\/17047"}],"wp:attachment":[{"href":"https:\/\/das-montessori-spielzeug.de\/de\/wp-json\/wp\/v2\/media?parent=17051"}],"wp:term":[{"taxonomy":"product_brand","embeddable":true,"href":"https:\/\/das-montessori-spielzeug.de\/de\/wp-json\/wp\/v2\/product_brand?post=17051"},{"taxonomy":"product_cat","embeddable":true,"href":"https:\/\/das-montessori-spielzeug.de\/de\/wp-json\/wp\/v2\/product_cat?post=17051"},{"taxonomy":"product_tag","embeddable":true,"href":"https:\/\/das-montessori-spielzeug.de\/de\/wp-json\/wp\/v2\/product_tag?post=17051"}],"curies":[{"name":"wp","href":"https:\/\/api.w.org\/{rel}","templated":true}]}}