{"id":17043,"date":"2023-10-12T21:20:07","date_gmt":"2023-10-12T21:20:07","guid":{"rendered":"https:\/\/das-montessori-spielzeug.de\/?post_type=product&#038;p=17043"},"modified":"2025-10-25T19:19:08","modified_gmt":"2025-10-25T17:19:08","slug":"silikonturm-zum-stapeln-dreiecksform","status":"publish","type":"product","link":"https:\/\/das-montessori-spielzeug.de\/de\/product\/silikonturm-zum-stapeln-dreiecksform","title":{"rendered":"Silikonturm zum Stapeln Dreieckige Form"},"content":{"rendered":"<h2>Entdecken Sie die 6 dreieckigen Formen aus Weichsilikon zum Stapeln<\/h2>\n<p>Erwecken Sie die Kreativit\u00e4t Ihrer Kinder zum Leben mit diesen <strong>6 dreieckige Formen aus weichem Silikon zum Stapeln<\/strong>. Sie sind aus weichem, langlebigem Material gefertigt und versprechen stundenlangen, gesunden und lehrreichen Spielspa\u00df. <\/p>\n<ul>\n<li><strong>F\u00f6rdert die Kreativit\u00e4t :<\/strong> Durch das Spielen entwickeln Ihre Kinder ihre Vorstellungskraft.<\/li>\n<li><strong>Erzieherisch :<\/strong> Diese bunten Dreiecke sind ausgezeichnete Hilfsmittel, um Farben und Formen zu lernen.<\/li>\n<li><strong>Sicheres Material :<\/strong> Aus weichem Silikon hergestellt, sind sie sicher f\u00fcr Kinder und halten jedem robusten Spiel stand.<\/li>\n<\/ul>\n<h2>Erstellen, Spielen, Lernen<\/h2>\n<p>Verabschieden Sie sich von der Langeweile und begr\u00fc\u00dfen Sie stundenlangen Spa\u00df mit den <i>6 dreieckige Formen aus weichem Silikon zum Stapeln<\/i>. Mit einer Vielzahl von Farben und der M\u00f6glichkeit, sie nach Belieben zu stapeln, werden Ihre Kinder nie genug von diesen Spielzeugen bekommen. Sie eignen sich hervorragend, um die Feinmotorik und das Erkennen von Formen zu f\u00f6rdern.<\/p>\n<h3>Eine perfekte Wahl f\u00fcr Eltern<\/h3>\n<p>Als Eltern wissen Sie, wie wichtig es ist, Ihren Kindern die besten Werkzeuge f\u00fcr ihre Entwicklung an die Hand zu geben. Die <b>6 dreieckige Formen aus weichem Silikon zum Stapeln<\/b> erf\u00fcllen dieses Ziel und sorgen gleichzeitig daf\u00fcr, dass Ihre Kinder Spa\u00df haben! <\/p>\n<h2>Verwandeln Sie die Spielzeit in eine Fun-Lernerfahrung<\/h2>\n<h3>Warten Sie nicht l\u00e4nger, sondern legen Sie sie noch heute in Ihren Warenkorb!<\/h3>\n<p><u>Zaubert ein L\u00e4cheln auf das Gesicht Ihres Kindes<\/u>. Bestellen Sie jetzt die 6 dreieckigen Formen aus weichem Silikon zum Stapeln. Lassen Sie sich diese Gelegenheit nicht entgehen, die Spielzeit Ihrer Kinder zu bereichern und gleichzeitig ihre Kreativit\u00e4t zu f\u00f6rdern. Kaufen Sie es noch heute und sehen Sie, wie Ihre Kinder Tag f\u00fcr Tag aufbl\u00fchen. <\/p>","protected":false},"excerpt":{"rendered":"<p>\"Stopp der Langeweile, Platz f\u00fcr Kreativit\u00e4t mit den 6 dreieckigen Formen aus weichem Silikon zum Stapeln! Ihr Kind wird diese ansprechenden und lehrreichen Lernhilfen lieben. \"<\/p>\n<p>- Unendliche Spielbarkeit: Die M\u00f6glichkeiten zum Experimentieren sind unbegrenzt.<br \/>\n- F\u00f6rdert das Lernen: Hilft beim Erkennen von Farben und Formen.<br \/>\n- Garantierte Sicherheit: Aus weichem, haltbarem Silikon hergestellt, ist dieses Produkt f\u00fcr die Ewigkeit gemacht, ohne ein Risiko f\u00fcr Ihre Kleinen darzustellen.<\/p>","protected":false},"featured_media":17041,"template":"","meta":[],"product_brand":[],"product_cat":[342,343],"product_tag":[],"class_list":{"0":"post-17043","1":"product","2":"type-product","3":"status-publish","4":"has-post-thumbnail","6":"product_cat-jeux-montessori-1an-18mois","7":"product_cat-jeux-montessori-18mois-2ans","9":"first","10":"instock","11":"sale","12":"shipping-taxable","13":"purchasable","14":"product-type-variable"},"_links":{"self":[{"href":"https:\/\/das-montessori-spielzeug.de\/de\/wp-json\/wp\/v2\/product\/17043","targetHints":{"allow":["GET"]}}],"collection":[{"href":"https:\/\/das-montessori-spielzeug.de\/de\/wp-json\/wp\/v2\/product"}],"about":[{"href":"https:\/\/das-montessori-spielzeug.de\/de\/wp-json\/wp\/v2\/types\/product"}],"version-history":[{"count":0,"href":"https:\/\/das-montessori-spielzeug.de\/de\/wp-json\/wp\/v2\/product\/17043\/revisions"}],"wp:featuredmedia":[{"embeddable":true,"href":"https:\/\/das-montessori-spielzeug.de\/de\/wp-json\/wp\/v2\/media\/17041"}],"wp:attachment":[{"href":"https:\/\/das-montessori-spielzeug.de\/de\/wp-json\/wp\/v2\/media?parent=17043"}],"wp:term":[{"taxonomy":"product_brand","embeddable":true,"href":"https:\/\/das-montessori-spielzeug.de\/de\/wp-json\/wp\/v2\/product_brand?post=17043"},{"taxonomy":"product_cat","embeddable":true,"href":"https:\/\/das-montessori-spielzeug.de\/de\/wp-json\/wp\/v2\/product_cat?post=17043"},{"taxonomy":"product_tag","embeddable":true,"href":"https:\/\/das-montessori-spielzeug.de\/de\/wp-json\/wp\/v2\/product_tag?post=17043"}],"curies":[{"name":"wp","href":"https:\/\/api.w.org\/{rel}","templated":true}]}}