{"id":17034,"date":"2023-10-12T21:19:48","date_gmt":"2023-10-12T21:19:48","guid":{"rendered":"https:\/\/das-montessori-spielzeug.de\/?post_type=product&#038;p=17034"},"modified":"2026-03-31T09:59:12","modified_gmt":"2026-03-31T07:59:12","slug":"set-aus-weichen-stapelbehaltern-aus-silikon","status":"publish","type":"product","link":"https:\/\/das-montessori-spielzeug.de\/de\/product\/set-aus-weichen-stapelbehaltern-aus-silikon","title":{"rendered":"Flexibler Stapelbeh\u00e4lter-Satz aus Silikon"},"content":{"rendered":"<h2>Inspirieren Sie den Einfallsreichtum Ihres Kindes mit den 7 verschiedenfarbigen Bl\u00f6cken, die gestapelt oder ineinander gesteckt werden k\u00f6nnen.<\/h2>\n<p>Diese <b>7 Bl\u00f6cke in verschiedenen Farben<\/b> zu stapeln oder zu verschachteln ist das ideale Spiel, das den <u>kreatives Talent<\/u> Ihres Kindes bei jeder Benutzung. Beachten Sie auch, dass diese Bl\u00f6cke <i>in den Boden gebohrt<\/i> um Wasser oder Licht durchzulassen.<\/p>\n<ul>\n<li><b>Steigert die Vorstellungskraft :<\/b> Die verschiedenen Arten des Stapelns erm\u00f6glichen es Ihrem Kind, jedes Mal neue Strukturen zu schaffen.<\/li>\n<li><b>P\u00e4dagogisch wertvoll und unterhaltsam :<\/b> Die 7 verschiedenen Farben regen die Erkennung von Farben und Formen an.<\/li>\n<li><b>Polysensorik :<\/b> Der Durchgang von Wasser oder Licht durch die Bl\u00f6cke bietet eine einzigartige Sinneserfahrung<\/li>\n<\/ul>\n<h2>Innovation in Bildung und Freizeit<\/h2>\n<p>Abgesehen vom Spa\u00df, den diese Bl\u00f6cke bereiten, sind sie auch ein guter Rahmen f\u00fcr die<b>spielerisches Lernen<\/b>. Ihr Kind wird Spa\u00df daran haben, die verschiedenen Kombinationen zu erforschen, w\u00e4hrend es gleichzeitig seine Probleml\u00f6sungskompetenz und sein r\u00e4umliches Denken st\u00e4rkt.<\/p>\n<h3>Verbinden Sie Lernen mit Spa\u00df<\/h3>\n<p>Stellen Sie sich das Staunen in den Augen Ihres Kleinen vor, wenn er die <u>Magie der gemischten Farben<\/u> sowohl bei Tageslicht als auch im Licht einer Lampe. Au\u00dferdem wird er den Regeneffekt genie\u00dfen, wenn er in der Badewanne spielt.<\/p>\n<h2>Holen Sie sich jetzt unser Spa\u00dfprodukt in die H\u00e4nde!<\/h2>\n<h3>Lassen Sie sich diese fabelhafte Gelegenheit nicht entgehen!<\/h3>\n<p>Machen Sie das Lernen Ihres Kindes zu einer <b>Abenteuer<\/b> t\u00e4glich, indem Sie ihm die 7 verschiedenfarbigen Bl\u00f6cke zum Stapeln oder Ineinanderstecken schenken. Warten Sie nicht zu lange, Ihre <u>magische Momente<\/u> mit der ganzen Familie warten auf Sie, <i>es ist Zeit zu handeln<\/i> und von <strong>jetzt bestellen<\/strong>!<\/p>","protected":false},"excerpt":{"rendered":"<p>F\u00f6rdern Sie den Einfallsreichtum Ihres Kindes mit unserem innovativen Spiel mit 7 stapelbaren und ineinandergreifenden Bl\u00f6cken!<\/p>\n<ul>\n<li>Steigert die kreative Vorstellungskraft<\/li>\n<li>St\u00e4rkt die kognitiven F\u00e4higkeiten<\/li>\n<li>Einzigartige Sinneserfahrung<\/li>\n<\/ul>","protected":false},"featured_media":17033,"template":"","meta":[],"product_brand":[],"product_cat":[342,343],"product_tag":[],"class_list":{"0":"post-17034","1":"product","2":"type-product","3":"status-publish","4":"has-post-thumbnail","6":"product_cat-jeux-montessori-1an-18mois","7":"product_cat-jeux-montessori-18mois-2ans","9":"first","10":"instock","11":"sale","12":"shipping-taxable","13":"purchasable","14":"product-type-variable"},"_links":{"self":[{"href":"https:\/\/das-montessori-spielzeug.de\/de\/wp-json\/wp\/v2\/product\/17034","targetHints":{"allow":["GET"]}}],"collection":[{"href":"https:\/\/das-montessori-spielzeug.de\/de\/wp-json\/wp\/v2\/product"}],"about":[{"href":"https:\/\/das-montessori-spielzeug.de\/de\/wp-json\/wp\/v2\/types\/product"}],"version-history":[{"count":0,"href":"https:\/\/das-montessori-spielzeug.de\/de\/wp-json\/wp\/v2\/product\/17034\/revisions"}],"wp:featuredmedia":[{"embeddable":true,"href":"https:\/\/das-montessori-spielzeug.de\/de\/wp-json\/wp\/v2\/media\/17033"}],"wp:attachment":[{"href":"https:\/\/das-montessori-spielzeug.de\/de\/wp-json\/wp\/v2\/media?parent=17034"}],"wp:term":[{"taxonomy":"product_brand","embeddable":true,"href":"https:\/\/das-montessori-spielzeug.de\/de\/wp-json\/wp\/v2\/product_brand?post=17034"},{"taxonomy":"product_cat","embeddable":true,"href":"https:\/\/das-montessori-spielzeug.de\/de\/wp-json\/wp\/v2\/product_cat?post=17034"},{"taxonomy":"product_tag","embeddable":true,"href":"https:\/\/das-montessori-spielzeug.de\/de\/wp-json\/wp\/v2\/product_tag?post=17034"}],"curies":[{"name":"wp","href":"https:\/\/api.w.org\/{rel}","templated":true}]}}