{"id":16544,"date":"2023-09-26T19:49:10","date_gmt":"2023-09-26T19:49:10","guid":{"rendered":"https:\/\/das-montessori-spielzeug.de\/?post_type=product&#038;p=16544"},"modified":"2025-10-05T10:12:23","modified_gmt":"2025-10-05T08:12:23","slug":"personalisierte-decke-bebe-nouveau-ne","status":"publish","type":"product","link":"https:\/\/das-montessori-spielzeug.de\/de\/product\/personalisierte-decke-bebe-nouveau-ne","title":{"rendered":"Personalisierte Baby- und Neugeborenendecke"},"content":{"rendered":"<h2>\u00a0Eine einzigartige personalisierte Decke f\u00fcr Ihren Schatz<\/h2>\n<p>G\u00f6nnen Sie Ihrem Baby einen kuscheligen Start mit unserem <strong>Personalisierte Babydecke<\/strong>. Diese Plaiddecke, die mit dem Namen Ihres Babys und einem s\u00fc\u00dfen Design verziert ist, soll W\u00e4rme und Komfort bieten. Die <em>extra weicher Stoff<\/em> streichelt die zarte Babyhaut und schafft einen weichen Kokon um das Baby herum.<\/p>\n<ul>\n<li><strong>Ungleicher Komfort :<\/strong> Die umh\u00fcllende Weichheit beruhigt und tr\u00f6stet das Baby und f\u00f6rdert einen ruhigen Schlaf.<\/li>\n<li><strong>Individuelles Design :<\/strong> Der Vorname des Babys und das niedliche Design verleihen dem Umschlag eine pers\u00f6nliche Note und machen ihn zu einem unverwechselbaren Artikel.<\/li>\n<li><strong>Precious Souvenir :<\/strong> Es ist mehr als nur eine Decke, es ist ein Erbe aus ihrer Kindheit.<\/li>\n<\/ul>\n<h2><\/h2>\n<h2><a href=\"https:\/\/das-montessori-spielzeug.de\/wp-content\/uploads\/2023\/09\/flanelle_douce.webp\"><img fetchpriority=\"high\" decoding=\"async\" class=\"wp-image-16618 aligncenter\" src=\"https:\/\/das-montessori-spielzeug.de\/wp-content\/uploads\/2023\/09\/flanelle_douce.webp\" alt=\"Ein Set aus personalisierten Baby- und Neugeborenen-Decken mit den Worten Familie weich und bequem.\" width=\"546\" height=\"513\" title=\"\" srcset=\"https:\/\/das-montessori-spielzeug.de\/wp-content\/uploads\/2023\/09\/flanelle_douce.webp 800w, https:\/\/das-montessori-spielzeug.de\/wp-content\/uploads\/2023\/09\/flanelle_douce-319x300.webp 319w, https:\/\/das-montessori-spielzeug.de\/wp-content\/uploads\/2023\/09\/flanelle_douce-768x722.webp 768w, https:\/\/das-montessori-spielzeug.de\/wp-content\/uploads\/2023\/09\/flanelle_douce-430x404.webp 430w, https:\/\/das-montessori-spielzeug.de\/wp-content\/uploads\/2023\/09\/flanelle_douce-700x658.webp 700w, https:\/\/das-montessori-spielzeug.de\/wp-content\/uploads\/2023\/09\/flanelle_douce-150x141.webp 150w\" sizes=\"(max-width: 546px) 100vw, 546px\" \/><\/a><\/h2>\n<h2><\/h2>\n<h2>Schaffen Sie unvergessliche Momente<\/h2>\n<p>Jede Falte der <strong>Personalisierte Babydecke<\/strong> erz\u00e4hlt eine Geschichte und f\u00e4ngt das Lachen und die ersten Bewegungen des Babys ein. Es ist mehr als ein Accessoire, es ist eine <em>greifbare Umarmung<\/em> das mit Ihrem Kind w\u00e4chst und an die Liebe und Z\u00e4rtlichkeit der ersten Tage erinnert.<\/p>\n<h3>Ein Stoff, so weich wie eine Liebkosung<\/h3>\n<p>Die hohe Qualit\u00e4t des Stoffes sorgt f\u00fcr eine <strong>dauerhafte Weichheit<\/strong>So bleibt die Z\u00e4rtlichkeit, die Ihr Baby bei jeder Ber\u00fchrung sp\u00fcrt, erhalten.<\/p>\n<h2><a href=\"https:\/\/das-montessori-spielzeug.de\/wp-content\/uploads\/2023\/09\/benefices.webp\"><img decoding=\"async\" class=\"wp-image-16617 aligncenter\" src=\"https:\/\/das-montessori-spielzeug.de\/wp-content\/uploads\/2023\/09\/benefices.webp\" alt=\"Eine Frau mit einer Personalisierten Baby- und Neugeborenen-Decke vor einer Waschmaschine.\" width=\"571\" height=\"571\" title=\"\" srcset=\"https:\/\/das-montessori-spielzeug.de\/wp-content\/uploads\/2023\/09\/benefices.webp 1000w, https:\/\/das-montessori-spielzeug.de\/wp-content\/uploads\/2023\/09\/benefices-300x300.webp 300w, https:\/\/das-montessori-spielzeug.de\/wp-content\/uploads\/2023\/09\/benefices-800x800.webp 800w, https:\/\/das-montessori-spielzeug.de\/wp-content\/uploads\/2023\/09\/benefices-150x150.webp 150w, https:\/\/das-montessori-spielzeug.de\/wp-content\/uploads\/2023\/09\/benefices-768x768.webp 768w, https:\/\/das-montessori-spielzeug.de\/wp-content\/uploads\/2023\/09\/benefices-40x40.webp 40w, https:\/\/das-montessori-spielzeug.de\/wp-content\/uploads\/2023\/09\/benefices-132x132.webp 132w, https:\/\/das-montessori-spielzeug.de\/wp-content\/uploads\/2023\/09\/benefices-860x860.webp 860w, https:\/\/das-montessori-spielzeug.de\/wp-content\/uploads\/2023\/09\/benefices-430x430.webp 430w, https:\/\/das-montessori-spielzeug.de\/wp-content\/uploads\/2023\/09\/benefices-700x700.webp 700w\" sizes=\"(max-width: 571px) 100vw, 571px\" \/><\/a><\/h2>\n<h2>Ein s\u00fc\u00dfes Erbe<\/h2>\n<p>Die <strong>Personalisierte Babydecke<\/strong> ist mehr als ein Geschenk, es ist ein <em>kostbare Erinnerung<\/em> das die Zeit \u00fcberdauert. Jedes Detail, vom Babynamen bis zur niedlichen Zeichnung, ist eine Feier der Unschuld und der Freude, die das Baby in Ihr Leben bringt.<\/p>\n<h3>Eine Investition in Gl\u00fcck<\/h3>\n<p>Diese Decke ist ein <strong>Investition in Gl\u00fcck<\/strong>Das ist eine besondere Verbindung zwischen Ihnen und Ihrem Baby, eine Verbindung, die von s\u00fc\u00dfen Erinnerungen und warmen Momenten gepr\u00e4gt ist.<\/p>\n<p>Verpassen Sie nicht die Gelegenheit, Ihrem Baby einen <strong>einzigartiges Geschenk<\/strong> die ein Leben lang halten wird. Bestellen Sie Ihre selbst gestaltete Babydecke noch heute und halten Sie diese kostbaren Momente f\u00fcr immer in Ehren.<\/p>\n<p><a href=\"https:\/\/das-montessori-spielzeug.de\/wp-content\/uploads\/2023\/09\/S1ee98a2b4b6e4e92b0a8db4a35f64399H-3.webp\"><img decoding=\"async\" class=\"wp-image-16545 aligncenter\" src=\"https:\/\/das-montessori-spielzeug.de\/wp-content\/uploads\/2023\/09\/S1ee98a2b4b6e4e92b0a8db4a35f64399H-3.webp\" alt=\"Eine Decke mit einem Elefanten auf dem Mond und den Sternen.\" width=\"664\" height=\"664\" title=\"\" srcset=\"https:\/\/das-montessori-spielzeug.de\/wp-content\/uploads\/2023\/09\/S1ee98a2b4b6e4e92b0a8db4a35f64399H-3.webp 800w, https:\/\/das-montessori-spielzeug.de\/wp-content\/uploads\/2023\/09\/S1ee98a2b4b6e4e92b0a8db4a35f64399H-3-300x300.webp 300w, https:\/\/das-montessori-spielzeug.de\/wp-content\/uploads\/2023\/09\/S1ee98a2b4b6e4e92b0a8db4a35f64399H-3-150x150.webp 150w, https:\/\/das-montessori-spielzeug.de\/wp-content\/uploads\/2023\/09\/S1ee98a2b4b6e4e92b0a8db4a35f64399H-3-768x768.webp 768w, https:\/\/das-montessori-spielzeug.de\/wp-content\/uploads\/2023\/09\/S1ee98a2b4b6e4e92b0a8db4a35f64399H-3-40x40.webp 40w, https:\/\/das-montessori-spielzeug.de\/wp-content\/uploads\/2023\/09\/S1ee98a2b4b6e4e92b0a8db4a35f64399H-3-132x132.webp 132w, https:\/\/das-montessori-spielzeug.de\/wp-content\/uploads\/2023\/09\/S1ee98a2b4b6e4e92b0a8db4a35f64399H-3-430x430.webp 430w, https:\/\/das-montessori-spielzeug.de\/wp-content\/uploads\/2023\/09\/S1ee98a2b4b6e4e92b0a8db4a35f64399H-3-700x700.webp 700w\" sizes=\"(max-width: 664px) 100vw, 664px\" \/><\/a><\/p>","protected":false},"excerpt":{"rendered":"<ul>\n<li>Extra weicher Flanell<\/li>\n<li>Individuelles und einzigartiges Design<\/li>\n<li>Ein wunderbares Andenken<\/li>\n<\/ul>","protected":false},"featured_media":16534,"template":"","meta":[],"product_brand":[],"product_cat":[392,361,403,335,342,277],"product_tag":[],"class_list":{"0":"post-16544","1":"product","2":"type-product","3":"status-publish","4":"has-post-thumbnail","6":"product_cat-apprentissage-autonomie","7":"product_cat-jouet-tissu","8":"product_cat-vie-pratique","9":"product_cat-jeux-montessori-0-3mois","10":"product_cat-jeux-montessori-1an-18mois","11":"product_cat-tapis-de-sol","13":"first","14":"outofstock","15":"sale","16":"shipping-taxable","17":"purchasable","18":"product-type-variable"},"_links":{"self":[{"href":"https:\/\/das-montessori-spielzeug.de\/de\/wp-json\/wp\/v2\/product\/16544","targetHints":{"allow":["GET"]}}],"collection":[{"href":"https:\/\/das-montessori-spielzeug.de\/de\/wp-json\/wp\/v2\/product"}],"about":[{"href":"https:\/\/das-montessori-spielzeug.de\/de\/wp-json\/wp\/v2\/types\/product"}],"version-history":[{"count":0,"href":"https:\/\/das-montessori-spielzeug.de\/de\/wp-json\/wp\/v2\/product\/16544\/revisions"}],"wp:featuredmedia":[{"embeddable":true,"href":"https:\/\/das-montessori-spielzeug.de\/de\/wp-json\/wp\/v2\/media\/16534"}],"wp:attachment":[{"href":"https:\/\/das-montessori-spielzeug.de\/de\/wp-json\/wp\/v2\/media?parent=16544"}],"wp:term":[{"taxonomy":"product_brand","embeddable":true,"href":"https:\/\/das-montessori-spielzeug.de\/de\/wp-json\/wp\/v2\/product_brand?post=16544"},{"taxonomy":"product_cat","embeddable":true,"href":"https:\/\/das-montessori-spielzeug.de\/de\/wp-json\/wp\/v2\/product_cat?post=16544"},{"taxonomy":"product_tag","embeddable":true,"href":"https:\/\/das-montessori-spielzeug.de\/de\/wp-json\/wp\/v2\/product_tag?post=16544"}],"curies":[{"name":"wp","href":"https:\/\/api.w.org\/{rel}","templated":true}]}}