{"id":16305,"date":"2023-09-22T22:50:52","date_gmt":"2023-09-22T22:50:52","guid":{"rendered":"https:\/\/das-montessori-spielzeug.de\/?post_type=product&#038;p=16305"},"modified":"2023-10-17T14:04:18","modified_gmt":"2023-10-17T14:04:18","slug":"stempel-vorname-kleidung","status":"publish","type":"product","link":"https:\/\/das-montessori-spielzeug.de\/de\/product\/stempel-vorname-kleidung","title":{"rendered":"Vornamenstempel f\u00fcr Kleidung \u2013 schnell, klar und langlebig"},"content":{"rendered":"<h3><strong>Stempel Vorname Kleidung : F\u00fcgen Sie den Namen Ihres Kindes zu jedem Kleidungsst\u00fcck oder Gegenstand hinzu!<\/strong><\/h3>\n<p>Verwandeln Sie das Gew\u00f6hnliche in etwas Au\u00dfergew\u00f6hnliches mit unserem innovativen und lustigen Stempel Vorname Kleidung! Er ist mehr als nur ein einfaches Markierungstool, er ist eine liebenswerte und einzigartige M\u00f6glichkeit, die Sachen Ihrer Kinder zu personalisieren.<\/p>\n<p><a href=\"https:\/\/das-montessori-spielzeug.de\/wp-content\/uploads\/2023\/09\/gif2-1.webp\"><img fetchpriority=\"high\" decoding=\"async\" class=\"size-full wp-image-16371 aligncenter\" src=\"https:\/\/das-montessori-spielzeug.de\/wp-content\/uploads\/2023\/09\/gif2-1.webp\" alt=\"\" width=\"270\" height=\"480\" title=\"\"><\/a><\/p>\n<ul>\n<li><strong>Langfristige Markierung<\/strong> : Entwickelt, um mehr als 1000 Waschg\u00e4ngen standzuhalten und so die Dauerhaftigkeit der Markierung zu gew\u00e4hrleisten.<\/li>\n<li><strong>Schnelle Anwendung<\/strong> : Mit einer sekundenschnellen Anwendung ist es die perfekte Wahl f\u00fcr einen hektischen Morgen.<\/li>\n<li><strong>Einzigartiges Design<\/strong> : Jeder Stempel spiegelt mit seinem Vornamen einen einzigartigen und pers\u00f6nlichen Charakter wider.<\/li>\n<\/ul>\n<p><a href=\"https:\/\/das-montessori-spielzeug.de\/wp-content\/uploads\/2023\/09\/gif4.webp\"><img decoding=\"async\" class=\"size-full wp-image-16366 aligncenter\" src=\"https:\/\/das-montessori-spielzeug.de\/wp-content\/uploads\/2023\/09\/gif4.webp\" alt=\"\" width=\"480\" height=\"480\" title=\"\"><\/a><\/p>\n<h3><strong>Eine spielerische und lehrreiche Erfahrung<\/strong><\/h3>\n<h4><strong>Mit Spa\u00df f\u00fcr Unabh\u00e4ngigkeit werben<\/strong><\/h4>\n<p>Mit unserem Stempel Vorname Kleidung ermutigen Sie Ihre Kinder, auf ihre Sachen aufzupassen und dabei Spa\u00df zu haben. Der Stempel ist eine gro\u00dfartige M\u00f6glichkeit, Unabh\u00e4ngigkeit und Verantwortung von klein auf zu f\u00f6rdern und den Prozess gleichzeitig lehrreich und unterhaltsam zu gestalten.<\/p>\n<p><a href=\"https:\/\/das-montessori-spielzeug.de\/wp-content\/uploads\/2023\/09\/stamp1.webp\"><img decoding=\"async\" class=\"size-full wp-image-16370 aligncenter\" src=\"https:\/\/das-montessori-spielzeug.de\/wp-content\/uploads\/2023\/09\/stamp1.webp\" alt=\"Eine Person h\u00e4lt einen Stempel Vorname Kleidung - Schnell und best\u00e4ndig gegen +1000 W\u00e4schen, der besagt, dass Freunde alle Farben haben.\" width=\"480\" height=\"480\" title=\"\" srcset=\"https:\/\/das-montessori-spielzeug.de\/wp-content\/uploads\/2023\/09\/stamp1.webp 480w, https:\/\/das-montessori-spielzeug.de\/wp-content\/uploads\/2023\/09\/stamp1-300x300.webp 300w, https:\/\/das-montessori-spielzeug.de\/wp-content\/uploads\/2023\/09\/stamp1-150x150.webp 150w, https:\/\/das-montessori-spielzeug.de\/wp-content\/uploads\/2023\/09\/stamp1-40x40.webp 40w, https:\/\/das-montessori-spielzeug.de\/wp-content\/uploads\/2023\/09\/stamp1-132x132.webp 132w, https:\/\/das-montessori-spielzeug.de\/wp-content\/uploads\/2023\/09\/stamp1-430x430.webp 430w\" sizes=\"(max-width: 480px) 100vw, 480px\" \/><\/a><\/p>\n<h4><strong>\u00d6konomisch und \u00f6kologisch<\/strong><\/h4>\n<p>Verabschieden Sie sich von Einweg-Klebeetiketten! Unser Stempel ist eine nachhaltige und umweltfreundliche Alternative. Eine kleine Anfangsinvestition f\u00fcr einen l\u00e4ngeren Seelenfrieden.<\/p>\n<h3><strong>H\u00f6chste Qualit\u00e4t, garantierte Zufriedenheit<\/strong><\/h3>\n<h4><strong>Pr\u00e4zises und zuverl\u00e4ssiges Design<\/strong><\/h4>\n<p>Jeder Stempel ist so konzipiert, dass er eine optimale Markierungsgenauigkeit und eine au\u00dfergew\u00f6hnliche Haltbarkeit bietet. Die klaren Konturen und die deutliche Markierung sorgen f\u00fcr eine leichte Lesbarkeit, w\u00e4hrend die Robustheit des Stempels eine lange Nutzungsdauer garantiert.<\/p>\n<p><a href=\"https:\/\/das-montessori-spielzeug.de\/wp-content\/uploads\/2023\/09\/stamp_gif.webp\"><img loading=\"lazy\" decoding=\"async\" class=\"size-full wp-image-16369 aligncenter\" src=\"https:\/\/das-montessori-spielzeug.de\/wp-content\/uploads\/2023\/09\/stamp_gif.webp\" alt=\"\" width=\"270\" height=\"480\" title=\"\"><\/a><\/p>\n<h4><strong>Ein praktisches und charmantes Geschenk<\/strong><\/h4>\n<p>Verschenken Sie einen Stempel mit Vornamen f\u00fcr Kleidung als ideales Geschenk f\u00fcr Eltern, Lehrer oder Kinder. Es ist eine kreative und n\u00fctzliche M\u00f6glichkeit, die Individualit\u00e4t zu feiern und gleichzeitig den t\u00e4glichen Umgang mit Kleidung zu vereinfachen.<\/p>\n<h3><strong>Verpacken Sie die Personalisierung in jede Markierung!<\/strong><\/h3>\n<p>Erleben Sie die einfache Freude, die der Stempel Vorname Kleidung bei jedem Gebrauch bereitet. Er ist mehr als ein Werkzeug, er ist eine lustige und praktische Erg\u00e4nzung der t\u00e4glichen Routine. Lassen Sie sich die Gelegenheit nicht entgehen, die Verwaltung von Kleidung und pers\u00f6nlichen Gegenst\u00e4nden unterhaltsamer und kreativer zu gestalten. Bestellen Sie Ihren noch heute und enth\u00fcllen Sie die Einzigartigkeit jedes Outfits!<\/p>\n<p><a href=\"https:\/\/das-montessori-spielzeug.de\/wp-content\/uploads\/2023\/09\/Tampon-prenom-utilisations-1.webp\"><img loading=\"lazy\" decoding=\"async\" class=\"size-full wp-image-16376 aligncenter\" src=\"https:\/\/das-montessori-spielzeug.de\/wp-content\/uploads\/2023\/09\/Tampon-prenom-utilisations-1.webp\" alt=\"Ein Foto eines Stempels Vorname Kleidung - Schnell, klar und widerstandsf\u00e4hig, der eine Tasche und andere Gegenst\u00e4nde tr\u00e4gt.\" width=\"480\" height=\"480\" title=\"\" srcset=\"https:\/\/das-montessori-spielzeug.de\/wp-content\/uploads\/2023\/09\/Tampon-prenom-utilisations-1.webp 480w, https:\/\/das-montessori-spielzeug.de\/wp-content\/uploads\/2023\/09\/Tampon-prenom-utilisations-1-300x300.webp 300w, https:\/\/das-montessori-spielzeug.de\/wp-content\/uploads\/2023\/09\/Tampon-prenom-utilisations-1-150x150.webp 150w, https:\/\/das-montessori-spielzeug.de\/wp-content\/uploads\/2023\/09\/Tampon-prenom-utilisations-1-40x40.webp 40w, https:\/\/das-montessori-spielzeug.de\/wp-content\/uploads\/2023\/09\/Tampon-prenom-utilisations-1-132x132.webp 132w, https:\/\/das-montessori-spielzeug.de\/wp-content\/uploads\/2023\/09\/Tampon-prenom-utilisations-1-430x430.webp 430w\" sizes=\"(max-width: 480px) 100vw, 480px\" \/><\/a><\/p>","protected":false},"excerpt":{"rendered":"<ul>\n<li>Langlebige Markierung: Entwickelt, um mehr als 1000 Waschg\u00e4ngen standzuhalten<\/li>\n<li>Schnelle Anwendung: Anwendung in 2 Sekunden<\/li>\n<li>Pers\u00f6nlich: Jeder Stempel ist einzigartig f\u00fcr Ihr Kind<\/li>\n<\/ul>","protected":false},"featured_media":16304,"template":"","meta":[],"product_brand":[],"product_cat":[392,344,345],"product_tag":[],"class_list":{"0":"post-16305","1":"product","2":"type-product","3":"status-publish","4":"has-post-thumbnail","6":"product_cat-apprentissage-autonomie","7":"product_cat-jeux-montessori-2ans-3-ans","8":"product_cat-jeux-montessori-3ans-4-ans","10":"first","11":"instock","12":"sale","13":"shipping-taxable","14":"purchasable","15":"product-type-variable"},"_links":{"self":[{"href":"https:\/\/das-montessori-spielzeug.de\/de\/wp-json\/wp\/v2\/product\/16305","targetHints":{"allow":["GET"]}}],"collection":[{"href":"https:\/\/das-montessori-spielzeug.de\/de\/wp-json\/wp\/v2\/product"}],"about":[{"href":"https:\/\/das-montessori-spielzeug.de\/de\/wp-json\/wp\/v2\/types\/product"}],"version-history":[{"count":0,"href":"https:\/\/das-montessori-spielzeug.de\/de\/wp-json\/wp\/v2\/product\/16305\/revisions"}],"wp:featuredmedia":[{"embeddable":true,"href":"https:\/\/das-montessori-spielzeug.de\/de\/wp-json\/wp\/v2\/media\/16304"}],"wp:attachment":[{"href":"https:\/\/das-montessori-spielzeug.de\/de\/wp-json\/wp\/v2\/media?parent=16305"}],"wp:term":[{"taxonomy":"product_brand","embeddable":true,"href":"https:\/\/das-montessori-spielzeug.de\/de\/wp-json\/wp\/v2\/product_brand?post=16305"},{"taxonomy":"product_cat","embeddable":true,"href":"https:\/\/das-montessori-spielzeug.de\/de\/wp-json\/wp\/v2\/product_cat?post=16305"},{"taxonomy":"product_tag","embeddable":true,"href":"https:\/\/das-montessori-spielzeug.de\/de\/wp-json\/wp\/v2\/product_tag?post=16305"}],"curies":[{"name":"wp","href":"https:\/\/api.w.org\/{rel}","templated":true}]}}