{"id":15860,"date":"2023-08-30T23:28:16","date_gmt":"2023-08-30T23:28:16","guid":{"rendered":"https:\/\/das-montessori-spielzeug.de\/?post_type=product&#038;p=15860"},"modified":"2025-11-24T16:01:46","modified_gmt":"2025-11-24T15:01:46","slug":"weihnachtsbaum-filz-26-stuck-girlande","status":"publish","type":"product","link":"https:\/\/das-montessori-spielzeug.de\/de\/product\/weihnachtsbaum-filz-26-stuck-girlande","title":{"rendered":"Weihnachtsbaum aus Filz - 95cm - 26 Deko-Teile | ANGEBOT : LED-Lichterkette"},"content":{"rendered":"<h2>Schaffen Sie magische Erinnerungen mit unserem Weihnachtsbaum aus Filz!<\/h2>\n<p>Feiern Sie den Weihnachtszauber mit der ganzen Familie mit unserem Weihnachtsbaum. Dies ist nicht nur eine festliche Dekoration, sondern auch eine wunderbare M\u00f6glichkeit, Ihr Kind seinen eigenen Weihnachtsbaum schm\u00fccken zu lassen<\/p>\n<ul>\n<li><strong>Engagement von Kindern<\/strong>: Lassen Sie Ihre Kinder ihren eigenen Weihnachtsbaum schm\u00fccken und ihre Kreativit\u00e4t f\u00f6rdern.<\/li>\n<li><strong>Festliche Dekoration<\/strong>: Verleiht jedem Raum im Haus eine festliche und warme Note.<\/li>\n<li><strong>\u00d6kologisch<\/strong>: Hergestellt aus ungiftigem und umweltfreundlichem Filz.<\/li>\n<\/ul>\n<p><strong><img fetchpriority=\"high\" decoding=\"async\" class=\"aligncenter\" src=\"https:\/\/ae01.alicdn.com\/kf\/S776f138f54c44a30979428d3c997eaf1w.jpg\" width=\"651\" height=\"651\" alt=\"\" title=\"\"><\/strong><\/p>\n<h2>Ein kreatives und umweltfreundliches Weihnachtsfest<\/h2>\n<h3>Kreativit\u00e4t und Souvenirs<\/h3>\n<p>Es ist nicht nur eine Dekoration, sondern auch eine M\u00f6glichkeit, die Fantasie Ihrer Kinder anzuregen und gleichzeitig wertvolle Erinnerungen zu schaffen. Der Baum enth\u00e4lt Ornamente, die Ihre Kinder frei kratzen k\u00f6nnen und so ihr eigenes Meisterwerk erschaffen.<\/p>\n<p><img decoding=\"async\" class=\"aligncenter\" src=\"https:\/\/ae01.alicdn.com\/kf\/S0782c5d5c0f847aa9764b7677b536597V.jpg\" width=\"648\" height=\"648\" alt=\"\" title=\"\"><\/p>\n<h3>Praktisch und wiederverwendbar<\/h3>\n<p>Der Weihnachtsbaum aus Filz l\u00e4sst sich leicht zusammenbauen, auseinandernehmen und verstauen. Die Dekorationsteile k\u00f6nnen so oft aufgestellt und vor allem verschoben werden, wie Ihr Kind es m\u00f6chte. So kann es seiner Kreativit\u00e4t freien Lauf lassen und Ihnen jeden Tag eine neue Dekoration vorschlagen!<\/p>\n<h2>Spezifikationen:<\/h2>\n<ul>\n<li>Typ: Weihnachtsbaum aus Filz<\/li>\n<li>Menge: 1 Tannenbaum + 26 Dekorationsst\u00fccke<\/li>\n<li>Material: Filz<\/li>\n<li>Gr\u00f6\u00dfe: 95 cm<\/li>\n<li>ANGEBOT: Lichterkette<\/li>\n<\/ul>\n<p><img decoding=\"async\" class=\"aligncenter\" src=\"https:\/\/ae01.alicdn.com\/kf\/Sf0048b37261243c9b479c911efeb535eZ.jpg\" width=\"653\" height=\"653\" alt=\"\" title=\"\"><\/p>\n<h2>Das perfekte Geschenk f\u00fcr ein Weihnachtsfest mit der Familie!<\/h2>\n<p>Geben Sie Ihren Kindern die M\u00f6glichkeit, ihre eigene Weihnachtsdekoration zu gestalten. Dies ist ein Geschenk, das ihre Kreativit\u00e4t f\u00f6rdert und gleichzeitig Ihrem Zuhause einen festlichen Touch verleiht.<\/p>\n<p>Bestellen Sie noch heute und schaffen Sie unvergessliche Erinnerungen mit Ihren Kindern an diesem Weihnachtsfest!<\/p>\n<p>&nbsp;<\/p>","protected":false},"excerpt":{"rendered":"<ul>\n<li><strong>Engagement der Kinder f\u00fcr den Weihnachtsbaum<\/strong><\/li>\n<li><strong>Festliche und ungef\u00e4hrliche Dekoration<br \/>\n<\/strong><\/li>\n<li><strong>Aus wiederverwendbarem Filz<\/strong><\/li>\n<li>\ud83c\udf81 <strong>ANGEBOT: Lichterkette\u00a0<\/strong><\/li>\n<\/ul>","protected":false},"featured_media":76703,"template":"","meta":[],"product_brand":[],"product_cat":[361,343,344,345,346],"product_tag":[],"class_list":{"0":"post-15860","1":"product","2":"type-product","3":"status-publish","4":"has-post-thumbnail","6":"product_cat-jouet-tissu","7":"product_cat-jeux-montessori-18mois-2ans","8":"product_cat-jeux-montessori-2ans-3-ans","9":"product_cat-jeux-montessori-3ans-4-ans","10":"product_cat-jeux-montessori-4ans-5-plus-ans","12":"first","13":"instock","14":"sale","15":"shipping-taxable","16":"purchasable","17":"product-type-simple"},"_links":{"self":[{"href":"https:\/\/das-montessori-spielzeug.de\/de\/wp-json\/wp\/v2\/product\/15860","targetHints":{"allow":["GET"]}}],"collection":[{"href":"https:\/\/das-montessori-spielzeug.de\/de\/wp-json\/wp\/v2\/product"}],"about":[{"href":"https:\/\/das-montessori-spielzeug.de\/de\/wp-json\/wp\/v2\/types\/product"}],"version-history":[{"count":0,"href":"https:\/\/das-montessori-spielzeug.de\/de\/wp-json\/wp\/v2\/product\/15860\/revisions"}],"wp:featuredmedia":[{"embeddable":true,"href":"https:\/\/das-montessori-spielzeug.de\/de\/wp-json\/wp\/v2\/media\/76703"}],"wp:attachment":[{"href":"https:\/\/das-montessori-spielzeug.de\/de\/wp-json\/wp\/v2\/media?parent=15860"}],"wp:term":[{"taxonomy":"product_brand","embeddable":true,"href":"https:\/\/das-montessori-spielzeug.de\/de\/wp-json\/wp\/v2\/product_brand?post=15860"},{"taxonomy":"product_cat","embeddable":true,"href":"https:\/\/das-montessori-spielzeug.de\/de\/wp-json\/wp\/v2\/product_cat?post=15860"},{"taxonomy":"product_tag","embeddable":true,"href":"https:\/\/das-montessori-spielzeug.de\/de\/wp-json\/wp\/v2\/product_tag?post=15860"}],"curies":[{"name":"wp","href":"https:\/\/api.w.org\/{rel}","templated":true}]}}