{"id":15796,"date":"2023-08-27T12:21:18","date_gmt":"2023-08-27T12:21:18","guid":{"rendered":"https:\/\/das-montessori-spielzeug.de\/?post_type=product&#038;p=15796"},"modified":"2026-03-13T20:23:47","modified_gmt":"2026-03-13T19:23:47","slug":"magnetisches-labyrinth-aus-holz-montessori-puzzle","status":"publish","type":"product","link":"https:\/\/das-montessori-spielzeug.de\/de\/product\/magnetisches-labyrinth-aus-holz-montessori-puzzle","title":{"rendered":"Magnetisches Labyrinth aus Holz \u2013 Montessori-Puzzle"},"content":{"rendered":"<h2>Verwandeln Sie die Spielzeit in Lernzeit mit dem magnetischen Holzlabyrinth<\/h2>\n<p>Pr\u00e4sentieren wir den <strong>Magnetisches Labyrinth aus Holz - Montessori Puzzle - Kleiner Zug<\/strong>Ein Spielzeug, das mehr kann als nur unterhalten. Dieses magnetische Puzzle <em>regt den Geist an<\/em> Ihres Kindes und bietet gleichzeitig stundenlangen Spa\u00df.<\/p>\n<ul>\n<li><strong>Verbessert die Koordination<\/strong> Auge-Hand<\/li>\n<li>St\u00e4rkt die <em>Verst\u00e4ndnis des dreidimensionalen Raums<\/em><\/li>\n<li>Unterrichtet die <strong>Geduld<\/strong> und Beharrlichkeit<\/li>\n<\/ul>\n<p><img decoding=\"async\" src=\"https:\/\/ae01.alicdn.com\/kf\/Se3b4c15feb9142ccad2174d63e67c3e6Y.jpg\" alt=\"\" title=\"\"><\/p>\n<h2>Ein Montessori-Spielzeug f\u00fcr aktives Lernen<\/h2>\n<p>Entwickelt f\u00fcr <em>Kinder im Vorschulalter<\/em>Dieses Montessori-Puzzle ermutigt Ihr Kind zu Folgendem <strong>kontrollieren<\/strong> und <strong>ausgleichen<\/strong> die Perlen mit dem Magnetstift durch das Labyrinth. Dies ist eine lustige Herausforderung, die <em>regt den Intellekt an<\/em> und entwickelt die <strong>Geduld<\/strong>.<\/p>\n<h3>Qualit\u00e4t und Sicherheit an erster Stelle<\/h3>\n<p>Unser magnetisches Labyrinth aus Holz ist <strong>aus hochwertigem Holz hergestellt<\/strong>Die meisten von ihnen haben eine <em>Nachhaltigkeit<\/em> und eine <strong>Sicherheit<\/strong> optimal f\u00fcr Ihr Kind. Die glatte, gratfreie Oberfl\u00e4che sch\u00fctzt die kleinen H\u00e4nde vor Kratzern.<\/p>\n<h3>Ein perfektes Geschenk f\u00fcr kleine Entdecker<\/h3>\n<p>Machen Sie Ihrem Kind das Geschenk des aktiven Lernens. Dieses Montessori-Puzzle ist das <strong>perfektes Geschenk<\/strong> f\u00fcr kleine Entdecker und ermutigt sie dazu <em>entdecken<\/em>, <strong>lernen<\/strong> und <em>sich am\u00fcsieren<\/em>.<\/p>\n<h2>Bestellen Sie das Magnetische Labyrinth aus Holz noch heute<\/h2>\n<p>Lassen Sie sich diese Chance nicht entgehen, Ihrem Kind ein Spielzeug zu schenken, das <strong>stimuliert<\/strong> seinen Intellekt und unterh\u00e4lt ihn gleichzeitig. <em>Bestellen Sie das Magnetische Holzlabyrinth - Montessori-Puzzle - Kleiner Zug noch heute<\/em> und verwandeln Sie die Spielzeit in Lernzeit.<\/p>\n<p>Diese Beschreibung soll Besucher fesseln und sie zum Kauf des Produkts anregen. Sie hebt die Vorteile des Produkts hervor, verwendet spezifische Montessori-relevante W\u00f6rter und enth\u00e4lt am Ende eine Handlungsaufforderung.<\/p>","protected":false},"excerpt":{"rendered":"<ul>\n<li>Verbessert die Hand-Augen-Koordination<\/li>\n<li>St\u00e4rkt das Verst\u00e4ndnis f\u00fcr den dreidimensionalen Raum<\/li>\n<li>Lehrt Geduld und Ausdauer<\/li>\n<\/ul>","protected":false},"featured_media":15795,"template":"","meta":[],"product_brand":[],"product_cat":[374,343,344],"product_tag":[],"class_list":{"0":"post-15796","1":"product","2":"type-product","3":"status-publish","4":"has-post-thumbnail","6":"product_cat-jeu-adresse","7":"product_cat-jeux-montessori-18mois-2ans","8":"product_cat-jeux-montessori-2ans-3-ans","10":"first","11":"instock","12":"sale","13":"shipping-taxable","14":"purchasable","15":"product-type-variable"},"_links":{"self":[{"href":"https:\/\/das-montessori-spielzeug.de\/de\/wp-json\/wp\/v2\/product\/15796","targetHints":{"allow":["GET"]}}],"collection":[{"href":"https:\/\/das-montessori-spielzeug.de\/de\/wp-json\/wp\/v2\/product"}],"about":[{"href":"https:\/\/das-montessori-spielzeug.de\/de\/wp-json\/wp\/v2\/types\/product"}],"version-history":[{"count":0,"href":"https:\/\/das-montessori-spielzeug.de\/de\/wp-json\/wp\/v2\/product\/15796\/revisions"}],"wp:featuredmedia":[{"embeddable":true,"href":"https:\/\/das-montessori-spielzeug.de\/de\/wp-json\/wp\/v2\/media\/15795"}],"wp:attachment":[{"href":"https:\/\/das-montessori-spielzeug.de\/de\/wp-json\/wp\/v2\/media?parent=15796"}],"wp:term":[{"taxonomy":"product_brand","embeddable":true,"href":"https:\/\/das-montessori-spielzeug.de\/de\/wp-json\/wp\/v2\/product_brand?post=15796"},{"taxonomy":"product_cat","embeddable":true,"href":"https:\/\/das-montessori-spielzeug.de\/de\/wp-json\/wp\/v2\/product_cat?post=15796"},{"taxonomy":"product_tag","embeddable":true,"href":"https:\/\/das-montessori-spielzeug.de\/de\/wp-json\/wp\/v2\/product_tag?post=15796"}],"curies":[{"name":"wp","href":"https:\/\/api.w.org\/{rel}","templated":true}]}}