{"id":15779,"date":"2023-08-27T12:12:38","date_gmt":"2023-08-27T12:12:38","guid":{"rendered":"https:\/\/das-montessori-spielzeug.de\/?post_type=product&#038;p=15779"},"modified":"2025-04-06T17:44:33","modified_gmt":"2025-04-06T15:44:33","slug":"magnetisches-lernspielzeug-fur-den-bau","status":"publish","type":"product","link":"https:\/\/das-montessori-spielzeug.de\/de\/product\/magnetisches-lernspielzeug-fur-den-bau","title":{"rendered":"P\u00e4dagogisches magnetisches Konstruktionsspielzeug"},"content":{"rendered":"<h2>Magnetisches Lernbaukastenspielzeug: Das perfekte Werkzeug f\u00fcr die F\u00f6rderung Ihres Kindes<\/h2>\n<p>F\u00fchren Sie Ihr Kind in die faszinierende Welt der <strong>Aufbau<\/strong> und der <em>Kreativit\u00e4t<\/em> mit unserem magnetischen Lernspielzeug. Dieses Spielzeug wurde speziell zur Anregung der Vorstellungskraft entwickelt und bietet :<\/p>\n<ul>\n<li><strong>Kreatives Erwachen<\/strong> : Entfesseln Sie die angeborene Kreativit\u00e4t Ihres Kindes.<\/li>\n<li><em>Montessori-Lernen<\/em> : F\u00f6rdert die Selbstst\u00e4ndigkeit und das Entdecken.<\/li>\n<li>H\u00f6chste Qualit\u00e4t: Garantierte Haltbarkeit und Sicherheit f\u00fcr stundenlanges Spielvergn\u00fcgen.<\/li>\n<\/ul>\n<p><a href=\"https:\/\/das-montessori-spielzeug.de\/wp-content\/uploads\/2023\/08\/construction-mettalique-tous-les-ages.webp\"><img fetchpriority=\"high\" decoding=\"async\" class=\"alignnone size-full wp-image-16472\" src=\"https:\/\/das-montessori-spielzeug.de\/wp-content\/uploads\/2023\/08\/construction-mettalique-tous-les-ages.webp\" alt=\"Ein Kind spielt mit dem p\u00e4dagogischen Magnetbauspielzeug.\" width=\"800\" height=\"800\" title=\"\" srcset=\"https:\/\/das-montessori-spielzeug.de\/wp-content\/uploads\/2023\/08\/construction-mettalique-tous-les-ages.webp 800w, https:\/\/das-montessori-spielzeug.de\/wp-content\/uploads\/2023\/08\/construction-mettalique-tous-les-ages-300x300.webp 300w, https:\/\/das-montessori-spielzeug.de\/wp-content\/uploads\/2023\/08\/construction-mettalique-tous-les-ages-150x150.webp 150w, https:\/\/das-montessori-spielzeug.de\/wp-content\/uploads\/2023\/08\/construction-mettalique-tous-les-ages-768x768.webp 768w, https:\/\/das-montessori-spielzeug.de\/wp-content\/uploads\/2023\/08\/construction-mettalique-tous-les-ages-40x40.webp 40w, https:\/\/das-montessori-spielzeug.de\/wp-content\/uploads\/2023\/08\/construction-mettalique-tous-les-ages-132x132.webp 132w, https:\/\/das-montessori-spielzeug.de\/wp-content\/uploads\/2023\/08\/construction-mettalique-tous-les-ages-430x430.webp 430w, https:\/\/das-montessori-spielzeug.de\/wp-content\/uploads\/2023\/08\/construction-mettalique-tous-les-ages-700x700.webp 700w\" sizes=\"(max-width: 800px) 100vw, 800px\" \/><\/a><\/p>\n<p>&nbsp;<\/p>\n<h2>Eine Reise in die Welt der **Montessori-Kreativit\u00e4t**.<\/h2>\n<p>Jedes magnetische Teil ist so gestaltet, dass es inspiriert und erzieht. Ihr Kind wird die Freude am Bauen von <strong>Strukturen<\/strong> und gleichzeitig seine Feinmotorik zu entwickeln. Dieses Spielzeug ist viel mehr als nur ein Spiel, es ist eine Einf\u00fchrung in die Methode <em>Montessori<\/em>, die weltweit f\u00fcr ihren Bildungsansatz anerkannt ist.<\/p>\n<p><img decoding=\"async\" src=\"https:\/\/ae01.alicdn.com\/kf\/S445db3c6a5bb4c5b906348436eca3d51i.jpg\" alt=\"\" title=\"\"><\/p>\n<h3>Geeignet f\u00fcr moderne Eltern<\/h3>\n<p>Als Eltern in den Drei\u00dfigern suchen Sie nach Spielzeug, das sowohl Unterhaltung als auch Bildung bietet. Dieses magnetische Lernspielzeug erf\u00fcllt diese Anforderungen perfekt und l\u00e4sst sich zudem leicht verstauen und transportieren.<\/p>\n<p><img decoding=\"async\" src=\"https:\/\/ae01.alicdn.com\/kf\/Sb026b09748d343c19668eb23b6b7d159G.jpg\" alt=\"\" title=\"\"><\/p>\n<h3>Verwandeln Sie die Spielzeit in einen Lernmoment<\/h3>\n<p>Jede Spielsitzung wird zu einer Lernm\u00f6glichkeit. Ihr Kind entwickelt seine Logik, seine <strong>Koordinierung<\/strong> und seine <em>Kreativit\u00e4t<\/em>und dabei Spa\u00df haben.<\/p>\n<p>Warten Sie nicht l\u00e4nger! Geben Sie Ihrem Kind die M\u00f6glichkeit, sich mit dem <strong>P\u00e4dagogisches magnetisches Konstruktionsspielzeug<\/strong>. <a href=\"#\">Bestellen Sie jetzt!<\/a><\/p>\n<p><img decoding=\"async\" src=\"https:\/\/ae01.alicdn.com\/kf\/S44c4e402de7241c9a267ffb10f149dd7c.jpg\" alt=\"\" title=\"\"><\/p>","protected":false},"excerpt":{"rendered":"<ul>\n<li>Kreatives Erwachen: Entfesseln Sie die angeborene Kreativit\u00e4t Ihres Kindes.<\/li>\n<li>Montessori-Lernen: F\u00f6rdert die Selbstst\u00e4ndigkeit und das Entdecken.<\/li>\n<li>H\u00f6chste Qualit\u00e4t: Garantierte Haltbarkeit und Sicherheit f\u00fcr stundenlanges Spielvergn\u00fcgen.<\/li>\n<\/ul>","protected":false},"featured_media":15778,"template":"","meta":[],"product_brand":[],"product_cat":[374,367,358,359,368,354,344,345],"product_tag":[],"class_list":{"0":"post-15779","1":"product","2":"type-product","3":"status-publish","4":"has-post-thumbnail","6":"product_cat-jeu-adresse","7":"product_cat-jeu-construction","8":"product_cat-jeu-logique","9":"product_cat-jouet-assemblage","10":"product_cat-jouet-empilement","11":"product_cat-jouet-construction","12":"product_cat-jeux-montessori-2ans-3-ans","13":"product_cat-jeux-montessori-3ans-4-ans","15":"first","16":"outofstock","17":"shipping-taxable","18":"purchasable","19":"product-type-variable"},"_links":{"self":[{"href":"https:\/\/das-montessori-spielzeug.de\/de\/wp-json\/wp\/v2\/product\/15779","targetHints":{"allow":["GET"]}}],"collection":[{"href":"https:\/\/das-montessori-spielzeug.de\/de\/wp-json\/wp\/v2\/product"}],"about":[{"href":"https:\/\/das-montessori-spielzeug.de\/de\/wp-json\/wp\/v2\/types\/product"}],"version-history":[{"count":0,"href":"https:\/\/das-montessori-spielzeug.de\/de\/wp-json\/wp\/v2\/product\/15779\/revisions"}],"wp:featuredmedia":[{"embeddable":true,"href":"https:\/\/das-montessori-spielzeug.de\/de\/wp-json\/wp\/v2\/media\/15778"}],"wp:attachment":[{"href":"https:\/\/das-montessori-spielzeug.de\/de\/wp-json\/wp\/v2\/media?parent=15779"}],"wp:term":[{"taxonomy":"product_brand","embeddable":true,"href":"https:\/\/das-montessori-spielzeug.de\/de\/wp-json\/wp\/v2\/product_brand?post=15779"},{"taxonomy":"product_cat","embeddable":true,"href":"https:\/\/das-montessori-spielzeug.de\/de\/wp-json\/wp\/v2\/product_cat?post=15779"},{"taxonomy":"product_tag","embeddable":true,"href":"https:\/\/das-montessori-spielzeug.de\/de\/wp-json\/wp\/v2\/product_tag?post=15779"}],"curies":[{"name":"wp","href":"https:\/\/api.w.org\/{rel}","templated":true}]}}