{"id":15602,"date":"2023-08-16T08:52:32","date_gmt":"2023-08-16T08:52:32","guid":{"rendered":"https:\/\/das-montessori-spielzeug.de\/?post_type=product&#038;p=15602"},"modified":"2024-01-14T11:08:29","modified_gmt":"2024-01-14T11:08:29","slug":"personalisierter-rucksack-teddybar-madchen-jungen","status":"publish","type":"product","link":"https:\/\/das-montessori-spielzeug.de\/de\/product\/personalisierter-rucksack-teddybar-madchen-jungen","title":{"rendered":"Personalisierter Teddyb\u00e4r-Rucksack f\u00fcr M\u00e4dchen und Jungen"},"content":{"rendered":"<h2>Personalisierter Teddyb\u00e4r Rucksack: Die perfekte Wahl f\u00fcr Ihr Kind<\/h2>\n<p>Geben Sie Ihrem Kind den perfekten Begleiter f\u00fcr seine t\u00e4glichen Abenteuer mit unserem <strong>Rucksack Pl\u00fcschb\u00e4r Personalisiert<\/strong>. Diese Vorschultasche wurde speziell f\u00fcr Kleinkinder entworfen und ist gleichzeitig <em>s\u00fc\u00df<\/em> und funktional.<\/p>\n<ul>\n<li><strong>Individuell anpassbar<\/strong>: F\u00fcgen Sie den Namen Ihres Kindes f\u00fcr eine einzigartige Note hinzu.<\/li>\n<li><strong>Praxis<\/strong>: Perfekt f\u00fcr die Schule, Reisen oder Familienausfl\u00fcge.<\/li>\n<li><strong>Nachhaltig<\/strong>: Hergestellt aus hochwertigem Canvas, um den Abenteuern des Alltags standzuhalten.<\/li>\n<\/ul>\n<p><img decoding=\"async\" src=\"https:\/\/ae01.alicdn.com\/kf\/Hdf9cc4a7cf1d4cc3a1fd2ea6d3fe175ay.jpg\" alt=\"\" title=\"\"><\/p>\n<h3>Einzigartiges Design f\u00fcr Kleine Entdecker<\/h3>\n<p>Erh\u00e4ltlich in vielen leuchtenden Farben wie Gelb, Schwarz, Pink, Rot und Gr\u00fcn, ist dieser Rucksack <em>Montessori<\/em> wurde entwickelt, um die Fantasie Ihres Kindes anzuregen. Mit seinem vertikalen quadratischen Stil ist es gleichzeitig <strong>l\u00e4ssig<\/strong> und vielseitig, ideal f\u00fcr alle Jahreszeiten, auch f\u00fcr den Winter.<\/p>\n<p><img decoding=\"async\" src=\"https:\/\/ae01.alicdn.com\/kf\/Hdf13eabedebd486bb7dfe1660adc6c4eb.jpg\" alt=\"\" title=\"\"><\/p>\n<h3>Mehr als eine einfache Tasche<\/h3>\n<p>Dank ihrer vielf\u00e4ltigen Verwendungsm\u00f6glichkeiten kann diese Tasche als Umh\u00e4ngetasche, Rucksack oder sogar als Tasche mit Obergriff getragen werden. Dank ihrer kompakten Gr\u00f6\u00dfe von 20*27*10cm ist sie leicht zu transportieren und bietet gleichzeitig gen\u00fcgend Platz f\u00fcr alle wichtigen Dinge Ihres Kindes.<\/p>\n<h2>Schenken Sie Ihrem Kind das Beste<\/h2>\n<p>Jedes Kind verdient eine Tasche, die seine einzigartige Pers\u00f6nlichkeit widerspiegelt. Mit unserem Rucksack Teddyb\u00e4r Selbstgestaltet wird sich Ihr Kind jeden Tag als etwas Besonderes f\u00fchlen. <strong>Bestellen Sie jetzt<\/strong> und sehen Sie das L\u00e4cheln auf dem Gesicht Ihres Kindes!<\/p>\n<p>&nbsp;<\/p>","protected":false},"excerpt":{"rendered":"<ul>\n<li><strong>Individuell anpassbar<\/strong><\/li>\n<li><strong>Praxis<\/strong><\/li>\n<li><strong>Nachhaltig<\/strong><\/li>\n<\/ul>","protected":false},"featured_media":15601,"template":"","meta":[],"product_brand":[],"product_cat":[392,403],"product_tag":[],"class_list":{"0":"post-15602","1":"product","2":"type-product","3":"status-publish","4":"has-post-thumbnail","6":"product_cat-apprentissage-autonomie","7":"product_cat-vie-pratique","9":"first","10":"outofstock","11":"sale","12":"shipping-taxable","13":"purchasable","14":"product-type-variable"},"_links":{"self":[{"href":"https:\/\/das-montessori-spielzeug.de\/de\/wp-json\/wp\/v2\/product\/15602","targetHints":{"allow":["GET"]}}],"collection":[{"href":"https:\/\/das-montessori-spielzeug.de\/de\/wp-json\/wp\/v2\/product"}],"about":[{"href":"https:\/\/das-montessori-spielzeug.de\/de\/wp-json\/wp\/v2\/types\/product"}],"version-history":[{"count":0,"href":"https:\/\/das-montessori-spielzeug.de\/de\/wp-json\/wp\/v2\/product\/15602\/revisions"}],"wp:featuredmedia":[{"embeddable":true,"href":"https:\/\/das-montessori-spielzeug.de\/de\/wp-json\/wp\/v2\/media\/15601"}],"wp:attachment":[{"href":"https:\/\/das-montessori-spielzeug.de\/de\/wp-json\/wp\/v2\/media?parent=15602"}],"wp:term":[{"taxonomy":"product_brand","embeddable":true,"href":"https:\/\/das-montessori-spielzeug.de\/de\/wp-json\/wp\/v2\/product_brand?post=15602"},{"taxonomy":"product_cat","embeddable":true,"href":"https:\/\/das-montessori-spielzeug.de\/de\/wp-json\/wp\/v2\/product_cat?post=15602"},{"taxonomy":"product_tag","embeddable":true,"href":"https:\/\/das-montessori-spielzeug.de\/de\/wp-json\/wp\/v2\/product_tag?post=15602"}],"curies":[{"name":"wp","href":"https:\/\/api.w.org\/{rel}","templated":true}]}}