{"id":15343,"date":"2023-07-31T22:23:53","date_gmt":"2023-07-31T22:23:53","guid":{"rendered":"https:\/\/das-montessori-spielzeug.de\/?post_type=product&#038;p=15343"},"modified":"2026-03-28T23:58:18","modified_gmt":"2026-03-28T22:58:18","slug":"kleine-kuchenspule-geschirrset","status":"publish","type":"product","link":"https:\/\/das-montessori-spielzeug.de\/de\/product\/kleine-kuchenspule-geschirrset","title":{"rendered":"Kleines K\u00fcchensp\u00fclbecken \u2013 Geschirrset"},"content":{"rendered":"<h2>Wecken Sie die Phantasie Ihres Kindes mit der K\u00fcchensp\u00fcle - Geschirrset<\/h2>\n<p>Bieten Sie Ihrem Kind eine Erfahrung <strong>am\u00fcsant<\/strong> und <em>lehrreiche<\/em> Weise in <strong>K\u00fcchensp\u00fcle - Geschirrset<\/strong>. Dieses elegante und funktionale Set ist perfekt f\u00fcr neugierige kleine H\u00e4nde.<\/p>\n<ul>\n<li>Stimuliert die <strong>Kreativit\u00e4t<\/strong> und die<em>Vorstellungskraft<\/em><\/li>\n<li>Entwickelt die <strong>Koordinierung<\/strong> Hand-Auge<\/li>\n<li>Ermutigt die<strong>Unabh\u00e4ngigkeit<\/strong> und das <em>Verantwortung<\/em><\/li>\n<\/ul>\n<p><img decoding=\"async\" src=\"https:\/\/ae01.alicdn.com\/kf\/Hca0bce8931874dab84509e88372fe905B.jpg\" alt=\"\" title=\"\"><\/p>\n<h2>Ein K\u00fcchenspielzeug von h\u00f6chster Qualit\u00e4t<\/h2>\n<p>Entworfen mit ABS-Kunststoff <strong>robust<\/strong>Diese K\u00fcchenzeile ist <em>sicher<\/em> f\u00fcr Ihr Kind. Es wird mit 2 AA-Batterien (nicht enthalten) betrieben und bietet stundenlange interaktive Unterhaltung.<\/p>\n<h3>Ein komplettes Paket f\u00fcr ein realistisches Erlebnis<\/h3>\n<p>Unser Geschirrset besteht aus einem Kindergeschirrsp\u00fcler und 17 Zubeh\u00f6rteilen, darunter Obst, Utensilien und sogar Sp\u00fclmittel. Ihr Kind kann <strong>nachahmen<\/strong> das Geschirrsp\u00fclen und verbessert so seine <em>praktische F\u00e4higkeiten<\/em>.<\/p>\n<h2>Ein von Montessori inspiriertes Lernspielzeug<\/h2>\n<h3>Spielend lernen<\/h3>\n<p>Dieses Set ist nicht nur ein lustiges Spielzeug, sondern hilft Ihrem Kind auch dabei <strong>entwickeln<\/strong> der wichtigsten Kompetenzen. Er f\u00f6rdert die <em>Sauberkeit<\/em>Die Sch\u00fclerinnen und Sch\u00fcler sollen ihre Probleml\u00f6sungskompetenz verbessern und emotionale und soziale Kompetenzen entwickeln.<\/p>\n<p><strong>Achtung!<\/strong> Dieses Spielzeug wird nicht f\u00fcr Kinder unter 3 Jahren empfohlen.<\/p>\n<h3>Bestellen Sie jetzt und wecken Sie die Kreativit\u00e4t Ihres Kindes!<\/h3>\n<p>Warten Sie nicht l\u00e4nger! Schenken Sie Ihrem Kind die Gelegenheit, die<strong>lernen<\/strong> und von <em>sich am\u00fcsieren<\/em> mit unserer K\u00fcchensp\u00fcle - Geschirrset. Jetzt bestellen!<\/p>","protected":false},"excerpt":{"rendered":"<ul>\n<li>Regt die Kreativit\u00e4t und Vorstellungskraft an<\/li>\n<li>Entwickelt die Hand-Augen-Koordination<\/li>\n<li>f\u00f6rdert Unabh\u00e4ngigkeit und Verantwortung<\/li>\n<\/ul>","protected":false},"featured_media":15342,"template":"","meta":[],"product_brand":[],"product_cat":[389,403,342,344],"product_tag":[],"class_list":{"0":"post-15343","1":"product","2":"type-product","3":"status-publish","4":"has-post-thumbnail","6":"product_cat-apprentissage-cuisine","7":"product_cat-vie-pratique","8":"product_cat-jeux-montessori-1an-18mois","9":"product_cat-jeux-montessori-2ans-3-ans","11":"first","12":"instock","13":"shipping-taxable","14":"purchasable","15":"product-type-variable"},"_links":{"self":[{"href":"https:\/\/das-montessori-spielzeug.de\/de\/wp-json\/wp\/v2\/product\/15343","targetHints":{"allow":["GET"]}}],"collection":[{"href":"https:\/\/das-montessori-spielzeug.de\/de\/wp-json\/wp\/v2\/product"}],"about":[{"href":"https:\/\/das-montessori-spielzeug.de\/de\/wp-json\/wp\/v2\/types\/product"}],"version-history":[{"count":0,"href":"https:\/\/das-montessori-spielzeug.de\/de\/wp-json\/wp\/v2\/product\/15343\/revisions"}],"wp:featuredmedia":[{"embeddable":true,"href":"https:\/\/das-montessori-spielzeug.de\/de\/wp-json\/wp\/v2\/media\/15342"}],"wp:attachment":[{"href":"https:\/\/das-montessori-spielzeug.de\/de\/wp-json\/wp\/v2\/media?parent=15343"}],"wp:term":[{"taxonomy":"product_brand","embeddable":true,"href":"https:\/\/das-montessori-spielzeug.de\/de\/wp-json\/wp\/v2\/product_brand?post=15343"},{"taxonomy":"product_cat","embeddable":true,"href":"https:\/\/das-montessori-spielzeug.de\/de\/wp-json\/wp\/v2\/product_cat?post=15343"},{"taxonomy":"product_tag","embeddable":true,"href":"https:\/\/das-montessori-spielzeug.de\/de\/wp-json\/wp\/v2\/product_tag?post=15343"}],"curies":[{"name":"wp","href":"https:\/\/api.w.org\/{rel}","templated":true}]}}