{"id":15207,"date":"2023-07-24T21:14:37","date_gmt":"2023-07-24T21:14:37","guid":{"rendered":"https:\/\/das-montessori-spielzeug.de\/?post_type=product&#038;p=15207"},"modified":"2025-06-29T22:06:07","modified_gmt":"2025-06-29T20:06:07","slug":"montessori-holzspielzeug-kugel-und-tasse-sortieren","status":"publish","type":"product","link":"https:\/\/das-montessori-spielzeug.de\/de\/product\/montessori-holzspielzeug-kugel-und-tasse-sortieren","title":{"rendered":"Montessori Holzspielzeug Ball und Sortierbecher"},"content":{"rendered":"<h2>Le Miracle de L&#8217;Apprentissage avec le Jouet en Bois Montessori<\/h2>\n<p><strong>Entdecken Sie<\/strong> das Montessori Holzspielzeug Boule und Tasse de Tri, ein <em>outil d&#8217;\u00e9veil<\/em> qui promet d&#8217;engager votre enfant dans une aventure d&#8217;apprentissage immersive.<\/p>\n<ul>\n<li><strong>Kognitive Stimulation :<\/strong> Renforce les habilet\u00e9s de discrimination visuelle.<\/li>\n<li><strong>Spielend lernen :<\/strong> Int\u00e8gre le plaisir et la d\u00e9couverte.<\/li>\n<li><strong>Cr\u00e9ativit\u00e9 sans limites :<\/strong> Favorise l&#8217;expression de l&#8217;individualit\u00e9.<\/li>\n<\/ul>\n<p><img decoding=\"async\" src=\"https:\/\/ae01.alicdn.com\/kf\/S8231337d282b4e41913af5ecd87cb795P.jpg?width=800&amp;height=800&amp;hash=1600\" alt=\"\" title=\"\"><\/p>\n<h2>Farben lernen wird zum Spiel<\/h2>\n<p>Le Jouet en bois Montessori Boule et Tasse de Tri est plus qu&#8217;un jeu, c&#8217;est une <em>Sinneserfahrung<\/em>. Er <strong>eingef\u00fchrt<\/strong> votre enfant \u00e0 l&#8217;univers des couleurs, \u00e9veillant sa curiosit\u00e9 naturelle tout en affinant sa motricit\u00e9 fine.<\/p>\n<p><img decoding=\"async\" src=\"https:\/\/ae01.alicdn.com\/kf\/S0e1c7fb94ed241bb9baf1b9376ae827dV.jpg?width=800&amp;height=800&amp;hash=1600\" alt=\"\" title=\"\"><\/p>\n<h2>La Magie de Montessori \u00e0 la Maison<\/h2>\n<p>Mit diesem Spielzeug wird jeder Spielmoment zu einem <em>le\u00e7on Montessori<\/em>. C&#8217;est le moyen id\u00e9al d&#8217;incorporer la philosophie Montessori dans la vie quotidienne de votre enfant, le guidant vers l&#8217;ind\u00e9pendance tout en le divertissant.<\/p>\n<p>Il est temps d&#8217;offrir \u00e0 votre enfant le cadeau de l&#8217;apprentissage. <strong>Faites l&#8217;exp\u00e9rience<\/strong> du Jouet en bois Montessori Boule et Tasse de Tri d\u00e8s maintenant, et voyez la magie de Montessori en action.<\/p>\n<p><strong>Bestellen Sie jetzt<\/strong> et regardez votre enfant \u00e9voluer avec chaque balle et chaque tasse.<\/p>","protected":false},"excerpt":{"rendered":"<ul>\n<li><strong>Kognitive Stimulation<\/strong><\/li>\n<li><strong>Spielend lernen <\/strong><\/li>\n<li><strong>Grenzenlose Kreativit\u00e4t <\/strong><\/li>\n<\/ul>","protected":false},"featured_media":15206,"template":"","meta":[],"product_brand":[],"product_cat":[905,343,344],"product_tag":[],"class_list":{"0":"post-15207","1":"product","2":"type-product","3":"status-publish","4":"has-post-thumbnail","6":"product_cat-bestseller","7":"product_cat-jeux-montessori-18mois-2ans","8":"product_cat-jeux-montessori-2ans-3-ans","10":"first","11":"instock","12":"sale","13":"shipping-taxable","14":"purchasable","15":"product-type-simple"},"_links":{"self":[{"href":"https:\/\/das-montessori-spielzeug.de\/de\/wp-json\/wp\/v2\/product\/15207","targetHints":{"allow":["GET"]}}],"collection":[{"href":"https:\/\/das-montessori-spielzeug.de\/de\/wp-json\/wp\/v2\/product"}],"about":[{"href":"https:\/\/das-montessori-spielzeug.de\/de\/wp-json\/wp\/v2\/types\/product"}],"version-history":[{"count":0,"href":"https:\/\/das-montessori-spielzeug.de\/de\/wp-json\/wp\/v2\/product\/15207\/revisions"}],"wp:featuredmedia":[{"embeddable":true,"href":"https:\/\/das-montessori-spielzeug.de\/de\/wp-json\/wp\/v2\/media\/15206"}],"wp:attachment":[{"href":"https:\/\/das-montessori-spielzeug.de\/de\/wp-json\/wp\/v2\/media?parent=15207"}],"wp:term":[{"taxonomy":"product_brand","embeddable":true,"href":"https:\/\/das-montessori-spielzeug.de\/de\/wp-json\/wp\/v2\/product_brand?post=15207"},{"taxonomy":"product_cat","embeddable":true,"href":"https:\/\/das-montessori-spielzeug.de\/de\/wp-json\/wp\/v2\/product_cat?post=15207"},{"taxonomy":"product_tag","embeddable":true,"href":"https:\/\/das-montessori-spielzeug.de\/de\/wp-json\/wp\/v2\/product_tag?post=15207"}],"curies":[{"name":"wp","href":"https:\/\/api.w.org\/{rel}","templated":true}]}}