{"id":15185,"date":"2023-07-24T21:13:13","date_gmt":"2023-07-24T21:13:13","guid":{"rendered":"https:\/\/das-montessori-spielzeug.de\/?post_type=product&#038;p=15185"},"modified":"2023-10-17T14:03:57","modified_gmt":"2023-10-17T14:03:57","slug":"strandspielzeugset-wassersandspiel","status":"publish","type":"product","link":"https:\/\/das-montessori-spielzeug.de\/de\/product\/strandspielzeugset-wassersandspiel","title":{"rendered":"Strandspielzeugset \u2013 Wassersandspiel"},"content":{"rendered":"<h2>Begeben Sie sich mit dem Strandspielzeugset - Wasser-Sandspiel ins Abenteuer.<\/h2>\n<p><strong>Transformieren Sie<\/strong> jeden Strandausflug in eine <em>unvergessliches Abenteuer<\/em> f\u00fcr Ihr Kind. Unser Strandspielzeug-Set - Wasser-Sandspiel verspricht ein au\u00dfergew\u00f6hnliches Spielerlebnis. <strong>Anregung der Vorstellungskraft :<\/strong> Lassen Sie der Kreativit\u00e4t Ihres Kindes freien Lauf. <strong>Praktisches Lernen :<\/strong> Lassen Sie Ihr Kleines die Beschaffenheit, Form und Konsistenz von Sand entdecken. <strong>Soziale Interaktion :<\/strong> F\u00f6rdert das Teilen und Spielen im Team.<\/p>\n<p><img decoding=\"async\" src=\"https:\/\/ae01.alicdn.com\/kf\/S8a9309c21bb74640a8b6826f34aa39fbo.jpg\" alt=\"\" title=\"\"><\/p>\n<h2>Eine Reihe von Spielzeugen, die nach der Montessori-Philosophie gestaltet wurden<\/h2>\n<p>F\u00fcr Anh\u00e4nger der <strong>Montessori-P\u00e4dagogik<\/strong>dann ist dieses Set perfekt. Jedes Teil wurde so konzipiert, dass es <em>das Erwecken der Sinne<\/em>am <strong>Entwicklung der Feinmotorik<\/strong> und die Selbstst\u00e4ndigkeit Ihres Kindes. Sie werden es lieben, den Eimer zu f\u00fcllen und zu leeren, mit Schaufel und Harke zu hantieren und die Magie des Sandburgenbaus zu erkunden.<\/p>\n<p><img decoding=\"async\" src=\"https:\/\/ae01.alicdn.com\/kf\/S521595b64c5e4077b94c68b335dfc3b3O.jpg\" alt=\"\" title=\"\"><\/p>\n<h2>Ihr idealer Partner f\u00fcr sonnige Tage<\/h2>\n<p>Das 14-teilige Set ist leicht zu transportieren und seewasserbest\u00e4ndig. <em>Kompakt und leicht<\/em>passt es in jede Strandtasche. Dank seiner hohen Qualit\u00e4t ist es bereit, stundenlanges Spielen und Lachen zu \u00fcberstehen. Mit unserem Strandspielzeug-Set \"Aqua-Sandspiel\" wird jeder Strandausflug zu einem unvergesslichen Erlebnis. <strong>unvergesslicher Moment<\/strong>. Dann <strong>z\u00f6gern Sie nicht l\u00e4nger<\/strong>! Machen Sie sich und Ihrem Kind eine Freude und legen Sie dieses Set jetzt in Ihren Warenkorb!<\/p>","protected":false},"excerpt":{"rendered":"<p>Embarquez dans l&#039;Aventure avec le Kit de Jouets de Plage &#8211; Jeu de Sable Aquatique Transformez chaque sortie &agrave; la<\/p>","protected":false},"featured_media":15184,"template":"","meta":[],"product_brand":[],"product_cat":[357,342,343],"product_tag":[],"class_list":{"0":"post-15185","1":"product","2":"type-product","3":"status-publish","4":"has-post-thumbnail","6":"product_cat-jouet-bain","7":"product_cat-jeux-montessori-1an-18mois","8":"product_cat-jeux-montessori-18mois-2ans","10":"first","11":"instock","12":"shipping-taxable","13":"purchasable","14":"product-type-simple"},"_links":{"self":[{"href":"https:\/\/das-montessori-spielzeug.de\/de\/wp-json\/wp\/v2\/product\/15185","targetHints":{"allow":["GET"]}}],"collection":[{"href":"https:\/\/das-montessori-spielzeug.de\/de\/wp-json\/wp\/v2\/product"}],"about":[{"href":"https:\/\/das-montessori-spielzeug.de\/de\/wp-json\/wp\/v2\/types\/product"}],"version-history":[{"count":0,"href":"https:\/\/das-montessori-spielzeug.de\/de\/wp-json\/wp\/v2\/product\/15185\/revisions"}],"wp:featuredmedia":[{"embeddable":true,"href":"https:\/\/das-montessori-spielzeug.de\/de\/wp-json\/wp\/v2\/media\/15184"}],"wp:attachment":[{"href":"https:\/\/das-montessori-spielzeug.de\/de\/wp-json\/wp\/v2\/media?parent=15185"}],"wp:term":[{"taxonomy":"product_brand","embeddable":true,"href":"https:\/\/das-montessori-spielzeug.de\/de\/wp-json\/wp\/v2\/product_brand?post=15185"},{"taxonomy":"product_cat","embeddable":true,"href":"https:\/\/das-montessori-spielzeug.de\/de\/wp-json\/wp\/v2\/product_cat?post=15185"},{"taxonomy":"product_tag","embeddable":true,"href":"https:\/\/das-montessori-spielzeug.de\/de\/wp-json\/wp\/v2\/product_tag?post=15185"}],"curies":[{"name":"wp","href":"https:\/\/api.w.org\/{rel}","templated":true}]}}