{"id":14356,"date":"2023-07-02T08:44:51","date_gmt":"2023-07-02T08:44:51","guid":{"rendered":"https:\/\/das-montessori-spielzeug.de\/?post_type=product&#038;p=14356"},"modified":"2023-07-21T13:36:27","modified_gmt":"2023-07-21T13:36:27","slug":"development-game-of-nature","status":"publish","type":"product","link":"https:\/\/das-montessori-spielzeug.de\/de\/product\/development-game-of-nature","title":{"rendered":"Nature Evolution Spiel"},"content":{"rendered":"<h2>Tauchen Sie mit unserem Evolutionsspiel in die faszinierende Welt der Natur ein.<\/h2>\n<p>Die <strong>Nature Evolution Spiel<\/strong> ist mehr als nur ein Spielzeug. Es ist eine unterhaltsame und lehrreiche Erkundung der Natur, f\u00f6rdert die <em>Kreativit\u00e4t<\/em>, l'<em>Vorstellungskraft<\/em> und das <strong>Koordinierung<\/strong> der Kinder.<\/p>\n<ul>\n<li><strong>\u00dcberbordende Kreativit\u00e4t :<\/strong> erm\u00f6glicht es Ihrem Kind, sich einzigartige Geschichten im Zusammenhang mit der Natur auszudenken.<\/li>\n<li><strong>Verbesserung der Koordination :<\/strong> die Platzierung der Kreise sch\u00e4rft die motorischen F\u00e4higkeiten Ihres Kindes.<\/li>\n<li><strong>Interaktives Lernen :<\/strong> vermittelt auf fesselnde Weise die Grundprinzipien der Natur und der Evolution.<\/li>\n<\/ul>\n<p>&nbsp;<\/p>\n<h2><img decoding=\"async\" src=\"https:\/\/ae01.alicdn.com\/kf\/S448ffb2729e94b9792eeaa15a1d019f2A.jpg\" alt=\"\" title=\"\"><\/h2>\n<h2>Erleben Sie Montessori zu Hause<\/h2>\n<p>Basierend auf der Montessori-Philosophie soll dieses Spiel das selbstst\u00e4ndige Lernen und die Entwicklung von <em>Probleml\u00f6sungskompetenzen<\/em>. Ihr Kind hat die M\u00f6glichkeit, die <strong>Magie<\/strong> und das <em>Vielfalt<\/em> der Natur und haben dabei Spa\u00df.<\/p>\n<p><img decoding=\"async\" src=\"https:\/\/ae01.alicdn.com\/kf\/S033a6998e6504417bc4d37f78c48b438m.jpg\" alt=\"\" title=\"\"><\/p>\n<h2>Ein perfektes Geschenk f\u00fcr Ihre kleinen Entdecker<\/h2>\n<p>\u00dcberraschen Sie Ihr Kind mit dem <strong>Nature Evolution Spiel<\/strong>. Ein einzigartiges Geschenk, das interaktives Lernen bietet, die Kreativit\u00e4t f\u00f6rdert und Ihr Kind stundenlang engagiert bei der Stange h\u00e4lt. Ist es nicht das, was sich alle Eltern f\u00fcr ihre Kinder w\u00fcnschen?<\/p>\n<p>Bieten Sie ihnen ein unvergessliches Erlebnis, erm\u00f6glichen Sie ihnen <em>aufbl\u00fchen,<\/em> von <strong>schaffen,<\/strong> und zu entdecken. Vertrauen Sie dem <strong>Nature Evolution Spiel<\/strong> um den Geist Ihres Kindes zu engagieren und seine Welt zu bereichern. <em>Jetzt kaufen!<\/em><\/p>","protected":false},"excerpt":{"rendered":"<ul>\n<li>\u00dcberbordende Kreativit\u00e4t <\/li>\n<li>Verbesserung der Koordination <\/li>\n<li>Interaktives Lernen <\/li>\n<\/ul>","protected":false},"featured_media":14355,"template":"","meta":[],"product_brand":[],"product_cat":[358,359,344,345],"product_tag":[],"class_list":{"0":"post-14356","1":"product","2":"type-product","3":"status-publish","4":"has-post-thumbnail","6":"product_cat-jeu-logique","7":"product_cat-jouet-assemblage","8":"product_cat-jeux-montessori-2ans-3-ans","9":"product_cat-jeux-montessori-3ans-4-ans","11":"first","12":"instock","13":"shipping-taxable","14":"purchasable","15":"product-type-simple"},"_links":{"self":[{"href":"https:\/\/das-montessori-spielzeug.de\/de\/wp-json\/wp\/v2\/product\/14356","targetHints":{"allow":["GET"]}}],"collection":[{"href":"https:\/\/das-montessori-spielzeug.de\/de\/wp-json\/wp\/v2\/product"}],"about":[{"href":"https:\/\/das-montessori-spielzeug.de\/de\/wp-json\/wp\/v2\/types\/product"}],"version-history":[{"count":0,"href":"https:\/\/das-montessori-spielzeug.de\/de\/wp-json\/wp\/v2\/product\/14356\/revisions"}],"wp:featuredmedia":[{"embeddable":true,"href":"https:\/\/das-montessori-spielzeug.de\/de\/wp-json\/wp\/v2\/media\/14355"}],"wp:attachment":[{"href":"https:\/\/das-montessori-spielzeug.de\/de\/wp-json\/wp\/v2\/media?parent=14356"}],"wp:term":[{"taxonomy":"product_brand","embeddable":true,"href":"https:\/\/das-montessori-spielzeug.de\/de\/wp-json\/wp\/v2\/product_brand?post=14356"},{"taxonomy":"product_cat","embeddable":true,"href":"https:\/\/das-montessori-spielzeug.de\/de\/wp-json\/wp\/v2\/product_cat?post=14356"},{"taxonomy":"product_tag","embeddable":true,"href":"https:\/\/das-montessori-spielzeug.de\/de\/wp-json\/wp\/v2\/product_tag?post=14356"}],"curies":[{"name":"wp","href":"https:\/\/api.w.org\/{rel}","templated":true}]}}