{"id":14342,"date":"2023-07-02T08:44:04","date_gmt":"2023-07-02T08:44:04","guid":{"rendered":"https:\/\/das-montessori-spielzeug.de\/?post_type=product&#038;p=14342"},"modified":"2023-07-21T13:36:26","modified_gmt":"2023-07-21T13:36:26","slug":"formzuordnungsspiel","status":"publish","type":"product","link":"https:\/\/das-montessori-spielzeug.de\/de\/product\/formzuordnungsspiel","title":{"rendered":"Form-Matching-Spiel"},"content":{"rendered":"<h2>Eine faszinierende Lernreise mit dem Formvergleichsspiel<\/h2>\n<p>Tauchen Sie Ihr Kind in ein <em>Erlebniswelt<\/em> dank des <strong>Form-Matching-Spiel<\/strong>. Dieses Spiel wurde in \u00dcbereinstimmung mit den Montessori-Prinzipien entwickelt und f\u00f6rdert das Lernen auf eine Weise, die <strong>unterhaltsam und einnehmend<\/strong>. Entwickelt die <strong>Ber\u00fchrungsempfindlichkeit<\/strong> mit Pads unterschiedlicher Texturen F\u00f6rderung der <strong>Mustererkennung<\/strong> und die Logik Ern\u00e4hrt die <strong>nat\u00fcrliche Neugier<\/strong> des Kindes und regt seine Fantasie an<\/p>\n<p><img decoding=\"async\" src=\"https:\/\/ae01.alicdn.com\/kf\/S319e0b011fba4e2fa42f6e0f90f04addb.jpg\" alt=\"\" title=\"\"><\/p>\n<h2>Geben Sie Ihrem Kind die Werkzeuge, um erfolgreich zu sein<\/h2>\n<p>Ein Geschenk viel mehr als ein Spiel, das Form\u00fcbereinstimmungsspiel ist ein <strong>Lehrmittel<\/strong>. Er f\u00fchrt Ihr Kind zur Unabh\u00e4ngigkeit und zur Entwicklung von Schl\u00fcsselkompetenzen. Es erm\u00f6glicht ihm, selbstbewusst aufzuwachsen und seine Umwelt besser zu verstehen. Mit dem Formvergleichsspiel wird das Lernen zum Kinderspiel. <strong>Erleben Sie eine bereicherndere und freudvollere Bildung<\/strong>.Jetzt in den Warenkorb legen und das Abenteuer des Lernens mit Ihrem Kind beginnen. Bieten Sie ihm die M\u00f6glichkeit, sich zu entwickeln und dabei Spa\u00df zu haben. Vertrauen Sie auf das etwas andere Formenvergleichsspiel.<\/p>\n<h2>Einf\u00fchrung in das Form\u00fcbereinstimmungsspiel<\/h2>\n<p>Lassen Sie Ihr Kind die wunderbare Welt der Formen mit unserem <strong>Form-Matching-Spiel<\/strong>. Dieses Spielzeug wurde im Sinne von Montessori entworfen und ist perfekt f\u00fcr: <strong>Intuition und Kreativit\u00e4t anregen<\/strong> <strong>Verbesserung der Hand-Augen-Koordination<\/strong> <strong>Ermutigung zum Erkennen von Formen<\/strong><\/p>\n<p><img decoding=\"async\" src=\"https:\/\/ae01.alicdn.com\/kf\/S319e0b011fba4e2fa42f6e0f90f04addb.jpg\" alt=\"\" title=\"\"><\/p>\n<h2>Eine Reise in die Welt der Formen<\/h2>\n<p>Ihr neugieriges Kind kann die Formen einander zuordnen, lernen, sie zu benennen und <strong>ihre kognitiven F\u00e4higkeiten verbessern<\/strong>. Das ansprechende Design und die leuchtenden Farben fesseln die Aufmerksamkeit der Kinder und sorgen daf\u00fcr, dass das Lernen noch mehr Spa\u00df macht. Dieses Spiel <em>in Verbindung mit dem Produkt<\/em> bietet eine authentische Montessori-Erfahrung zu Hause und f\u00f6rdert gleichzeitig die Selbstst\u00e4ndigkeit und das Selbstvertrauen des Kindes. Das Sch\u00f6ne am Formenzuordnungsspiel ist, dass es mit Ihrem Kind w\u00e4chst. In dem Ma\u00dfe, wie es die Formen beherrscht, wird das Spiel zu einer spannenden Herausforderung und einem dauerhaften Spielgef\u00e4hrten. <strong>Warten Sie nicht l\u00e4nger<\/strong>Mit unserem Formenvergleichs-Spiel machen Sie Ihrem Kind das Geschenk des freudigen Lernens. Bestellen Sie jetzt und beobachten Sie, wie Ihr Kleines sich entwickelt, w\u00e4chst und mit jeder Form, die es entdeckt, aufbl\u00fcht.<\/p>","protected":false},"excerpt":{"rendered":"<p>Un Voyage d&#039;Apprentissage Fascinant avec le Jeu de Correspondance des Formes Immergez votre enfant dans un monde de d&eacute;couverte gr&acirc;ce<\/p>","protected":false},"featured_media":14341,"template":"","meta":[],"product_brand":[],"product_cat":[387,368,343,344],"product_tag":[],"class_list":{"0":"post-14342","1":"product","2":"type-product","3":"status-publish","4":"has-post-thumbnail","6":"product_cat-apprentissage-formes","7":"product_cat-jouet-empilement","8":"product_cat-jeux-montessori-18mois-2ans","9":"product_cat-jeux-montessori-2ans-3-ans","11":"first","12":"instock","13":"shipping-taxable","14":"purchasable","15":"product-type-simple"},"_links":{"self":[{"href":"https:\/\/das-montessori-spielzeug.de\/de\/wp-json\/wp\/v2\/product\/14342","targetHints":{"allow":["GET"]}}],"collection":[{"href":"https:\/\/das-montessori-spielzeug.de\/de\/wp-json\/wp\/v2\/product"}],"about":[{"href":"https:\/\/das-montessori-spielzeug.de\/de\/wp-json\/wp\/v2\/types\/product"}],"version-history":[{"count":0,"href":"https:\/\/das-montessori-spielzeug.de\/de\/wp-json\/wp\/v2\/product\/14342\/revisions"}],"wp:featuredmedia":[{"embeddable":true,"href":"https:\/\/das-montessori-spielzeug.de\/de\/wp-json\/wp\/v2\/media\/14341"}],"wp:attachment":[{"href":"https:\/\/das-montessori-spielzeug.de\/de\/wp-json\/wp\/v2\/media?parent=14342"}],"wp:term":[{"taxonomy":"product_brand","embeddable":true,"href":"https:\/\/das-montessori-spielzeug.de\/de\/wp-json\/wp\/v2\/product_brand?post=14342"},{"taxonomy":"product_cat","embeddable":true,"href":"https:\/\/das-montessori-spielzeug.de\/de\/wp-json\/wp\/v2\/product_cat?post=14342"},{"taxonomy":"product_tag","embeddable":true,"href":"https:\/\/das-montessori-spielzeug.de\/de\/wp-json\/wp\/v2\/product_tag?post=14342"}],"curies":[{"name":"wp","href":"https:\/\/api.w.org\/{rel}","templated":true}]}}