{"id":14325,"date":"2023-07-02T08:43:05","date_gmt":"2023-07-02T08:43:05","guid":{"rendered":"https:\/\/das-montessori-spielzeug.de\/?post_type=product&#038;p=14325"},"modified":"2023-07-21T13:36:24","modified_gmt":"2023-07-21T13:36:24","slug":"spiel-mit-fadelkreisen","status":"publish","type":"product","link":"https:\/\/das-montessori-spielzeug.de\/de\/product\/spiel-mit-fadelkreisen","title":{"rendered":"Spiel zum Einf\u00e4deln von Kreisen"},"content":{"rendered":"<h2>Entdecken Sie die Montessori-Welt mit unserem Spiel \"Kreise zum Aufziehen\".<\/h2>\n<p>Entdecken Sie einen <strong>faszinierende Mischung<\/strong> von Formen, eine harmonische Verbindung verschiedener kubischer Volumen. Dadurch entsteht ein perfekter W\u00fcrfel, eine Quelle <em>des Staunens<\/em> f\u00fcr Ihr Kind. Das Aufziehspiel mit Kreisen ist viel mehr als nur ein Spielzeug. Es ist ein Lernabenteuer f\u00fcr Ihr Kleinkind.<\/p>\n<ul>\n<li>Regt die Vorstellungskraft an und entwickelt die Kreativit\u00e4t<\/li>\n<li>Festigt die Eltern-Kind-Bindung durch das Spiel<\/li>\n<li>Baut durch Geometrie grundlegende mathematische F\u00e4higkeiten auf<\/li>\n<\/ul>\n<p><img decoding=\"async\" src=\"https:\/\/ae01.alicdn.com\/kf\/S74564e88bf6e487390bed2ea8d415f45R.jpg\" alt=\"\" title=\"\"><\/p>\n<h2>Abenteuer Spa\u00df und Bildung<\/h2>\n<p>Unser Spiel mit Kreisen zum Aufziehen erweckt die <strong>Montessori-Philosophie<\/strong>. Es f\u00f6rdert die Selbstst\u00e4ndigkeit, unterst\u00fctzt die Bewegungskoordination und verbessert die r\u00e4umliche Wahrnehmung. Ihr Kind wird Spa\u00df haben, w\u00e4hrend es lernt.<\/p>\n<p>Mit <em>hochwertige Materialien<\/em>Es ist so konzipiert, dass es der \u00fcbersch\u00e4umenden Energie der Kinder standh\u00e4lt. Es ist eine echte Investition in ihre Zukunft.<\/p>\n<h2>Ein ideales Geschenk f\u00fcr Junge Entdecker<\/h2>\n<p>Dieses Spiel ist das perfekte Geschenk f\u00fcr alle jungen Nachwuchsforscher. Es wird Ihrem Kind helfen, eine <strong>intuitives Verst\u00e4ndnis von Formen und Volumen<\/strong>. Machen Sie jeden Spielmoment zu einem Lernschritt mit diesem Spiel mit Kreisen zum Aufziehen.<\/p>\n<p><strong>Warten Sie nicht l\u00e4nger<\/strong>Wenn Sie ein Kind haben, schenken Sie ihm das Geschenk des spielerischen Lernens. Klicken Sie auf \"In den Warenkorb\" und starten Sie noch heute diese <em>Montessori-Abenteuer<\/em>.<\/p>\n<p><img decoding=\"async\" src=\"https:\/\/ae01.alicdn.com\/kf\/S9db9d0e8804b4e5b999e114bafd85ec6j.jpg\" alt=\"\" title=\"\"><\/p>","protected":false},"excerpt":{"rendered":"<ul>\n<li>Regt die Vorstellungskraft an und entwickelt die Kreativit\u00e4t<\/li>\n<li>Festigt die Eltern-Kind-Bindung durch das Spiel<\/li>\n<li>Baut grundlegende mathematische F\u00e4higkeiten auf<\/li>\n<\/ul>","protected":false},"featured_media":14324,"template":"","meta":[],"product_brand":[],"product_cat":[367,354,343,344],"product_tag":[],"class_list":{"0":"post-14325","1":"product","2":"type-product","3":"status-publish","4":"has-post-thumbnail","6":"product_cat-jeu-construction","7":"product_cat-jouet-construction","8":"product_cat-jeux-montessori-18mois-2ans","9":"product_cat-jeux-montessori-2ans-3-ans","11":"first","12":"instock","13":"shipping-taxable","14":"purchasable","15":"product-type-simple"},"_links":{"self":[{"href":"https:\/\/das-montessori-spielzeug.de\/de\/wp-json\/wp\/v2\/product\/14325","targetHints":{"allow":["GET"]}}],"collection":[{"href":"https:\/\/das-montessori-spielzeug.de\/de\/wp-json\/wp\/v2\/product"}],"about":[{"href":"https:\/\/das-montessori-spielzeug.de\/de\/wp-json\/wp\/v2\/types\/product"}],"version-history":[{"count":0,"href":"https:\/\/das-montessori-spielzeug.de\/de\/wp-json\/wp\/v2\/product\/14325\/revisions"}],"wp:featuredmedia":[{"embeddable":true,"href":"https:\/\/das-montessori-spielzeug.de\/de\/wp-json\/wp\/v2\/media\/14324"}],"wp:attachment":[{"href":"https:\/\/das-montessori-spielzeug.de\/de\/wp-json\/wp\/v2\/media?parent=14325"}],"wp:term":[{"taxonomy":"product_brand","embeddable":true,"href":"https:\/\/das-montessori-spielzeug.de\/de\/wp-json\/wp\/v2\/product_brand?post=14325"},{"taxonomy":"product_cat","embeddable":true,"href":"https:\/\/das-montessori-spielzeug.de\/de\/wp-json\/wp\/v2\/product_cat?post=14325"},{"taxonomy":"product_tag","embeddable":true,"href":"https:\/\/das-montessori-spielzeug.de\/de\/wp-json\/wp\/v2\/product_tag?post=14325"}],"curies":[{"name":"wp","href":"https:\/\/api.w.org\/{rel}","templated":true}]}}