{"id":14131,"date":"2023-06-20T20:19:13","date_gmt":"2023-06-20T20:19:13","guid":{"rendered":"https:\/\/das-montessori-spielzeug.de\/?post_type=product&#038;p=14131"},"modified":"2026-02-25T20:08:45","modified_gmt":"2026-02-25T19:08:45","slug":"spiel-dempile-hamburger","status":"publish","type":"product","link":"https:\/\/das-montessori-spielzeug.de\/de\/product\/spiel-dempile-hamburger","title":{"rendered":"Hamburger Stacking Spiel"},"content":{"rendered":"<h2>Eine neue Welt der Kreativit\u00e4t mit dem Hamburger Stapelspiel<\/h2>\n<p>Wecken Sie die bl\u00fchende Fantasie Ihres Kindes mit unserem <strong>Hamburger Stacking Spiel<\/strong>. Diese <em>Stapelspiel<\/em> ist nicht nur eine einfache Aneinanderreihung von Formen, sondern bietet viel mehr :<\/p>\n<ul>\n<li>F\u00f6rderung der Kreativit\u00e4t und des k\u00fcnstlerischen Sinns Ihres Kindes<\/li>\n<li>Verbesserung von <strong>die Koordination<\/strong> Auge-Hand und von <strong>die Feinmotorik<\/strong><\/li>\n<li>Einf\u00fchrung in die <em>Probleml\u00f6sung<\/em> auf spielerische Weise<\/li>\n<\/ul>\n<p><img decoding=\"async\" src=\"https:\/\/ae01.alicdn.com\/kf\/S0541e326013042b6aba7d27b92c922c9W.jpg\" alt=\"Hamburger Stacking Spiel\" title=\"\"><\/p>\n<h2>Tauchen Sie mit unserem Stapelspiel Hamburger und Sandwich in die Montessori-Welt ein.<\/h2>\n<p>In Anlehnung an die p\u00e4dagogischen Prinzipien von Montessori ist dieses <strong>Spiel mit bunten Holzspangen<\/strong> ermutigt Ihr Kind, verschiedene Modelle nachzubauen, die auf Beispielkarten dargestellt sind. Jedes Holzst\u00fcck wurde <em>sorgf\u00e4ltig gestaltet<\/em> um auch von kleinen H\u00e4nden leicht bedient werden zu k\u00f6nnen, und erf\u00fcllt dabei die strengsten Sicherheitsstandards. Jeder neue Anzug ist ein <strong>Sieg<\/strong> f\u00fcr Ihr Kind, steigert sein Selbstvertrauen und st\u00e4rkt seine Lust am Forschen und Lernen.<\/p>\n<p><img decoding=\"async\" src=\"https:\/\/ae01.alicdn.com\/kf\/S40ee7b277faf45468f80c940c084bb08V.jpg\" alt=\"\" title=\"\"><\/p>\n<h2>Lassen Sie Ihrem Kind die Freiheit zu lernen<\/h2>\n<p>Mit diesem Stapelspiel entdeckt Ihr Kind das unglaubliche Gef\u00fchl von <em>Freiheit<\/em> die das selbstst\u00e4ndige Entdecken mit sich bringt. Ihr Kleines kann ohne Grenzen und Zw\u00e4nge seinen eigenen Hamburger kreieren und dabei seine <strong>r\u00e4umliches Verst\u00e4ndnis<\/strong> und ihre F\u00e4higkeit, Anweisungen zu befolgen. Diese <em>Hamburger Stacking Spiel<\/em> ist mehr als nur ein Spielzeug, es ist ein unverzichtbares Entwicklungswerkzeug f\u00fcr Ihr Kind. Es verbindet Spa\u00df und Lernen auf einzigartige Weise, indem es die Montessori-Prinzipien hervorhebt. Warten Sie also nicht l\u00e4nger, sondern schenken Sie Ihrem Kind das <strong>spielerisches Lernen<\/strong> von heute an.<\/p>\n<p><img decoding=\"async\" src=\"https:\/\/ae01.alicdn.com\/kf\/S41034112804b4ecdb5435455f6cbc70eA.jpg\" alt=\"\" title=\"\"><\/p>","protected":false},"excerpt":{"rendered":"<ul>\n<li>F\u00f6rderung der Kreativit\u00e4t und des k\u00fcnstlerischen Sinns<\/li>\n<li>Verbesserung von <strong>die Koordination<\/strong> Auge-Hand<\/li>\n<li>Einf\u00fchrung in die <em>Probleml\u00f6sung<\/em><\/li>\n<\/ul>","protected":false},"featured_media":14130,"template":"","meta":[],"product_brand":[],"product_cat":[389,374,358,344,345],"product_tag":[],"class_list":{"0":"post-14131","1":"product","2":"type-product","3":"status-publish","4":"has-post-thumbnail","6":"product_cat-apprentissage-cuisine","7":"product_cat-jeu-adresse","8":"product_cat-jeu-logique","9":"product_cat-jeux-montessori-2ans-3-ans","10":"product_cat-jeux-montessori-3ans-4-ans","12":"first","13":"instock","14":"shipping-taxable","15":"purchasable","16":"product-type-variable"},"_links":{"self":[{"href":"https:\/\/das-montessori-spielzeug.de\/de\/wp-json\/wp\/v2\/product\/14131","targetHints":{"allow":["GET"]}}],"collection":[{"href":"https:\/\/das-montessori-spielzeug.de\/de\/wp-json\/wp\/v2\/product"}],"about":[{"href":"https:\/\/das-montessori-spielzeug.de\/de\/wp-json\/wp\/v2\/types\/product"}],"version-history":[{"count":0,"href":"https:\/\/das-montessori-spielzeug.de\/de\/wp-json\/wp\/v2\/product\/14131\/revisions"}],"wp:featuredmedia":[{"embeddable":true,"href":"https:\/\/das-montessori-spielzeug.de\/de\/wp-json\/wp\/v2\/media\/14130"}],"wp:attachment":[{"href":"https:\/\/das-montessori-spielzeug.de\/de\/wp-json\/wp\/v2\/media?parent=14131"}],"wp:term":[{"taxonomy":"product_brand","embeddable":true,"href":"https:\/\/das-montessori-spielzeug.de\/de\/wp-json\/wp\/v2\/product_brand?post=14131"},{"taxonomy":"product_cat","embeddable":true,"href":"https:\/\/das-montessori-spielzeug.de\/de\/wp-json\/wp\/v2\/product_cat?post=14131"},{"taxonomy":"product_tag","embeddable":true,"href":"https:\/\/das-montessori-spielzeug.de\/de\/wp-json\/wp\/v2\/product_tag?post=14131"}],"curies":[{"name":"wp","href":"https:\/\/api.w.org\/{rel}","templated":true}]}}