{"id":14120,"date":"2023-06-20T09:29:04","date_gmt":"2023-06-20T09:29:04","guid":{"rendered":"https:\/\/das-montessori-spielzeug.de\/?post_type=product&#038;p=14120"},"modified":"2024-02-25T00:23:24","modified_gmt":"2024-02-24T23:23:24","slug":"holzpuzzle-mit-einfachen-geometrischen-formen","status":"publish","type":"product","link":"https:\/\/das-montessori-spielzeug.de\/de\/product\/holzpuzzle-mit-einfachen-geometrischen-formen","title":{"rendered":"Holzpuzzle aus einfachen geometrischen Formen"},"content":{"rendered":"<h2>Eine Welt der Formen f\u00fcr kleine Entdecker<\/h2>\n<p>Stellen Sie sich vor, wie Ihr Kind fasziniert die Welt der Formen und Farben mit unserem <strong>Holzpuzzle aus einfachen geometrischen Formen<\/strong>. Dieses einzigartige Spielzeug ist nicht nur unterhaltsam, sondern auch lehrreich :<\/p>\n<ul>\n<li><strong>Regt die Vorstellungskraft an :<\/strong> Jedes Zimmer ist ein neues Abenteuer f\u00fcr den Geist Ihres Kindes.<\/li>\n<li><strong>F\u00f6rdert die Koordination :<\/strong> Einfache Formen f\u00f6rdern die Entwicklung der Feinmotorik.<\/li>\n<li><strong>F\u00f6rdert das Lernen :<\/strong> Dieses Montessori-Puzzle bereitet Ihr Kind darauf vor, mathematische Konzepte zu verstehen.<\/li>\n<\/ul>\n<p><img decoding=\"async\" style=\"width: 800px;\" src=\"https:\/\/ae01.alicdn.com\/kf\/H5453a2c5bddd4b3e850099736928f24f6.jpg\" alt=\"\" title=\"\"><\/p>\n<h2>Ein Spielzeug, das sowohl sch\u00f6n als auch gesund ist<\/h2>\n<p>Unser Montessori-Puzzle ist aus hochwertigem Holz gefertigt, einem nat\u00fcrlichen Material, das f\u00fcr Ihr Kind ungef\u00e4hrlich ist. Seine leuchtenden Farben ziehen die Blicke der Kleinen auf sich, wecken ihre Neugier und f\u00fchlen sich gleichzeitig gut an.<\/p>\n<h2>Ein Geschenk, das einen Unterschied macht<\/h2>\n<p>Bieten Sie den <em>Holzpuzzle aus einfachen geometrischen Formen<\/em>ist ein Geschenk, das z\u00e4hlt. Ein Spielzeug, das nicht nur zur Entfaltung Ihres Kindes beitr\u00e4gt, sondern auch zu seiner Erziehung, seiner Entwicklung und seiner Entdeckung der Welt. W\u00e4hlen Sie ein Spielzeug, das Folgendes vereint <strong>Spa\u00df und Lernen<\/strong>.<\/p>\n<p>Verpassen Sie nicht die Gelegenheit, Ihrem Kind ein Spielzeug zu schenken, das ihm <strong>Freude<\/strong> und <strong>Wissen<\/strong>. <a href=\"#buy-now\">F\u00fcgen Sie das Holzpuzzle mit einfachen geometrischen Formen jetzt Ihrem Warenkorb hinzu.<\/a> und beteiligen Sie sich auf spielerische und intelligente Weise an der F\u00f6rderung Ihres Kindes.<\/p>","protected":false},"excerpt":{"rendered":"<ul>\n<li><strong>Regt die Vorstellungskraft an :<\/strong><\/li>\n<li><strong>F\u00f6rdert die Koordination <\/strong><\/li>\n<li><strong>F\u00f6rdert das Lernen :<\/strong><\/li>\n<\/ul>","protected":false},"featured_media":14119,"template":"","meta":[],"product_brand":[],"product_cat":[384,387,347,341,343,344],"product_tag":[],"class_list":{"0":"post-14120","1":"product","2":"type-product","3":"status-publish","4":"has-post-thumbnail","6":"product_cat-apprentissage-geometrie","7":"product_cat-apprentissage-formes","8":"product_cat-puzzle-enfant","9":"product_cat-jeux-montessori-6mois-1an","10":"product_cat-jeux-montessori-18mois-2ans","11":"product_cat-jeux-montessori-2ans-3-ans","13":"first","14":"instock","15":"shipping-taxable","16":"purchasable","17":"product-type-simple"},"_links":{"self":[{"href":"https:\/\/das-montessori-spielzeug.de\/de\/wp-json\/wp\/v2\/product\/14120","targetHints":{"allow":["GET"]}}],"collection":[{"href":"https:\/\/das-montessori-spielzeug.de\/de\/wp-json\/wp\/v2\/product"}],"about":[{"href":"https:\/\/das-montessori-spielzeug.de\/de\/wp-json\/wp\/v2\/types\/product"}],"version-history":[{"count":0,"href":"https:\/\/das-montessori-spielzeug.de\/de\/wp-json\/wp\/v2\/product\/14120\/revisions"}],"wp:featuredmedia":[{"embeddable":true,"href":"https:\/\/das-montessori-spielzeug.de\/de\/wp-json\/wp\/v2\/media\/14119"}],"wp:attachment":[{"href":"https:\/\/das-montessori-spielzeug.de\/de\/wp-json\/wp\/v2\/media?parent=14120"}],"wp:term":[{"taxonomy":"product_brand","embeddable":true,"href":"https:\/\/das-montessori-spielzeug.de\/de\/wp-json\/wp\/v2\/product_brand?post=14120"},{"taxonomy":"product_cat","embeddable":true,"href":"https:\/\/das-montessori-spielzeug.de\/de\/wp-json\/wp\/v2\/product_cat?post=14120"},{"taxonomy":"product_tag","embeddable":true,"href":"https:\/\/das-montessori-spielzeug.de\/de\/wp-json\/wp\/v2\/product_tag?post=14120"}],"curies":[{"name":"wp","href":"https:\/\/api.w.org\/{rel}","templated":true}]}}