{"id":13930,"date":"2023-06-05T22:22:47","date_gmt":"2023-06-05T22:22:47","guid":{"rendered":"https:\/\/das-montessori-spielzeug.de\/?post_type=product&#038;p=13930"},"modified":"2023-07-21T13:36:19","modified_gmt":"2023-07-21T13:36:19","slug":"5-in-1-hammerspielzeug","status":"publish","type":"product","link":"https:\/\/das-montessori-spielzeug.de\/de\/product\/5-in-1-hammerspielzeug","title":{"rendered":"5-in-1-H\u00e4mmerspielzeug"},"content":{"rendered":"<h2>Verwandeln Sie die Spielzeit mit dem 5-in-1-Hammerspielzeug<\/h2>\n<p>Entdecken Sie die <strong>5-in-1-Hammerspielzeug<\/strong>Es ist das einzige Spiel, das Sie brauchen, um Ihr Kind zu fesseln, zu unterhalten und seine Entwicklung zu f\u00f6rdern.<\/p>\n<ul>\n<li><em>Entwickelt feinmotorische F\u00e4higkeiten<\/em><\/li>\n<li><strong>F\u00f6rdert das logische Denken<\/strong><\/li>\n<li>Verst\u00e4rkt das Erlernen von Formen und Farben<\/li>\n<\/ul>\n<p>&nbsp;<\/p>\n<h2>Stundenlanger Lernspa\u00df<\/h2>\n<p>Stellen Sie sich die Freude Ihres Kindes vor, wenn es die Vielseitigkeit dieses Spiels entdeckt. Die <strong>2 Spiele zum H\u00e4mmern<\/strong> stimulieren die Hand-Augen-Koordination, w\u00e4hrend die <em>2 Spiele zum Angeln mit Magneten<\/em> entwickeln Genauigkeit und Geduld. Schlie\u00dflich f\u00fchrt das Formenspiel Ihr Kind an verschiedene Formen und Farben heran und bereitet seinen Geist auf Mathematik und Logik vor.<\/p>\n<h2>Einfache und effektive Aufbewahrung<\/h2>\n<p>Sie werden die Bequemlichkeit des <strong>integrierter Stauraum<\/strong>. Jedes Element des Spiels findet seinen Platz in der Schachtel, sodass das Aufr\u00e4umen ein Kinderspiel ist. Keine Unordnung mehr, nur ein sauberes, gut organisiertes Spiel, das bereit f\u00fcr das n\u00e4chste Abenteuer ist.<\/p>\n<p>Schlie\u00dflich ist dieses Spielzeug <em>H\u00e4mmern 5 in 1<\/em> vereint die Prinzipien der Montessori-P\u00e4dagogik. Es ist das perfekte Werkzeug f\u00fcr unabh\u00e4ngiges, nat\u00fcrliches und spielerisches Lernen. Lassen Sie Ihr Kind in seinem eigenen Tempo erforschen und lernen, w\u00e4hrend es Spa\u00df daran hat. <strong>Warten Sie nicht l\u00e4nger<\/strong>Legen Sie diesen Schatz jetzt in den Warenkorb und geben Sie Ihrem Kind die M\u00f6glichkeit, spielerisch zu wachsen.<\/p>\n<p>&nbsp;<\/p>","protected":false},"excerpt":{"rendered":"<p>Transformez le Temps de Jeu avec le Jouet \u00e0 Marteler 5 en 1 D\u00e9couvrez le Jouet \u00e0 Marteler 5 en<\/p>","protected":false},"featured_media":13929,"template":"","meta":[],"product_brand":[],"product_cat":[364,341,342],"product_tag":[],"class_list":{"0":"post-13930","1":"product","2":"type-product","3":"status-publish","4":"has-post-thumbnail","6":"product_cat-jouet-marteler","7":"product_cat-jeux-montessori-6mois-1an","8":"product_cat-jeux-montessori-1an-18mois","10":"first","11":"instock","12":"shipping-taxable","13":"purchasable","14":"product-type-simple"},"_links":{"self":[{"href":"https:\/\/das-montessori-spielzeug.de\/de\/wp-json\/wp\/v2\/product\/13930","targetHints":{"allow":["GET"]}}],"collection":[{"href":"https:\/\/das-montessori-spielzeug.de\/de\/wp-json\/wp\/v2\/product"}],"about":[{"href":"https:\/\/das-montessori-spielzeug.de\/de\/wp-json\/wp\/v2\/types\/product"}],"version-history":[{"count":0,"href":"https:\/\/das-montessori-spielzeug.de\/de\/wp-json\/wp\/v2\/product\/13930\/revisions"}],"wp:featuredmedia":[{"embeddable":true,"href":"https:\/\/das-montessori-spielzeug.de\/de\/wp-json\/wp\/v2\/media\/13929"}],"wp:attachment":[{"href":"https:\/\/das-montessori-spielzeug.de\/de\/wp-json\/wp\/v2\/media?parent=13930"}],"wp:term":[{"taxonomy":"product_brand","embeddable":true,"href":"https:\/\/das-montessori-spielzeug.de\/de\/wp-json\/wp\/v2\/product_brand?post=13930"},{"taxonomy":"product_cat","embeddable":true,"href":"https:\/\/das-montessori-spielzeug.de\/de\/wp-json\/wp\/v2\/product_cat?post=13930"},{"taxonomy":"product_tag","embeddable":true,"href":"https:\/\/das-montessori-spielzeug.de\/de\/wp-json\/wp\/v2\/product_tag?post=13930"}],"curies":[{"name":"wp","href":"https:\/\/api.w.org\/{rel}","templated":true}]}}