{"id":13924,"date":"2023-06-05T22:22:25","date_gmt":"2023-06-05T22:22:25","guid":{"rendered":"https:\/\/das-montessori-spielzeug.de\/?post_type=product&#038;p=13924"},"modified":"2023-07-21T13:36:19","modified_gmt":"2023-07-21T13:36:19","slug":"hammerndes-spielzeug-mit-4-farbigen-lochern","status":"publish","type":"product","link":"https:\/\/das-montessori-spielzeug.de\/de\/product\/hammerndes-spielzeug-mit-4-farbigen-lochern","title":{"rendered":"H\u00e4mmerspielzeug mit 4 farbigen L\u00f6chern"},"content":{"rendered":"<h2>Machen Sie das Spiel zum Lernen mit dem <em>Hammerspielzeug 4 Farbige L\u00f6cher<\/em><\/h2>\n<p>Lassen Sie eine <strong>spielerische und p\u00e4dagogische Erfahrung<\/strong> Ihrem Kind mit unserem H\u00e4mmerchen-Spielzeug. Inspiriert von der Montessori-P\u00e4dagogik, n\u00e4hrt dieses variantenreiche Spielzeug die Neugier, stimuliert die Intelligenz und f\u00f6rdert die Entwicklung der motorischen Koordination.<\/p>\n<ul>\n<li><strong>Spielerisches Erleben:<\/strong> Die Verwendung dieses Spielzeugs macht Kindern Spa\u00df und verwandelt das Lernen in einen Moment der Freude.<\/li>\n<li><strong>Kognitive Entwicklung:<\/strong> Dieses Spielzeug f\u00f6rdert das Erkennen von Formen und Farben und regt so den wachen Geist Ihres Kindes an.<\/li>\n<li><strong>Motorische Koordination:<\/strong> Durch das H\u00e4mmern perfektioniert Ihr Kind seine motorischen F\u00e4higkeiten und f\u00f6rdert so eine gesunde Entwicklung.<\/li>\n<\/ul>\n<p><img decoding=\"async\" style=\"width: 800px;\" src=\"http:\/\/ae01.alicdn.com\/kf\/H8f57526c22de4ceb8d928c10d4a7a8abM.jpg\" alt=\"\" title=\"\"><\/p>\n<p>&nbsp;<\/p>\n<h2>Montessori-Spielzeug: Lernen, das sich an jedes Kind anpasst<\/h2>\n<p>Ob es die <em>Karotten<\/em>, die Sticks, die <strong>Kugeln<\/strong> oder die <em>Discs<\/em>Jede Variante bietet Ihrem Kind eine einzigartige Erfahrung. So kann es diejenige ausw\u00e4hlen, mit der es sich am wohlsten f\u00fchlt, w\u00e4hrend es gleichzeitig angeregt und engagiert bleibt.<\/p>\n<p><img decoding=\"async\" style=\"width: 800px;\" src=\"https:\/\/ae01.alicdn.com\/kf\/Hbc339d5a012b4418bdd07c3c3b83f43cs.jpg\" alt=\"\" title=\"\"><\/p>\n<h2><em>Bereitschaftsbox<\/em> : ein nachhaltiges Geschenk<\/h2>\n<p>Unser Hammerspielzeug ist auf Langlebigkeit ausgelegt. Seine dauerhafte Box macht es zu einem dauerhaften Geschenk, das Ihr Kind in seiner Entwicklung begleitet und seine Selbstst\u00e4ndigkeit f\u00f6rdert. Es wird jeden Fortschritt als <strong>Belohnung<\/strong>Es ist eine Herausforderung, und jede Herausforderung ist ein neues Abenteuer.<\/p>\n<p><strong>Warten Sie nicht l\u00e4nger,<\/strong> machen Sie die Erfahrung mit dem Farbigen 4-Loch-Hammerspielzeug und bieten Sie Ihrem Kind eine spielerische und bereichernde Lernerfahrung. <em>Bestellen Sie jetzt!<\/em><\/p>\n<p>Diese Beschreibung hebt die Vorteile des Produkts hervor und soll den Leser mit einem Storytelling-Ansatz fesseln, der die Montessori-P\u00e4dagogik und die besonderen Merkmale des Produkts ber\u00fccksichtigt. Stil und Wortschatz richten sich an Eltern in ihren 30ern, und alle S\u00e4tze sind kurz und einzigartig.<\/p>","protected":false},"excerpt":{"rendered":"<p>Transformez le jeu en apprentissage avec le Jouet \u00e0 Marteler 4 Trous de Couleur Faites vivre une exp\u00e9rience ludique et<\/p>","protected":false},"featured_media":13923,"template":"","meta":[],"product_brand":[],"product_cat":[364,341,342],"product_tag":[],"class_list":{"0":"post-13924","1":"product","2":"type-product","3":"status-publish","4":"has-post-thumbnail","6":"product_cat-jouet-marteler","7":"product_cat-jeux-montessori-6mois-1an","8":"product_cat-jeux-montessori-1an-18mois","10":"first","11":"instock","12":"shipping-taxable","13":"purchasable","14":"product-type-simple"},"_links":{"self":[{"href":"https:\/\/das-montessori-spielzeug.de\/de\/wp-json\/wp\/v2\/product\/13924","targetHints":{"allow":["GET"]}}],"collection":[{"href":"https:\/\/das-montessori-spielzeug.de\/de\/wp-json\/wp\/v2\/product"}],"about":[{"href":"https:\/\/das-montessori-spielzeug.de\/de\/wp-json\/wp\/v2\/types\/product"}],"version-history":[{"count":0,"href":"https:\/\/das-montessori-spielzeug.de\/de\/wp-json\/wp\/v2\/product\/13924\/revisions"}],"wp:featuredmedia":[{"embeddable":true,"href":"https:\/\/das-montessori-spielzeug.de\/de\/wp-json\/wp\/v2\/media\/13923"}],"wp:attachment":[{"href":"https:\/\/das-montessori-spielzeug.de\/de\/wp-json\/wp\/v2\/media?parent=13924"}],"wp:term":[{"taxonomy":"product_brand","embeddable":true,"href":"https:\/\/das-montessori-spielzeug.de\/de\/wp-json\/wp\/v2\/product_brand?post=13924"},{"taxonomy":"product_cat","embeddable":true,"href":"https:\/\/das-montessori-spielzeug.de\/de\/wp-json\/wp\/v2\/product_cat?post=13924"},{"taxonomy":"product_tag","embeddable":true,"href":"https:\/\/das-montessori-spielzeug.de\/de\/wp-json\/wp\/v2\/product_tag?post=13924"}],"curies":[{"name":"wp","href":"https:\/\/api.w.org\/{rel}","templated":true}]}}