{"id":13845,"date":"2023-06-02T14:35:22","date_gmt":"2023-06-02T14:35:22","guid":{"rendered":"https:\/\/das-montessori-spielzeug.de\/?post_type=product&#038;p=13845"},"modified":"2026-02-22T10:49:11","modified_gmt":"2026-02-22T09:49:11","slug":"badespielzeug-schwimmtiere","status":"publish","type":"product","link":"https:\/\/das-montessori-spielzeug.de\/de\/product\/badespielzeug-schwimmtiere","title":{"rendered":"Schwimmendes Tier-Badespielzeug"},"content":{"rendered":"<h2>Verwandeln Sie die Badezeit in einen magischen Moment<\/h2>\n<p>Lassen Sie jeden Abend einen <strong>lustiger Zoo<\/strong> in Ihrem Badezimmer dank unserer <em>Badespielzeug Schwimmende Tiere<\/em>.<\/p>\n<ul>\n<li>Verwandelt das Baden in einen Moment der Entdeckung und Freude<\/li>\n<li>Regt die Vorstellungskraft an und f\u00f6rdert das selbstst\u00e4ndige Lernen<\/li>\n<li>Verbessert die <strong>Hand-Augen-Koordination<\/strong> sanft<\/li>\n<\/ul>\n<p><img decoding=\"async\" src=\"https:\/\/ae01.alicdn.com\/kf\/S7db61a72d51a40e1ae0e98ef8bb639aan.jpg?width=750&amp;height=581&amp;hash=1331\" alt=\"undefined\" title=\"\"><\/p>\n<h2>Ein Wasserabenteuer, das die Sinne weckt<\/h2>\n<p>Diese <strong>kleine schwimmende Tiere<\/strong> im Wasser werden die idealen Begleiter Ihres Kindes bei seinem t\u00e4glichen Baderitual sein. <em>Sie sorgen f\u00fcr einen Hauch von Fr\u00f6hlichkeit und \u00dcberraschung<\/em>So wird jedes Bad zu einem aufregenden Wasserabenteuer. Jedes Tier wurde sorgf\u00e4ltig <strong>leicht zu greifen<\/strong> durch kleine H\u00e4nde und f\u00f6rdern so das Selbstvertrauen Ihres Kindes.<\/p>\n<p><img decoding=\"async\" src=\"https:\/\/ae01.alicdn.com\/kf\/Scefbcac1ca5546ce9baaaed020f60ef9J.jpg?width=750&amp;height=856&amp;hash=1606\" alt=\"750_12\" title=\"\"><\/p>\n<h2>Entwickelt mit Blick auf Montessori<\/h2>\n<p>Inspiriert von der Montessori-Methode ist unser <em>Schwimmendes Tier-Badespielzeug<\/em> hilft Ihrem Kind, seine Selbstst\u00e4ndigkeit zu entwickeln, und bietet gleichzeitig eine <strong>Entspannungsmoment<\/strong>. Diese Spielzeuge mit ihren leuchtenden Farben f\u00f6rdern die Neugier und helfen dabei, Tiere und Farben zu erkennen. Warten Sie nicht l\u00e4nger! <strong>Gestalten Sie die Badezeit um<\/strong> in einen Moment puren Vergn\u00fcgens mit unserem Badespielzeug Schwimmende Tiere. <em>Klicken Sie nun auf die Schaltfl\u00e4che \"\"Zum Warenkorb hinzuf\u00fcgen\"\".<\/em> um Ihrem Kind ein Wasserabenteuer zu bescheren, an das es sich erinnern wird\".<\/p>\n<p><img decoding=\"async\" src=\"https:\/\/ae01.alicdn.com\/kf\/Sfe158aea777a44fa8d33c85c05a79f84a.jpg?width=750&amp;height=724&amp;hash=1474\" alt=\"750_17\" title=\"\"><\/p>","protected":false},"excerpt":{"rendered":"<p>Transformez l&#8217;Heure du Bain en un Moment Magique Chaque soir, faites entrer un zoo amusant dans votre salle de bain<\/p>","protected":false},"featured_media":13844,"template":"","meta":[],"product_brand":[],"product_cat":[357,342,343],"product_tag":[],"class_list":{"0":"post-13845","1":"product","2":"type-product","3":"status-publish","4":"has-post-thumbnail","6":"product_cat-jouet-bain","7":"product_cat-jeux-montessori-1an-18mois","8":"product_cat-jeux-montessori-18mois-2ans","10":"first","11":"instock","12":"sale","13":"shipping-taxable","14":"purchasable","15":"product-type-variable"},"_links":{"self":[{"href":"https:\/\/das-montessori-spielzeug.de\/de\/wp-json\/wp\/v2\/product\/13845","targetHints":{"allow":["GET"]}}],"collection":[{"href":"https:\/\/das-montessori-spielzeug.de\/de\/wp-json\/wp\/v2\/product"}],"about":[{"href":"https:\/\/das-montessori-spielzeug.de\/de\/wp-json\/wp\/v2\/types\/product"}],"version-history":[{"count":0,"href":"https:\/\/das-montessori-spielzeug.de\/de\/wp-json\/wp\/v2\/product\/13845\/revisions"}],"wp:featuredmedia":[{"embeddable":true,"href":"https:\/\/das-montessori-spielzeug.de\/de\/wp-json\/wp\/v2\/media\/13844"}],"wp:attachment":[{"href":"https:\/\/das-montessori-spielzeug.de\/de\/wp-json\/wp\/v2\/media?parent=13845"}],"wp:term":[{"taxonomy":"product_brand","embeddable":true,"href":"https:\/\/das-montessori-spielzeug.de\/de\/wp-json\/wp\/v2\/product_brand?post=13845"},{"taxonomy":"product_cat","embeddable":true,"href":"https:\/\/das-montessori-spielzeug.de\/de\/wp-json\/wp\/v2\/product_cat?post=13845"},{"taxonomy":"product_tag","embeddable":true,"href":"https:\/\/das-montessori-spielzeug.de\/de\/wp-json\/wp\/v2\/product_tag?post=13845"}],"curies":[{"name":"wp","href":"https:\/\/api.w.org\/{rel}","templated":true}]}}