{"id":13773,"date":"2023-05-25T23:45:13","date_gmt":"2023-05-25T23:45:13","guid":{"rendered":"https:\/\/das-montessori-spielzeug.de\/?post_type=product&#038;p=13773"},"modified":"2024-03-30T14:43:52","modified_gmt":"2024-03-30T13:43:52","slug":"x-nachziehspiel-elefant","status":"publish","type":"product","link":"https:\/\/das-montessori-spielzeug.de\/de\/product\/x-nachziehspiel-elefant","title":{"rendered":"Ziehspiel \u2013 Elefant"},"content":{"rendered":"<h2>Verwandeln Sie Spielmomente in ein unvergessliches Abenteuer<\/h2>\n<p>Begeben Sie sich auf eine wunderbare Reise mit unserem <strong>Ziehspiel \u2013 Elefant<\/strong>Dieses Buch wurde speziell entwickelt, um die Sinne und die Neugier Ihres Kindes zu wecken. Mit den Ma\u00dfen 13 cm x 18 cm ist es perfekt f\u00fcr kleine H\u00e4nde geeignet und l\u00e4sst sich leicht in die Hand nehmen.<\/p>\n<ul>\n<li>Weckt die Neugierde und regt die Fantasie Ihres Kindes an<\/li>\n<li>Macht Spielmomente lehrreich und unterhaltsam<\/li>\n<li>Leicht zu transportieren und perfekt f\u00fcr kleine H\u00e4nde<\/li>\n<\/ul>\n<p><img decoding=\"async\" src=\"https:\/\/ae01.alicdn.com\/kf\/Sc7f9f4266d8448f587e87ee604fe4af74.jpg?width=750&amp;height=638&amp;hash=1388\" alt=\"\" title=\"\"><\/p>\n<h2>Ein zuverl\u00e4ssiger Montessori-Freund f\u00fcr kleine Entdecker<\/h2>\n<p>Der elegante Holzelefant auf vier R\u00e4dern erleichtert flie\u00dfende Bewegungen und hilft Ihrem Kind so spielerisch, seine Feinmotorik zu entwickeln. Im Sinne der P\u00e4dagogik <em>Montessori<\/em>Es f\u00f6rdert die Selbstst\u00e4ndigkeit und das Selbstvertrauen.<\/p>\n<h2>Ein perfektes Geschenk, das die Kindheit pr\u00e4gen wird<\/h2>\n<p>Bieten Sie Ihrem Kind die M\u00f6glichkeit, mit diesem Nachziehspiel wertvolle Erinnerungen zu schaffen. Es wird nicht nur ein hervorragender Spielkamerad sein, sondern auch eine wertvolle Erinnerung an die Kindheit. <strong>Kaufe das Nachziehspiel - Elefant jetzt<\/strong> und lassen Sie Ihr Kind eine Welt voller Entdeckungen und endlosem Spa\u00df erkunden.<\/p>","protected":false},"excerpt":{"rendered":"<p>Transformez les Moments de Jeu en Une Aventure Inoubliable Embarquez dans un merveilleux voyage avec notre Jeu \u00e0 tirer &#8211;<\/p>","protected":false},"featured_media":13772,"template":"","meta":[],"product_brand":[],"product_cat":[365,342,343],"product_tag":[],"class_list":{"0":"post-13773","1":"product","2":"type-product","3":"status-publish","4":"has-post-thumbnail","6":"product_cat-jeu-pousser-tirer","7":"product_cat-jeux-montessori-1an-18mois","8":"product_cat-jeux-montessori-18mois-2ans","10":"first","11":"outofstock","12":"shipping-taxable","13":"purchasable","14":"product-type-simple"},"_links":{"self":[{"href":"https:\/\/das-montessori-spielzeug.de\/de\/wp-json\/wp\/v2\/product\/13773","targetHints":{"allow":["GET"]}}],"collection":[{"href":"https:\/\/das-montessori-spielzeug.de\/de\/wp-json\/wp\/v2\/product"}],"about":[{"href":"https:\/\/das-montessori-spielzeug.de\/de\/wp-json\/wp\/v2\/types\/product"}],"version-history":[{"count":0,"href":"https:\/\/das-montessori-spielzeug.de\/de\/wp-json\/wp\/v2\/product\/13773\/revisions"}],"wp:featuredmedia":[{"embeddable":true,"href":"https:\/\/das-montessori-spielzeug.de\/de\/wp-json\/wp\/v2\/media\/13772"}],"wp:attachment":[{"href":"https:\/\/das-montessori-spielzeug.de\/de\/wp-json\/wp\/v2\/media?parent=13773"}],"wp:term":[{"taxonomy":"product_brand","embeddable":true,"href":"https:\/\/das-montessori-spielzeug.de\/de\/wp-json\/wp\/v2\/product_brand?post=13773"},{"taxonomy":"product_cat","embeddable":true,"href":"https:\/\/das-montessori-spielzeug.de\/de\/wp-json\/wp\/v2\/product_cat?post=13773"},{"taxonomy":"product_tag","embeddable":true,"href":"https:\/\/das-montessori-spielzeug.de\/de\/wp-json\/wp\/v2\/product_tag?post=13773"}],"curies":[{"name":"wp","href":"https:\/\/api.w.org\/{rel}","templated":true}]}}