{"id":13763,"date":"2023-05-25T23:44:41","date_gmt":"2023-05-25T23:44:41","guid":{"rendered":"https:\/\/das-montessori-spielzeug.de\/?post_type=product&#038;p=13763"},"modified":"2023-07-21T13:36:13","modified_gmt":"2023-07-21T13:36:13","slug":"giraffe-wasserstrahlregner","status":"publish","type":"product","link":"https:\/\/das-montessori-spielzeug.de\/de\/product\/giraffe-wasserstrahlregner","title":{"rendered":"Wasserstrahlregner - Giraffe"},"content":{"rendered":"<h2>Verwandeln Sie das Baden in einen lustigen Moment mit dem Wasserstrahlregner - Giraffe<\/h2>\n<p>Tauchen Sie Ihr Kind mit unserem Wasserstrahlregner in Form einer Giraffe in ein unvergleichliches Badeerlebnis ein. Er ist nicht nur ein <strong>Spielzeug<\/strong>ist eine echte Einladung zum Spa\u00df, die die Neugier Ihres Kindes weckt und seine Badezeit bereichert. Verwandelt das Baden in einen spielerischen Moment Perfekt als Poolspielzeug Beruhigt die Eltern beim Duschen<\/p>\n<p><img decoding=\"async\" src=\"https:\/\/ae01.alicdn.com\/kf\/S9c1122b869dd4fc69a76c174e4daa713v.jpg\" alt=\"\" title=\"\"><\/p>\n<h2>Innovative Technologie f\u00fcr maximalen Spa\u00df<\/h2>\n<p>Die Installation ist kinderleicht. Mit seinen starken Saugn\u00e4pfen l\u00e4sst sich der Rasensprenger einfach an der Wand befestigen und saugt dann das Wasser durch eine Kugel mit vielen L\u00f6chern an. Der schwenkbare Wasserschlauch mit <em>360 Grad<\/em> f\u00fcgt eine interaktive Dimension hinzu, die Ihr Kind fesseln wird.<\/p>\n<p><img decoding=\"async\" src=\"https:\/\/ae01.alicdn.com\/kf\/S7dfc3619e9b6431ea1f72e6c95d0f1019.jpg\" alt=\"\" title=\"\"><\/p>\n<h2>Ein sicheres und ideales Spielzeug f\u00fcr Geschenke<\/h2>\n<p>Die Wasserdichtigkeit des Regners sorgt f\u00fcr optimale Sicherheit bei der Benutzung. Er ist das perfekte Geschenk f\u00fcr eine Babyparty oder einen Geburtstag, \u00fcber das sich Eltern und Kinder gleicherma\u00dfen freuen werden. <em><strong>Bestellen Sie den Giraffen-Wasserstrahlregner jetzt und machen Sie das Baden Ihres Kindes zu einem unvergesslichen Erlebnis!<\/strong><\/em><\/p>","protected":false},"excerpt":{"rendered":"<p>Transformez le Bain en Moment Ludique avec l&#8217;Arroseur \u00e0 Jet d&#8217;Eau &#8211; Girafe Plongez votre enfant dans une exp\u00e9rience de<\/p>","protected":false},"featured_media":13762,"template":"","meta":[],"product_brand":[],"product_cat":[357,342,343],"product_tag":[],"class_list":{"0":"post-13763","1":"product","2":"type-product","3":"status-publish","4":"has-post-thumbnail","6":"product_cat-jouet-bain","7":"product_cat-jeux-montessori-1an-18mois","8":"product_cat-jeux-montessori-18mois-2ans","10":"first","11":"instock","12":"shipping-taxable","13":"purchasable","14":"product-type-simple"},"_links":{"self":[{"href":"https:\/\/das-montessori-spielzeug.de\/de\/wp-json\/wp\/v2\/product\/13763","targetHints":{"allow":["GET"]}}],"collection":[{"href":"https:\/\/das-montessori-spielzeug.de\/de\/wp-json\/wp\/v2\/product"}],"about":[{"href":"https:\/\/das-montessori-spielzeug.de\/de\/wp-json\/wp\/v2\/types\/product"}],"version-history":[{"count":0,"href":"https:\/\/das-montessori-spielzeug.de\/de\/wp-json\/wp\/v2\/product\/13763\/revisions"}],"wp:featuredmedia":[{"embeddable":true,"href":"https:\/\/das-montessori-spielzeug.de\/de\/wp-json\/wp\/v2\/media\/13762"}],"wp:attachment":[{"href":"https:\/\/das-montessori-spielzeug.de\/de\/wp-json\/wp\/v2\/media?parent=13763"}],"wp:term":[{"taxonomy":"product_brand","embeddable":true,"href":"https:\/\/das-montessori-spielzeug.de\/de\/wp-json\/wp\/v2\/product_brand?post=13763"},{"taxonomy":"product_cat","embeddable":true,"href":"https:\/\/das-montessori-spielzeug.de\/de\/wp-json\/wp\/v2\/product_cat?post=13763"},{"taxonomy":"product_tag","embeddable":true,"href":"https:\/\/das-montessori-spielzeug.de\/de\/wp-json\/wp\/v2\/product_tag?post=13763"}],"curies":[{"name":"wp","href":"https:\/\/api.w.org\/{rel}","templated":true}]}}