{"id":13756,"date":"2023-05-25T23:44:20","date_gmt":"2023-05-25T23:44:20","guid":{"rendered":"https:\/\/das-montessori-spielzeug.de\/?post_type=product&#038;p=13756"},"modified":"2023-07-21T13:36:13","modified_gmt":"2023-07-21T13:36:13","slug":"wasserstrahl-regner-poussin","status":"publish","type":"product","link":"https:\/\/das-montessori-spielzeug.de\/de\/product\/wasserstrahl-regner-poussin","title":{"rendered":"Wasserstrahlregner - Poussin"},"content":{"rendered":"<h2>Ein unvergesslicher Bademoment mit dem Wasserstrahlregner - Poussin<\/h2>\n<p>Verwandeln Sie das Baden Ihres Kindes in ein Abenteuer voller Freude und Lachen mit unserem <strong>Wasserstrahlregner - Poussin<\/strong>. Dieses Juwel der Montessori-P\u00e4dagogik wurde entwickelt, um zu bieten :<\/p>\n<ul>\n<li>Spielerische Bademomente, um die Neugier Ihres Kindes zu f\u00f6rdern<\/li>\n<li>A <strong>einfache Installation<\/strong> dank der Saugn\u00e4pfe, macht das Baderitual m\u00fchelos<\/li>\n<li>A <em>Sinneserfahrung<\/em> einzigartig durch den regenbogenf\u00f6rmigen Wolkenkopf des Sprinklers<\/li>\n<\/ul>\n<h2>Ein Geschenk, Das zur Unabh\u00e4ngigkeit ermutigt<\/h2>\n<p>Jeder Wasserstrahlregner - Poussin ist mit einer automatischen Pumpe ausgestattet, die die Selbstst\u00e4ndigkeit Ihres Kindes f\u00f6rdert. Es wird nicht nur lernen, sich selbst zu waschen, sondern auch den <strong>Wasserspa\u00df<\/strong>Die <em>Farben<\/em> und Formen.<\/p>\n<p><img decoding=\"async\" style=\"width: 800px;\" src=\"https:\/\/ae01.alicdn.com\/kf\/H6ab90d271f5a4205b643b96e5920f7472.jpg?width=800&amp;height=1009&amp;hash=1809\" alt=\"\" title=\"\"><\/p>\n<h2>Sicherheit geht vor<\/h2>\n<p>Dieser Sprinkler ist so konzipiert, dass er mit Saugn\u00e4pfen an der Badewanne befestigt werden kann und bietet so optimale Sicherheit. So kann Ihr Kind sein Bad genie\u00dfen, ohne dass die Gefahr besteht, dass es ausrutscht oder hinf\u00e4llt. Als Bonus erhalten Sie die beruhigende Gewissheit, dass Ihr Kleines sicher ist.<\/p>\n<p>Worauf warten Sie also noch? Schenken Sie Ihrem Kind Badezeiten, die es lieben wird und auf die es sich jeden Tag freut. <strong>Bestellen Sie jetzt Ihren Wasserstrahlregner - Poussin und machen Sie das Baden zu einem unvergesslichen Erlebnis!<\/strong><\/p>","protected":false},"excerpt":{"rendered":"<p>Un Moment de Bain Inoubliable avec l&#8217;Arroseur \u00e0 Jet d&#8217;Eau &#8211; Poussin Transformez le bain de votre enfant en une<\/p>","protected":false},"featured_media":13755,"template":"","meta":[],"product_brand":[],"product_cat":[357,342,343],"product_tag":[],"class_list":{"0":"post-13756","1":"product","2":"type-product","3":"status-publish","4":"has-post-thumbnail","6":"product_cat-jouet-bain","7":"product_cat-jeux-montessori-1an-18mois","8":"product_cat-jeux-montessori-18mois-2ans","10":"first","11":"instock","12":"shipping-taxable","13":"purchasable","14":"product-type-simple"},"_links":{"self":[{"href":"https:\/\/das-montessori-spielzeug.de\/de\/wp-json\/wp\/v2\/product\/13756","targetHints":{"allow":["GET"]}}],"collection":[{"href":"https:\/\/das-montessori-spielzeug.de\/de\/wp-json\/wp\/v2\/product"}],"about":[{"href":"https:\/\/das-montessori-spielzeug.de\/de\/wp-json\/wp\/v2\/types\/product"}],"version-history":[{"count":0,"href":"https:\/\/das-montessori-spielzeug.de\/de\/wp-json\/wp\/v2\/product\/13756\/revisions"}],"wp:featuredmedia":[{"embeddable":true,"href":"https:\/\/das-montessori-spielzeug.de\/de\/wp-json\/wp\/v2\/media\/13755"}],"wp:attachment":[{"href":"https:\/\/das-montessori-spielzeug.de\/de\/wp-json\/wp\/v2\/media?parent=13756"}],"wp:term":[{"taxonomy":"product_brand","embeddable":true,"href":"https:\/\/das-montessori-spielzeug.de\/de\/wp-json\/wp\/v2\/product_brand?post=13756"},{"taxonomy":"product_cat","embeddable":true,"href":"https:\/\/das-montessori-spielzeug.de\/de\/wp-json\/wp\/v2\/product_cat?post=13756"},{"taxonomy":"product_tag","embeddable":true,"href":"https:\/\/das-montessori-spielzeug.de\/de\/wp-json\/wp\/v2\/product_tag?post=13756"}],"curies":[{"name":"wp","href":"https:\/\/api.w.org\/{rel}","templated":true}]}}