{"id":13536,"date":"2023-05-20T13:05:08","date_gmt":"2023-05-20T13:05:08","guid":{"rendered":"https:\/\/das-montessori-spielzeug.de\/?post_type=product&#038;p=13536"},"modified":"2026-03-14T20:54:58","modified_gmt":"2026-03-14T19:54:58","slug":"traktionsraupe-antrieb","status":"publish","type":"product","link":"https:\/\/das-montessori-spielzeug.de\/de\/product\/traktionsraupe-antrieb","title":{"rendered":"Antriebstraktionsschiene"},"content":{"rendered":"<h2>Ziehen Sie sie zur\u00fcck und sehen Sie zu, wie sie auf niedliche Weise mit der Traction Propulsion Caterpillar wegf\u00e4hrt.<\/h2>\n<p>Sind Sie bereit, ein einzigartiges Spielzeug zu entdecken, das Ihr Kind begeistern und seine Entwicklung f\u00f6rdern wird? Suchen Sie nicht weiter, die Traction Propulsion Raupe ist da, um die Fantasie und die Lernf\u00e4higkeit Ihres kleinen Schatzes anzuregen!<\/p>\n<ul>\n<li>Stundenlanger Spielspa\u00df: Dank des innovativen Zugmechanismus ziehen Sie diesen niedlichen kleinen Marienk\u00e4fer einfach zur\u00fcck und beobachten, wie er begeistert nach vorne f\u00e4hrt. Ihr Kind wird von den flie\u00dfenden Bewegungen und dem lustigen Rhythmus dieser sich bewegenden Raupe fasziniert sein.<\/li>\n<li>Motorische Entwicklung und Koordination: Wenn Ihr Kind mit der Traktionsraupe Propulsion spielt, verbessert es seine Feinmotorik und seine Koordination, indem es das Spielzeug zieht und damit hantiert. Dies tr\u00e4gt auch dazu bei, die Muskeln in seinen H\u00e4nden und Fingern zu st\u00e4rken und f\u00f6rdert so seine allgemeine Entwicklung.<\/li>\n<li>Sinnesanregung: Die Traktionsraupe Propulsion ist so konzipiert, dass sie eine bereichernde Sinneserfahrung bietet. Die hellen, ansprechenden Farben werden die Aufmerksamkeit Ihres Kindes fesseln, w\u00e4hrend die angenehmen Texturen den Tastsinn stimulieren. Das ist ein wahres Sinneserlebnis!<\/li>\n<\/ul>\n<p><img decoding=\"async\" style=\"width: 800.0px;\" src=\"https:\/\/ae01.alicdn.com\/kf\/S614061055903442f8810972c5ec0b8d2q.jpg?width=1500&amp;height=1500&amp;hash=3000\" alt=\"\" title=\"\"><\/p>\n<p>Stellen Sie sich das Lachen und L\u00e4cheln Ihres Kindes vor, wenn es mit dieser niedlichen Raupe spielt. Schenken Sie ihm ein Spielzeug, das Spa\u00df und Entwicklung miteinander verbindet, und das alles in einem fesselnden Design.<\/p>\n<p>Lassen Sie sich die Gelegenheit nicht entgehen, Ihrem Kind einen lustigen und lehrreichen Spielgef\u00e4hrten zu schenken. Bestellen Sie jetzt die Traktionsraupe Propulsion und lassen Sie Ihr Kind eine Welt voller Spa\u00df und Lernen entdecken!<\/p>\n<p><img decoding=\"async\" style=\"width: 800.0px;\" src=\"https:\/\/ae01.alicdn.com\/kf\/S298c0c27ad814e3baac06e9274477e96t.jpg?width=1500&amp;height=1500&amp;hash=3000\" alt=\"\" title=\"\"><\/p>","protected":false},"excerpt":{"rendered":"<p>Ziehen Sie sie zur\u00fcck und sehen Sie zu, wie sie auf niedliche Weise mit dem Traction Crawler Propulsion loszieht Sind Sie bereit, einen<\/p>","protected":false},"featured_media":13535,"template":"","meta":[],"product_brand":[],"product_cat":[365,342,343],"product_tag":[],"class_list":{"0":"post-13536","1":"product","2":"type-product","3":"status-publish","4":"has-post-thumbnail","6":"product_cat-jeu-pousser-tirer","7":"product_cat-jeux-montessori-1an-18mois","8":"product_cat-jeux-montessori-18mois-2ans","10":"first","11":"instock","12":"shipping-taxable","13":"purchasable","14":"product-type-variable"},"_links":{"self":[{"href":"https:\/\/das-montessori-spielzeug.de\/de\/wp-json\/wp\/v2\/product\/13536","targetHints":{"allow":["GET"]}}],"collection":[{"href":"https:\/\/das-montessori-spielzeug.de\/de\/wp-json\/wp\/v2\/product"}],"about":[{"href":"https:\/\/das-montessori-spielzeug.de\/de\/wp-json\/wp\/v2\/types\/product"}],"version-history":[{"count":0,"href":"https:\/\/das-montessori-spielzeug.de\/de\/wp-json\/wp\/v2\/product\/13536\/revisions"}],"wp:featuredmedia":[{"embeddable":true,"href":"https:\/\/das-montessori-spielzeug.de\/de\/wp-json\/wp\/v2\/media\/13535"}],"wp:attachment":[{"href":"https:\/\/das-montessori-spielzeug.de\/de\/wp-json\/wp\/v2\/media?parent=13536"}],"wp:term":[{"taxonomy":"product_brand","embeddable":true,"href":"https:\/\/das-montessori-spielzeug.de\/de\/wp-json\/wp\/v2\/product_brand?post=13536"},{"taxonomy":"product_cat","embeddable":true,"href":"https:\/\/das-montessori-spielzeug.de\/de\/wp-json\/wp\/v2\/product_cat?post=13536"},{"taxonomy":"product_tag","embeddable":true,"href":"https:\/\/das-montessori-spielzeug.de\/de\/wp-json\/wp\/v2\/product_tag?post=13536"}],"curies":[{"name":"wp","href":"https:\/\/api.w.org\/{rel}","templated":true}]}}