{"id":13523,"date":"2023-05-20T13:04:21","date_gmt":"2023-05-20T13:04:21","guid":{"rendered":"https:\/\/das-montessori-spielzeug.de\/?post_type=product&#038;p=13523"},"modified":"2025-12-19T16:17:39","modified_gmt":"2025-12-19T15:17:39","slug":"ziehspiel-musikalische-schnecke","status":"publish","type":"product","link":"https:\/\/das-montessori-spielzeug.de\/de\/product\/ziehspiel-musikalische-schnecke","title":{"rendered":"Ziehspiel \u2013 Musikalische Schnecke"},"content":{"rendered":"<h2>Begegnen Sie dem Charmanten <em>Musikalische Schnecke<\/em> zu ziehen!<\/h2>\n<p>Stellen Sie sich vor, Ihr Kind ist fasziniert von einem kleinen <strong>Schnecke<\/strong> der in seinem eigenen Tempo krabbelt. Genau das ist es, was unser <em>Ziehspiel \u2013 Musikalische Schnecke<\/em> anbietet. Es ist mehr als nur ein Spielzeug, es ist der ideale Begleiter f\u00fcr die Entwicklung Ihres Kindes.<\/p>\n<ul>\n<li>Sensorische Stimulation: Wenn es eingeschaltet wird, spielt es eine beruhigende Melodie, die das Geh\u00f6r Ihres Kindes anregt.<\/li>\n<li>F\u00f6rderung der motorischen F\u00e4higkeiten: Durch das Ziehen der Schnecke trainiert Ihr Kind seine Hand-Augen-Koordination.<\/li>\n<li>Visuelles Erlebnis: Die Schnecke leuchtet, um die Aufmerksamkeit Ihres Kindes zu fesseln und seine Farbwahrnehmung zu f\u00f6rdern.<\/li>\n<\/ul>\n<p><a href=\"http:\/\/gsp.aliexpress.com\/apps\/product\/publish?spm=5261.ProductManageOnline.0.0.15744edfVzZwyG&amp;productId=1005004781608215#\" target=\"_blank\" rel=\"noopener\"><img decoding=\"async\" src=\"https:\/\/ae01.alicdn.com\/kf\/Sbfe36b2ae31e4ae5b893a30d0c540df9y.jpg?width=790&amp;height=600&amp;hash=1390\" alt=\"\" title=\"\"><\/a><\/p>\n<h2>Ein Spielgef\u00e4hrte <strong><em>Montessori<\/em><\/strong> Perfekt<\/h2>\n<p>In perfekter Harmonie mit der Montessori-Methode f\u00f6rdert diese musikalische Schnecke Unabh\u00e4ngigkeit und Entdeckungsfreude. Sie bietet eine Umgebung f\u00fcr freies und kreatives Lernen. Ihr Kind experimentiert in seinem eigenen Tempo und steigert so sein Selbstvertrauen.<\/p>\n<p><a href=\"http:\/\/gsp.aliexpress.com\/apps\/product\/publish?spm=5261.ProductManageOnline.0.0.15744edfVzZwyG&amp;productId=1005004781608215#\" target=\"_blank\" rel=\"noopener\"><img decoding=\"async\" src=\"https:\/\/ae01.alicdn.com\/kf\/S67680cba80ce434080e3f766252f16869.jpg?width=790&amp;height=1067&amp;hash=1857\" alt=\"\" title=\"\"><\/a><\/p>\n<h2>Die ideale Wahl f\u00fcr verantwortungsbewusste Eltern<\/h2>\n<p>Ihre Zufriedenheit ist unsere oberste Priorit\u00e4t. Wir haben diese Schnecke aus sicheren und ungiftigen Materialien hergestellt. Au\u00dferdem machen ihr attraktives Design und die sanfte Musik sie zu einer perfekten Wahl f\u00fcr alle <strong>Eltern<\/strong> die um die Entwicklung ihrer Kinder besorgt sind.<\/p>\n<p><strong>Verpassen Sie nicht diese Gelegenheit, Ihrem Kind einen au\u00dfergew\u00f6hnlichen Spielkameraden zu schenken!<\/strong> Bestellen Sie jetzt das Nachziehspiel - Musikalische Schnecke und erleben Sie, wie sich Ihr Kleines mit Freude und Neugierde weiterentwickelt.<\/p>\n<p><a href=\"http:\/\/gsp.aliexpress.com\/apps\/product\/publish?spm=5261.ProductManageOnline.0.0.15744edfVzZwyG&amp;productId=1005004781608215#\" target=\"_blank\" rel=\"noopener\"><img decoding=\"async\" src=\"https:\/\/ae01.alicdn.com\/kf\/Sf62523a435594d2798a1ce0a8d748825x.jpg?width=790&amp;height=640&amp;hash=1430\" alt=\"\" title=\"\"><\/a><\/p>","protected":false},"excerpt":{"rendered":"<p>Lernen Sie die charmante musikalische Schnecke zum Ziehen kennen! Stellen Sie sich vor, wie Ihr Kind von einer kleinen Schnecke fasziniert ist, die in ihrem eigenen Rhythmus kriecht.<\/p>","protected":false},"featured_media":13522,"template":"","meta":[],"product_brand":[],"product_cat":[365,342,343],"product_tag":[],"class_list":{"0":"post-13523","1":"product","2":"type-product","3":"status-publish","4":"has-post-thumbnail","6":"product_cat-jeu-pousser-tirer","7":"product_cat-jeux-montessori-1an-18mois","8":"product_cat-jeux-montessori-18mois-2ans","10":"first","11":"instock","12":"shipping-taxable","13":"purchasable","14":"product-type-variable"},"_links":{"self":[{"href":"https:\/\/das-montessori-spielzeug.de\/de\/wp-json\/wp\/v2\/product\/13523","targetHints":{"allow":["GET"]}}],"collection":[{"href":"https:\/\/das-montessori-spielzeug.de\/de\/wp-json\/wp\/v2\/product"}],"about":[{"href":"https:\/\/das-montessori-spielzeug.de\/de\/wp-json\/wp\/v2\/types\/product"}],"version-history":[{"count":0,"href":"https:\/\/das-montessori-spielzeug.de\/de\/wp-json\/wp\/v2\/product\/13523\/revisions"}],"wp:featuredmedia":[{"embeddable":true,"href":"https:\/\/das-montessori-spielzeug.de\/de\/wp-json\/wp\/v2\/media\/13522"}],"wp:attachment":[{"href":"https:\/\/das-montessori-spielzeug.de\/de\/wp-json\/wp\/v2\/media?parent=13523"}],"wp:term":[{"taxonomy":"product_brand","embeddable":true,"href":"https:\/\/das-montessori-spielzeug.de\/de\/wp-json\/wp\/v2\/product_brand?post=13523"},{"taxonomy":"product_cat","embeddable":true,"href":"https:\/\/das-montessori-spielzeug.de\/de\/wp-json\/wp\/v2\/product_cat?post=13523"},{"taxonomy":"product_tag","embeddable":true,"href":"https:\/\/das-montessori-spielzeug.de\/de\/wp-json\/wp\/v2\/product_tag?post=13523"}],"curies":[{"name":"wp","href":"https:\/\/api.w.org\/{rel}","templated":true}]}}