{"id":13506,"date":"2023-05-20T13:03:24","date_gmt":"2023-05-20T13:03:24","guid":{"rendered":"https:\/\/das-montessori-spielzeug.de\/?post_type=product&#038;p=13506"},"modified":"2023-07-21T13:36:11","modified_gmt":"2023-07-21T13:36:11","slug":"schiesspiel-hund","status":"publish","type":"product","link":"https:\/\/das-montessori-spielzeug.de\/de\/product\/schiesspiel-hund","title":{"rendered":"Ziehspiel \u2013 Hund"},"content":{"rendered":"<h2>Entdecke die Magie des Hundes - Montessori Ziehspiel<\/h2>\n<p>Es ist an der Zeit, Ihrem Kind ein einzigartiges Spielerlebnis zu bieten, mit unserem wunderbaren <strong>Dog - Shooting Game<\/strong>. Mit einer praktischen Gr\u00f6\u00dfe von 13 cm x 18 cm verspricht dieses Spielzeug, Ihr Kleines auf die bestm\u00f6gliche Weise zu unterhalten und zu erziehen. Hier erfahren Sie, warum Sie dieses Spiel lieben werden.<\/p>\n<ul>\n<li>Verbesserte Koordination: Mit jedem Schuss verbessert sich die Hand-Augen-Koordination Ihres Kindes.<\/li>\n<li>Sinneswahrnehmung: Die Interaktion mit dem Spielzeug weckt die Neugierde und stimuliert die Sinne.<\/li>\n<li>Mehr Selbstst\u00e4ndigkeit: Ihr Kind entwickelt seine Selbstst\u00e4ndigkeit, indem es das Spielzeug nach Belieben ziehen kann.<\/li>\n<\/ul>\n<h2>Der ideale Begleiter f\u00fcr die Vorstellungskraft Ihres Kindes<\/h2>\n<p>Stellen Sie sich die Freude Ihres Kindes vor, wenn es sieht, dass dieser Hund auf vier R\u00e4dern jeder seiner Bewegungen folgt. Dieser <em>Ziehspiel<\/em> \u00f6ffnet die T\u00fcren zu seiner Fantasie und l\u00e4dt ihn ein, seine eigenen Abenteuer zu gestalten. Er kann mit seinem Hund im Haus, im Park oder sogar bis ans Ende der Welt spazieren gehen!<\/p>\n<h2>Ein nachhaltiges und sicheres Spielzeug f\u00fcr Ihr Kind<\/h2>\n<p>Sicherheit und Nachhaltigkeit sind zwei unserer wichtigsten Verpflichtungen. Dieses Nachziehspielzeug ist aus hochwertigen, widerstandsf\u00e4higen und f\u00fcr Ihr Kind sicheren Materialien hergestellt. So wird es viele Jahre lang Freude an seinem neuen Spielgef\u00e4hrten haben. <strong>The Dog - Shooting Game<\/strong> ist mehr als nur ein Spielzeug, es ist ein Begleiter, der mit Ihrem Kind w\u00e4chst und seine Fantasie und Koordination anregt, w\u00e4hrend es Spa\u00df hat. Und zu guter Letzt: Warten Sie nicht l\u00e4nger, sondern machen Sie Ihr Kind noch heute gl\u00fccklich. <strong>Klicken Sie hier, um Hund - Spiel zum Ziehen jetzt zu Ihrem Warenkorb hinzuzuf\u00fcgen<\/strong>. Machen Sie Ihrem Kind das Geschenk einer bereichernden Spielerfahrung voller Entdeckungen und Freude.<\/p>","protected":false},"excerpt":{"rendered":"<p>D\u00e9couvrez la magie du Chien &#8211; Jeu \u00e0 Tirer Montessori Il est temps d&#8217;offrir \u00e0 votre enfant une exp\u00e9rience de<\/p>","protected":false},"featured_media":13505,"template":"","meta":[],"product_brand":[],"product_cat":[365,342,343],"product_tag":[],"class_list":{"0":"post-13506","1":"product","2":"type-product","3":"status-publish","4":"has-post-thumbnail","6":"product_cat-jeu-pousser-tirer","7":"product_cat-jeux-montessori-1an-18mois","8":"product_cat-jeux-montessori-18mois-2ans","10":"first","11":"instock","12":"shipping-taxable","13":"purchasable","14":"product-type-simple"},"_links":{"self":[{"href":"https:\/\/das-montessori-spielzeug.de\/de\/wp-json\/wp\/v2\/product\/13506","targetHints":{"allow":["GET"]}}],"collection":[{"href":"https:\/\/das-montessori-spielzeug.de\/de\/wp-json\/wp\/v2\/product"}],"about":[{"href":"https:\/\/das-montessori-spielzeug.de\/de\/wp-json\/wp\/v2\/types\/product"}],"version-history":[{"count":0,"href":"https:\/\/das-montessori-spielzeug.de\/de\/wp-json\/wp\/v2\/product\/13506\/revisions"}],"wp:featuredmedia":[{"embeddable":true,"href":"https:\/\/das-montessori-spielzeug.de\/de\/wp-json\/wp\/v2\/media\/13505"}],"wp:attachment":[{"href":"https:\/\/das-montessori-spielzeug.de\/de\/wp-json\/wp\/v2\/media?parent=13506"}],"wp:term":[{"taxonomy":"product_brand","embeddable":true,"href":"https:\/\/das-montessori-spielzeug.de\/de\/wp-json\/wp\/v2\/product_brand?post=13506"},{"taxonomy":"product_cat","embeddable":true,"href":"https:\/\/das-montessori-spielzeug.de\/de\/wp-json\/wp\/v2\/product_cat?post=13506"},{"taxonomy":"product_tag","embeddable":true,"href":"https:\/\/das-montessori-spielzeug.de\/de\/wp-json\/wp\/v2\/product_tag?post=13506"}],"curies":[{"name":"wp","href":"https:\/\/api.w.org\/{rel}","templated":true}]}}