{"id":13489,"date":"2023-05-20T13:02:27","date_gmt":"2023-05-20T13:02:27","guid":{"rendered":"https:\/\/das-montessori-spielzeug.de\/?post_type=product&#038;p=13489"},"modified":"2023-07-28T16:35:29","modified_gmt":"2023-07-28T16:35:29","slug":"nachziehspiel-zebra","status":"publish","type":"product","link":"https:\/\/das-montessori-spielzeug.de\/de\/product\/nachziehspiel-zebra","title":{"rendered":"Ziehspiel \u2013 Zebra"},"content":{"rendered":"<h2>Schenken Sie Ihrem Kind ein Abenteuer mit dem Nachziehspiel - Zebra<\/h2>\n<p>Bereichern Sie die Welt Ihres Kleinkindes mit unserem <strong>Ziehspiel \u2013 Zebra<\/strong>. Ein au\u00dfergew\u00f6hnliches Spielzeug, das die Fantasie anregen und zum Erforschen ermutigen soll. Dieses Spiel bietet :<\/p>\n<ul>\n<li>Eine bereicherte sensorische Entwicklung durch Ber\u00fchrung, Sehen und Bewegung<\/li>\n<li>Verbesserte Feinmotorik durch das F\u00fchren des Zebras<\/li>\n<li>Eine durch Fantasieabenteuer in der Savanne geweckte Kreativit\u00e4t<\/li>\n<\/ul>\n<h2>Ein unwiderstehlicher Begleiter f\u00fcr kleine H\u00e4nde<\/h2>\n<p>Unser robustes und zugleich liebenswertes Zebra ist ideal f\u00fcr kleine H\u00e4nde. Mit seinen Ma\u00dfen von 13 cm x 18 cm l\u00e4sst es sich leicht in die Hand nehmen. <em>Auf 4 R\u00e4dern gezogen<\/em>Wenn Sie ein Kind in den Kindergarten schicken, rollt es sanft und begleitet Ihr Kind auf all seinen Entdeckungsreisen. Es ist mehr als ein Spiel, es ist ein Reisebegleiter f\u00fcr Ihr Kind.<\/p>\n<h2>Eine Investition in das Gl\u00fcck Ihres Kindes<\/h2>\n<p>Inspiriert von der P\u00e4dagogik <strong>Montessori<\/strong>Dieses Nachziehspiel ist viel mehr als nur ein Spielzeug. Es bietet eine Vielzahl von M\u00f6glichkeiten zum Lernen, Entdecken und Spa\u00df haben. Wenn Sie sehen, wie Ihr Kind mit Begeisterung sein Zebra zieht, sehen Sie, wie Ihr Kind w\u00e4chst, erkundet und aufbl\u00fcht.<\/p>\n<p>Warten Sie nicht l\u00e4nger, sondern schenken Sie Ihrem Kind den Begleiter, den es sich w\u00fcnscht. Mit dem <strong>Ziehspiel \u2013 Zebra<\/strong>In der Schule ist jeder Tag ein neues Abenteuer. <em>Schlie\u00dfen Sie sich unserer Familie gl\u00fccklicher Eltern an<\/em> und sehen Sie, wie das L\u00e4cheln Ihres Kindes immer breiter wird.<\/p>\n<p><strong>Bestellen Sie jetzt das Nachziehspiel - Zebra, f\u00fcr unvergessliche Momente und garantiertes Schmunzeln!<\/strong><\/p>","protected":false},"excerpt":{"rendered":"<p>Offrez une aventure \u00e0 votre enfant avec le Jeu \u00e0 tirer &#8211; Z\u00e8bre Enrichissez l&#8217;univers de votre petit avec notre<\/p>","protected":false},"featured_media":13488,"template":"","meta":[],"product_brand":[],"product_cat":[365,342,343],"product_tag":[],"class_list":{"0":"post-13489","1":"product","2":"type-product","3":"status-publish","4":"has-post-thumbnail","6":"product_cat-jeu-pousser-tirer","7":"product_cat-jeux-montessori-1an-18mois","8":"product_cat-jeux-montessori-18mois-2ans","10":"first","11":"instock","12":"shipping-taxable","13":"purchasable","14":"product-type-simple"},"_links":{"self":[{"href":"https:\/\/das-montessori-spielzeug.de\/de\/wp-json\/wp\/v2\/product\/13489","targetHints":{"allow":["GET"]}}],"collection":[{"href":"https:\/\/das-montessori-spielzeug.de\/de\/wp-json\/wp\/v2\/product"}],"about":[{"href":"https:\/\/das-montessori-spielzeug.de\/de\/wp-json\/wp\/v2\/types\/product"}],"version-history":[{"count":0,"href":"https:\/\/das-montessori-spielzeug.de\/de\/wp-json\/wp\/v2\/product\/13489\/revisions"}],"wp:featuredmedia":[{"embeddable":true,"href":"https:\/\/das-montessori-spielzeug.de\/de\/wp-json\/wp\/v2\/media\/13488"}],"wp:attachment":[{"href":"https:\/\/das-montessori-spielzeug.de\/de\/wp-json\/wp\/v2\/media?parent=13489"}],"wp:term":[{"taxonomy":"product_brand","embeddable":true,"href":"https:\/\/das-montessori-spielzeug.de\/de\/wp-json\/wp\/v2\/product_brand?post=13489"},{"taxonomy":"product_cat","embeddable":true,"href":"https:\/\/das-montessori-spielzeug.de\/de\/wp-json\/wp\/v2\/product_cat?post=13489"},{"taxonomy":"product_tag","embeddable":true,"href":"https:\/\/das-montessori-spielzeug.de\/de\/wp-json\/wp\/v2\/product_tag?post=13489"}],"curies":[{"name":"wp","href":"https:\/\/api.w.org\/{rel}","templated":true}]}}