{"id":13472,"date":"2023-05-20T13:01:32","date_gmt":"2023-05-20T13:01:32","guid":{"rendered":"https:\/\/das-montessori-spielzeug.de\/?post_type=product&#038;p=13472"},"modified":"2023-07-21T13:36:10","modified_gmt":"2023-07-21T13:36:10","slug":"nachziehspiel-krabbe","status":"publish","type":"product","link":"https:\/\/das-montessori-spielzeug.de\/de\/product\/nachziehspiel-krabbe","title":{"rendered":"Ziehspiel \u2013 Krabbe"},"content":{"rendered":"<h2>Erwecken Sie die Vorstellungskraft mit dem <em><strong>Ziehspiel \u2013 Krabbe<\/strong><\/em><\/h2>\n<p>Perfekt, um die Fantasie Ihrer Kinder anzuregen, ist dieses <em><strong>Ziehspiel \u2013 Krabbe<\/strong><\/em> bietet eine Welt voller Entdeckungen. Eltern ab 30 Jahren werden die :<\/p>\n<ul>\n<li>Kognitive Stimulation - Es f\u00f6rdert die Erkundung, entwickelt motorische F\u00e4higkeiten und die Hand-Augen-Koordination.<\/li>\n<li>K\u00f6rperliche Interaktionen - Ihr Kind bewegt sich, hat Spa\u00df und lernt, w\u00e4hrend es unterhalten wird.<\/li>\n<li>Sichere Materialien - Gebaut, um lange zu halten, ohne die Gesundheit Ihres Kindes zu gef\u00e4hrden.<\/li>\n<\/ul>\n<p>&nbsp;<\/p>\n<h2><em><strong>Ziehspiel \u2013 Krabbe<\/strong><\/em> : F\u00fcr unvergessliche Momente<\/h2>\n<p>Stellen Sie sich das L\u00e4cheln Ihres Kindes und seine vor Freude funkelnden Augen vor, wenn es dieses vibrierende und farbenfrohe Nachziehspiel entdeckt. Es ist nicht einfach nur ein Spielzeug, sondern eine Einladung zu einem Abenteuer voller Entdeckungen und Staunen. Ein <em><strong>Krabbe auf 4 R\u00e4dern<\/strong><\/em>Dieses Buch ist ein idealer Spielgef\u00e4hrte, der Ihr Kind bei seinen ersten Erkundungen der Welt begleitet.<\/p>\n<h2><em><strong>Montessori<\/strong><\/em> in die Reichweite aller mit dem <em><strong>Ziehspiel \u2013 Krabbe<\/strong><\/em><\/h2>\n<p>Diese <em><strong>Ziehspiel \u2013 Krabbe<\/strong><\/em>ist nicht nur ein Genuss f\u00fcr die Sinne, sondern macht Ihr Kind auch mit der Montessori-Philosophie vertraut. Das Kind wird sich seiner Bewegungen bewusst, entwickelt seine Feinmotorik und st\u00e4rkt sein Selbstvertrauen. Perfekte Gr\u00f6\u00dfe von 13cm x 18cm f\u00fcr kleine H\u00e4nde. Es wurde entwickelt, um die nat\u00fcrliche Entwicklung Ihres Kindes zu begleiten und zu f\u00f6rdern.<\/p>\n<p>Warten Sie nicht l\u00e4nger, <strong>F\u00fcge das Nachziehspiel - Krabbe jetzt zu deinem Warenkorb hinzu<\/strong> und bieten Sie Ihrem Kind die M\u00f6glichkeit, spielerisch zu lernen!<\/p>","protected":false},"excerpt":{"rendered":"<p>\u00c9veillez l&#8217;Imagination avec le Jeu \u00e0 tirer &#8211; Crabe Parfait pour \u00e9veiller l&#8217;imagination de vos enfants, ce Jeu \u00e0 tirer<\/p>","protected":false},"featured_media":13471,"template":"","meta":[],"product_brand":[],"product_cat":[365,342,343],"product_tag":[],"class_list":{"0":"post-13472","1":"product","2":"type-product","3":"status-publish","4":"has-post-thumbnail","6":"product_cat-jeu-pousser-tirer","7":"product_cat-jeux-montessori-1an-18mois","8":"product_cat-jeux-montessori-18mois-2ans","10":"first","11":"instock","12":"shipping-taxable","13":"purchasable","14":"product-type-simple"},"_links":{"self":[{"href":"https:\/\/das-montessori-spielzeug.de\/de\/wp-json\/wp\/v2\/product\/13472","targetHints":{"allow":["GET"]}}],"collection":[{"href":"https:\/\/das-montessori-spielzeug.de\/de\/wp-json\/wp\/v2\/product"}],"about":[{"href":"https:\/\/das-montessori-spielzeug.de\/de\/wp-json\/wp\/v2\/types\/product"}],"version-history":[{"count":0,"href":"https:\/\/das-montessori-spielzeug.de\/de\/wp-json\/wp\/v2\/product\/13472\/revisions"}],"wp:featuredmedia":[{"embeddable":true,"href":"https:\/\/das-montessori-spielzeug.de\/de\/wp-json\/wp\/v2\/media\/13471"}],"wp:attachment":[{"href":"https:\/\/das-montessori-spielzeug.de\/de\/wp-json\/wp\/v2\/media?parent=13472"}],"wp:term":[{"taxonomy":"product_brand","embeddable":true,"href":"https:\/\/das-montessori-spielzeug.de\/de\/wp-json\/wp\/v2\/product_brand?post=13472"},{"taxonomy":"product_cat","embeddable":true,"href":"https:\/\/das-montessori-spielzeug.de\/de\/wp-json\/wp\/v2\/product_cat?post=13472"},{"taxonomy":"product_tag","embeddable":true,"href":"https:\/\/das-montessori-spielzeug.de\/de\/wp-json\/wp\/v2\/product_tag?post=13472"}],"curies":[{"name":"wp","href":"https:\/\/api.w.org\/{rel}","templated":true}]}}