{"id":13437,"date":"2023-05-20T12:59:40","date_gmt":"2023-05-20T12:59:40","guid":{"rendered":"https:\/\/das-montessori-spielzeug.de\/?post_type=product&#038;p=13437"},"modified":"2023-07-21T13:36:09","modified_gmt":"2023-07-21T13:36:09","slug":"nachziehspiel-pinguin","status":"publish","type":"product","link":"https:\/\/das-montessori-spielzeug.de\/de\/product\/nachziehspiel-pinguin","title":{"rendered":"Ziehspiel \u2013 Pinguin"},"content":{"rendered":"<h2>Wecken Sie die Fantasie mit dem Hund - Montessori Ziehspiel<\/h2>\n<p>Lassen Sie Ihr Kind <b>erkunden<\/b> und <u>entdecken<\/u> mit unserem Hund - Spiel zum Nachziehen. Kleines aber <i>m\u00e4chtig<\/i>Dieses 13 cm x 18 cm gro\u00dfe Wunderwerk ist das perfekte Werkzeug f\u00fcr die Entwicklung Ihres Kindes.<\/p>\n<ul>\n<li>Stimuliert die Hand-Augen-Koordination<\/li>\n<li>F\u00f6rdert Autonomie und Unabh\u00e4ngigkeit<\/li>\n<li>Verbessert das Gleichgewicht und die Motorik<\/li>\n<\/ul>\n<h2>Ein Spiel, das zum Begleiter wird<\/h2>\n<p>Jedes Kind verdient einen <b>Begleiter<\/b> auf seiner Wachstumsreise. Dieser Hund - Nachziehspielzeug ist mehr als nur ein Spielzeug, es ist ein <u>Freund<\/u> treu. Stellen Sie sich das L\u00e4cheln Ihres Kindes vor, wenn es seinen neuen besten Freund auf seinen vier <i>R\u00e4der<\/i> robust, empfinden eine <b>Freude<\/b> ohne Ende. Es ist eine <u>Erfahrung<\/u> die \u00fcber das blo\u00dfe Spielen hinausgeht.<\/p>\n<h2>Perfektes Geschenk f\u00fcr kleine Entdecker<\/h2>\n<p>Unser Hund - Spiel zum Nachziehen ist mehr als nur ein <u>Spielzeug<\/u>. Es ist ein <b>Geschenk<\/b> um die Vorstellungskraft zu n\u00e4hren, die <u>Neugierde<\/u> und die Unabh\u00e4ngigkeit f\u00f6rdern. Mit seinem Design <b>Montessori<\/b>Es bietet eine Einf\u00fchrung <i>am\u00fcsant<\/i> und <u>lehrreiche<\/u> in die Welt des autonomen Lernens.<\/p>\n<p><b>Haben Sie schon einmal \u00fcber ein besseres Geschenk f\u00fcr Ihr Kind nachgedacht? <\/b><\/p>\n<p>Mit dem Hund - Spiel zum Ziehen schenken Sie eine <i>Abenteuer<\/i> zu Ihrem kleinen Entdecker und beobachten Sie, wie er w\u00e4chst, lernt und gedeiht. Es ist mehr als ein Spiel, es ist ein <b>Begleiter<\/b> des Wachstums.<\/p>\n<p style=\"text-align: center;\"><b>Lassen Sie sich diese Gelegenheit nicht entgehen!<\/b> Erleben Sie die Freude am Lernen mit dem Hund - Spiel zum Nachziehen.<\/p>","protected":false},"excerpt":{"rendered":"<p>\u00c9veillez l&#8217;Imagination avec le Chien &#8211; Jeu \u00e0 Tirer Montessori Laissez votre petit explorer et d\u00e9couvrir avec notre Chien &#8211;<\/p>","protected":false},"featured_media":13510,"template":"","meta":[],"product_brand":[],"product_cat":[365,342,343],"product_tag":[],"class_list":{"0":"post-13437","1":"product","2":"type-product","3":"status-publish","4":"has-post-thumbnail","6":"product_cat-jeu-pousser-tirer","7":"product_cat-jeux-montessori-1an-18mois","8":"product_cat-jeux-montessori-18mois-2ans","10":"first","11":"instock","12":"shipping-taxable","13":"purchasable","14":"product-type-simple"},"_links":{"self":[{"href":"https:\/\/das-montessori-spielzeug.de\/de\/wp-json\/wp\/v2\/product\/13437","targetHints":{"allow":["GET"]}}],"collection":[{"href":"https:\/\/das-montessori-spielzeug.de\/de\/wp-json\/wp\/v2\/product"}],"about":[{"href":"https:\/\/das-montessori-spielzeug.de\/de\/wp-json\/wp\/v2\/types\/product"}],"version-history":[{"count":0,"href":"https:\/\/das-montessori-spielzeug.de\/de\/wp-json\/wp\/v2\/product\/13437\/revisions"}],"wp:featuredmedia":[{"embeddable":true,"href":"https:\/\/das-montessori-spielzeug.de\/de\/wp-json\/wp\/v2\/media\/13510"}],"wp:attachment":[{"href":"https:\/\/das-montessori-spielzeug.de\/de\/wp-json\/wp\/v2\/media?parent=13437"}],"wp:term":[{"taxonomy":"product_brand","embeddable":true,"href":"https:\/\/das-montessori-spielzeug.de\/de\/wp-json\/wp\/v2\/product_brand?post=13437"},{"taxonomy":"product_cat","embeddable":true,"href":"https:\/\/das-montessori-spielzeug.de\/de\/wp-json\/wp\/v2\/product_cat?post=13437"},{"taxonomy":"product_tag","embeddable":true,"href":"https:\/\/das-montessori-spielzeug.de\/de\/wp-json\/wp\/v2\/product_tag?post=13437"}],"curies":[{"name":"wp","href":"https:\/\/api.w.org\/{rel}","templated":true}]}}