{"id":13421,"date":"2023-05-20T12:58:48","date_gmt":"2023-05-20T12:58:48","guid":{"rendered":"https:\/\/das-montessori-spielzeug.de\/?post_type=product&#038;p=13421"},"modified":"2023-07-21T13:36:09","modified_gmt":"2023-07-21T13:36:09","slug":"schiebespiel-frosch","status":"publish","type":"product","link":"https:\/\/das-montessori-spielzeug.de\/de\/product\/schiebespiel-frosch","title":{"rendered":"Schiebespiel \u2013 Frosch"},"content":{"rendered":"<h2>Verlassen Sie sich bei der Entwicklung Ihres Kindes auf das Schiebespiel \"Frosch\".<\/h2>\n<p>Faszinierend, unsere kleine <strong>Frosch<\/strong> auf zwei R\u00e4dern ist nicht einfach nur ein Spielzeug. Es ist ein echter Lernbegleiter f\u00fcr Ihre Kinder. Wenn sie es schieben, erkunden sie mit Freude und Entschlossenheit die Welt.<\/p>\n<ul>\n<li>F\u00f6rdert die Motorik: Indem Ihr Kind den Frosch f\u00fchrt, st\u00e4rkt es seine Hand-Augen-Koordination und seine Grobmotorik.<\/li>\n<li><em>Regt die Vorstellungskraft an<\/em> Bei jedem Spaziergang entsteht ein neues Abenteuer. Das regt die Fantasie Ihres Kindes an!<\/li>\n<li><strong>f\u00f6rdert die Selbstst\u00e4ndigkeit<\/strong> : Ein Schritt nach dem anderen, Ihr Kind gewinnt Vertrauen in seine F\u00e4higkeiten, ein Schl\u00fcsselelement der Montessori-P\u00e4dagogik.<\/li>\n<\/ul>\n<h2>Ein umweltfreundliches Spiel<\/h2>\n<p>Dieses Spiel zum Schieben - <strong>Frosch<\/strong> ist aus nachhaltigem Holz gefertigt. Es eignet sich perfekt f\u00fcr umweltbewusste Eltern und sorgt f\u00fcr eine lange Haltbarkeit sowie gesunde und sichere Spielstunden.<\/p>\n<h2>Schenken Sie ihnen den perfekten Begleiter f\u00fcr ihre Abenteuer<\/h2>\n<p>Jeder Ausflug wird zu einer Erkundungstour mit unserem Schiebespiel. Kein Zweifel, die <em>Frosch<\/em> wird kleine angehende Abenteurer begeistern und sie dazu ermutigen, ihre Umgebung mit Neugier und Freude zu entdecken. <strong>Jetzt bestellen<\/strong> und entdecken Sie das strahlende L\u00e4cheln Ihres Kindes, wenn es seinen Frosch durch tausend und ein Abenteuer f\u00fchrt! Das Schiebespiel - Frosch, mehr als ein Spielzeug, ein Partner zur F\u00f6rderung der Entwicklung.<\/p>","protected":false},"excerpt":{"rendered":"<p>Faites Confiance au Jeu \u00e0 Pousser &#8211; Grenouille pour Le D\u00e9veloppement de Votre Enfant Fascinante, notre petite grenouille \u00e0 deux<\/p>","protected":false},"featured_media":13420,"template":"","meta":[],"product_brand":[],"product_cat":[365,342,343],"product_tag":[],"class_list":{"0":"post-13421","1":"product","2":"type-product","3":"status-publish","4":"has-post-thumbnail","6":"product_cat-jeu-pousser-tirer","7":"product_cat-jeux-montessori-1an-18mois","8":"product_cat-jeux-montessori-18mois-2ans","10":"first","11":"instock","12":"shipping-taxable","13":"purchasable","14":"product-type-simple"},"_links":{"self":[{"href":"https:\/\/das-montessori-spielzeug.de\/de\/wp-json\/wp\/v2\/product\/13421","targetHints":{"allow":["GET"]}}],"collection":[{"href":"https:\/\/das-montessori-spielzeug.de\/de\/wp-json\/wp\/v2\/product"}],"about":[{"href":"https:\/\/das-montessori-spielzeug.de\/de\/wp-json\/wp\/v2\/types\/product"}],"version-history":[{"count":0,"href":"https:\/\/das-montessori-spielzeug.de\/de\/wp-json\/wp\/v2\/product\/13421\/revisions"}],"wp:featuredmedia":[{"embeddable":true,"href":"https:\/\/das-montessori-spielzeug.de\/de\/wp-json\/wp\/v2\/media\/13420"}],"wp:attachment":[{"href":"https:\/\/das-montessori-spielzeug.de\/de\/wp-json\/wp\/v2\/media?parent=13421"}],"wp:term":[{"taxonomy":"product_brand","embeddable":true,"href":"https:\/\/das-montessori-spielzeug.de\/de\/wp-json\/wp\/v2\/product_brand?post=13421"},{"taxonomy":"product_cat","embeddable":true,"href":"https:\/\/das-montessori-spielzeug.de\/de\/wp-json\/wp\/v2\/product_cat?post=13421"},{"taxonomy":"product_tag","embeddable":true,"href":"https:\/\/das-montessori-spielzeug.de\/de\/wp-json\/wp\/v2\/product_tag?post=13421"}],"curies":[{"name":"wp","href":"https:\/\/api.w.org\/{rel}","templated":true}]}}