{"id":13372,"date":"2023-05-19T21:59:27","date_gmt":"2023-05-19T21:59:27","guid":{"rendered":"https:\/\/das-montessori-spielzeug.de\/?post_type=product&#038;p=13372"},"modified":"2024-02-23T16:06:40","modified_gmt":"2024-02-23T15:06:40","slug":"tangram-buntes-herz","status":"publish","type":"product","link":"https:\/\/das-montessori-spielzeug.de\/de\/product\/tangram-buntes-herz","title":{"rendered":"Buntes Herz-Tangram"},"content":{"rendered":"<h2>Verwandeln Sie die Lernzeit in einen Moment des Vergn\u00fcgens mit dem <strong>Buntes Herz-Tangram<\/strong><\/h2>\n<p>Entdecken Sie die <em>Buntes Herz-Tangram<\/em>Ein wunderbares Montessori-Lernmittel, das den kreativen Geist Ihrer Kinder f\u00f6rdert. Es umfasst :<\/p>\n<ul>\n<li>Eine verst\u00e4rkte Eltern-Kind-Interaktion<\/li>\n<li>Eine kognitive und kreative Entwicklung<\/li>\n<li>Spielerisches und spannendes Lernen<\/li>\n<\/ul>\n<p><img decoding=\"async\" style=\"width: 800px;\" src=\"https:\/\/ae01.alicdn.com\/kf\/Sddf6e66da10d473d81e50bd0da79a38cr.jpg\" alt=\"\" title=\"\"><\/p>\n<h2>F\u00f6rdern Sie die Kreativit\u00e4t Ihres Kindes durch das Spiel<\/h2>\n<p>Entdecken Sie die Welt der Formen und Farben in diesem <strong>Tangram<\/strong>. Lassen Sie Ihr Kind in die Welt des Spiels eintauchen, w\u00e4hrend es gleichzeitig lernt. Die vielen bunten Teile, die sorgf\u00e4ltig in einem Holzherz angeordnet sind, laden Ihr Kind dazu ein, seine Kreativit\u00e4t und Geschicklichkeit auf eine Weise auszudr\u00fccken, die <strong>am\u00fcsant<\/strong> und <em>fesselnd<\/em>.<\/p>\n<p><img decoding=\"async\" style=\"width: 800px;\" src=\"https:\/\/ae01.alicdn.com\/kf\/S819c5b23388546de858a91cc82c00367y.jpg\" alt=\"\" title=\"\"><\/p>\n<h2>F\u00f6rdern Sie die kognitive Entwicklung Ihres Kleinkindes<\/h2>\n<p>Die <em>Buntes Herz-Tangram<\/em> f\u00f6rdert authentisches Montessori-Lernen. Es f\u00f6rdert das Probleml\u00f6sen, das logische Denken, das Erkennen von Formen und die Hand-Augen-Koordination. Ihr Kind wird von einer Lernerfahrung profitieren, die mehr <em>reich<\/em> und <strong>angenehm<\/strong>.<\/p>\n<p>Verwandeln Sie jeden Moment in eine Gelegenheit zum Lernen und Wachsen. Lassen Sie Ihr Kind die Freude am selbstst\u00e4ndigen Lernen entdecken. Kaufen Sie den <strong>Buntes Herz-Tangram<\/strong> heute und <em>\u00f6ffne die T\u00fcr<\/em> zu einer Welt des Lernens <strong>lustig<\/strong> und innovativ.<\/p>\n<p><strong>Bestellen Sie jetzt Ihr Tangram Buntes Herz und verwandeln Sie das Lernen Ihres Kindes in ein spannendes Abenteuer!<\/strong><\/p>\n<p><img decoding=\"async\" style=\"width: 800px;\" src=\"https:\/\/ae01.alicdn.com\/kf\/S2d92fade7e1c4fbe996615c9a1b78cd4O.jpg\" alt=\"\" title=\"\"><\/p>","protected":false},"excerpt":{"rendered":"<p>Transformez le temps d&#8217;apprentissage en moment de plaisir avec le Tangram Coeur Color\u00e9 D\u00e9couvrez le Tangram Coeur Color\u00e9, un merveilleux<\/p>","protected":false},"featured_media":13371,"template":"","meta":[],"product_brand":[],"product_cat":[456,342,343,344],"product_tag":[],"class_list":{"0":"post-13372","1":"product","2":"type-product","3":"status-publish","4":"has-post-thumbnail","6":"product_cat-tangram-montessori","7":"product_cat-jeux-montessori-1an-18mois","8":"product_cat-jeux-montessori-18mois-2ans","9":"product_cat-jeux-montessori-2ans-3-ans","11":"first","12":"outofstock","13":"sale","14":"shipping-taxable","15":"purchasable","16":"product-type-simple"},"_links":{"self":[{"href":"https:\/\/das-montessori-spielzeug.de\/de\/wp-json\/wp\/v2\/product\/13372","targetHints":{"allow":["GET"]}}],"collection":[{"href":"https:\/\/das-montessori-spielzeug.de\/de\/wp-json\/wp\/v2\/product"}],"about":[{"href":"https:\/\/das-montessori-spielzeug.de\/de\/wp-json\/wp\/v2\/types\/product"}],"version-history":[{"count":0,"href":"https:\/\/das-montessori-spielzeug.de\/de\/wp-json\/wp\/v2\/product\/13372\/revisions"}],"wp:featuredmedia":[{"embeddable":true,"href":"https:\/\/das-montessori-spielzeug.de\/de\/wp-json\/wp\/v2\/media\/13371"}],"wp:attachment":[{"href":"https:\/\/das-montessori-spielzeug.de\/de\/wp-json\/wp\/v2\/media?parent=13372"}],"wp:term":[{"taxonomy":"product_brand","embeddable":true,"href":"https:\/\/das-montessori-spielzeug.de\/de\/wp-json\/wp\/v2\/product_brand?post=13372"},{"taxonomy":"product_cat","embeddable":true,"href":"https:\/\/das-montessori-spielzeug.de\/de\/wp-json\/wp\/v2\/product_cat?post=13372"},{"taxonomy":"product_tag","embeddable":true,"href":"https:\/\/das-montessori-spielzeug.de\/de\/wp-json\/wp\/v2\/product_tag?post=13372"}],"curies":[{"name":"wp","href":"https:\/\/api.w.org\/{rel}","templated":true}]}}