{"id":13331,"date":"2023-05-19T14:35:42","date_gmt":"2023-05-19T14:35:42","guid":{"rendered":"https:\/\/das-montessori-spielzeug.de\/?post_type=product&#038;p=13331"},"modified":"2023-07-21T13:36:06","modified_gmt":"2023-07-21T13:36:06","slug":"tangram-wurfel-schwarz-weis-grau","status":"publish","type":"product","link":"https:\/\/das-montessori-spielzeug.de\/de\/product\/tangram-wurfel-schwarz-weis-grau","title":{"rendered":"Tangram-W\u00fcrfel Schwarz Wei\u00df Grau"},"content":{"rendered":"<h2>Erkunden Sie die spannende Welt des <strong>Tangram aus Holz 3D-W\u00fcrfel Schwarz Wei\u00df Grau<\/strong><\/h2>\n<p>Wer sagt, dass Lernen keinen Spa\u00df machen kann? Lassen Sie Ihre Kinder die Welt interaktiv entdecken mit unserem Tangram aus Holz 3D-W\u00fcrfel Schwarz Wei\u00df Grau. Ein Spielzeug, das sich durch folgende Merkmale auszeichnet<\/p>\n<ul>\n<li>Die Anregung der Vorstellungskraft und der Kreativit\u00e4t<\/li>\n<li>Die Verbesserung der Hand-Augen-Koordination<\/li>\n<li>Die St\u00e4rkung der Probleml\u00f6sungskompetenz<em>s<\/em><\/li>\n<\/ul>\n<h2>Erleben Sie die Freude am Lernen mit dem Holz-Tangram<\/h2>\n<p>Jedes Teil unseres Tangrams aus Holz 3D-W\u00fcrfel Schwarz Wei\u00df Grau wurde sorgf\u00e4ltig entworfen, um nicht nur die Sicherheit Ihrer Kinder zu gew\u00e4hrleisten, sondern auch ihre Unterhaltung und ihren Lernerfolg. Jeder Block ist leicht zu handhaben und erm\u00f6glicht es Ihrem Kind, verschiedene Formen und Muster zu erforschen, was zur Entwicklung von Kreativit\u00e4t und logischem Denken beitr\u00e4gt. Das nat\u00fcrliche Holz, das sich weich anf\u00fchlt, verst\u00e4rkt den Kontakt mit der Natur und f\u00f6rdert so den Respekt und das Wissen \u00fcber die Umwelt.<\/p>\n<p>Stellen Sie sich vor, wie viel Spa\u00df sie haben werden, wenn sie diese Bl\u00f6cke zu Formen und Bildern zusammensetzen. Es ist ein Moment der puren Freude, der Entdeckung, aber auch eine unsch\u00e4tzbare Lernm\u00f6glichkeit. Und was gibt es Sch\u00f6neres, als zu sehen, wie Ihr Kind mit Spa\u00df aufw\u00e4chst? Das ist Montessori!<\/p>\n<h2>Entdecken Sie das Tangram aus Holz in Schwarz Wei\u00df Grau: Ein Spielzeug, unendlich viele M\u00f6glichkeiten<\/h2>\n<p>Unser Tangram Holzw\u00fcrfel 3D Schwarz Wei\u00df Grau ist nicht einfach nur ein Spielzeug, sondern eine Einladung zum Erforschen, Vorstellen und Erschaffen. Die Kombinationsm\u00f6glichkeiten sind endlos, ebenso wie die F\u00e4higkeiten, die Ihr Kind beim Spielen erwerben kann. Dar\u00fcber hinaus sorgt das einfarbige Design f\u00fcr einen Hauch von Eleganz und f\u00f6rdert die Entwicklung der visuellen Wahrnehmung.<\/p>\n<p>Mit dem Tangram Holzw\u00fcrfel 3D Schwarz Wei\u00df Grau spielt Ihr Kind nicht nur, es lernt und w\u00e4chst. Es f\u00f6rdert das logische und kritische Denken, entwickelt die Hand-Augen-Koordination und regt zur Probleml\u00f6sung an. Es ist ein Lernmittel, das das Tempo jedes Kindes respektiert und es gleichzeitig stundenlang unterh\u00e4lt und fesselt.<\/p>\n<p>Dann warten Sie nicht l\u00e4nger! Erleben Sie, wie viel Spa\u00df das Lernen macht und wie interaktiv es ist. <strong>Vertrauen Sie auf unsere Holz Tangram 3D W\u00fcrfel Schwarz Wei\u00df Grau<\/strong>. Ihr Kind wird es lieben - und Sie auch! <strong><a>F\u00fcgen Sie es jetzt Ihrem Warenkorb hinzu!&lt;\/<\/a><\/strong><\/p>","protected":false},"excerpt":{"rendered":"<p>Explorez le monde passionnant du Tangram en Bois Cubes 3D Noir Blanc Gris Qui a dit que l&#8217;apprentissage ne pouvait<\/p>","protected":false},"featured_media":13330,"template":"","meta":[],"product_brand":[],"product_cat":[456,342,343,344],"product_tag":[],"class_list":{"0":"post-13331","1":"product","2":"type-product","3":"status-publish","4":"has-post-thumbnail","6":"product_cat-tangram-montessori","7":"product_cat-jeux-montessori-1an-18mois","8":"product_cat-jeux-montessori-18mois-2ans","9":"product_cat-jeux-montessori-2ans-3-ans","11":"first","12":"instock","13":"sale","14":"shipping-taxable","15":"purchasable","16":"product-type-simple"},"_links":{"self":[{"href":"https:\/\/das-montessori-spielzeug.de\/de\/wp-json\/wp\/v2\/product\/13331","targetHints":{"allow":["GET"]}}],"collection":[{"href":"https:\/\/das-montessori-spielzeug.de\/de\/wp-json\/wp\/v2\/product"}],"about":[{"href":"https:\/\/das-montessori-spielzeug.de\/de\/wp-json\/wp\/v2\/types\/product"}],"version-history":[{"count":0,"href":"https:\/\/das-montessori-spielzeug.de\/de\/wp-json\/wp\/v2\/product\/13331\/revisions"}],"wp:featuredmedia":[{"embeddable":true,"href":"https:\/\/das-montessori-spielzeug.de\/de\/wp-json\/wp\/v2\/media\/13330"}],"wp:attachment":[{"href":"https:\/\/das-montessori-spielzeug.de\/de\/wp-json\/wp\/v2\/media?parent=13331"}],"wp:term":[{"taxonomy":"product_brand","embeddable":true,"href":"https:\/\/das-montessori-spielzeug.de\/de\/wp-json\/wp\/v2\/product_brand?post=13331"},{"taxonomy":"product_cat","embeddable":true,"href":"https:\/\/das-montessori-spielzeug.de\/de\/wp-json\/wp\/v2\/product_cat?post=13331"},{"taxonomy":"product_tag","embeddable":true,"href":"https:\/\/das-montessori-spielzeug.de\/de\/wp-json\/wp\/v2\/product_tag?post=13331"}],"curies":[{"name":"wp","href":"https:\/\/api.w.org\/{rel}","templated":true}]}}