{"id":13286,"date":"2023-05-19T14:33:05","date_gmt":"2023-05-19T14:33:05","guid":{"rendered":"https:\/\/das-montessori-spielzeug.de\/?post_type=product&#038;p=13286"},"modified":"2023-07-21T13:36:05","modified_gmt":"2023-07-21T13:36:05","slug":"tangram-meerestiere-2","status":"publish","type":"product","link":"https:\/\/das-montessori-spielzeug.de\/de\/product\/tangram-meerestiere-2","title":{"rendered":"Tangram-Meerestiere"},"content":{"rendered":"<h2>Tauchen Sie mit dem Tangram Meerestiere in die Welt der Meere ein.<\/h2>\n<p>Erleben Sie ein bereicherndes Spielerlebnis mit unserem <strong>Tangram-Meerestiere<\/strong>. Ein echtes Eintauchen in die Unterwasserwelt, w\u00e4hrend man lernt und Spa\u00df hat.<\/p>\n<ul>\n<li>Weckt die Neugier: Ihr Kind erkundet den weiten Ozean und seine unglaublichen Kreaturen und weckt damit seinen Sinn f\u00fcr Abenteuer.<\/li>\n<li>F\u00f6rdert die Kreativit\u00e4t: Mit den vielf\u00e4ltigen und farbenfrohen Formen sind der Fantasie Ihres Kindes keine Grenzen gesetzt.<\/li>\n<li>F\u00f6rdert die motorischen F\u00e4higkeiten: Durch das Hantieren mit den Teilen verbessert Ihr Kind seine Hand-Augen-Koordination.<\/li>\n<\/ul>\n<p>&nbsp;<\/p>\n<p><img decoding=\"async\" src=\"https:\/\/ae01.alicdn.com\/kf\/H9607df57a7f54f21baff379500e57271Y.jpg\" alt=\"\" title=\"\"><\/p>\n<h2>Nehmen Sie einen Montessori-Ansatz f\u00fcr das Lernen an<\/h2>\n<p>Unser Tangram Meerestiere ist mehr als nur ein Spielzeug. Es ist ein p\u00e4dagogisches Hilfsmittel, das auf der Montessori-Methode basiert und die Selbstst\u00e4ndigkeit des Kindes f\u00f6rdert. Die vielf\u00e4ltigen Formen und ihre Anordnung <em>regen die Logik an<\/em> und das r\u00e4umliche Denken. Das Puzzle f\u00f6rdert nicht nur die kognitiven F\u00e4higkeiten, sondern auch die sozialen Kompetenzen, indem es das Teilen und die Zusammenarbeit f\u00f6rdert.<\/p>\n<p><img decoding=\"async\" src=\"https:\/\/ae01.alicdn.com\/kf\/Hd429ce7467204b46a1ccf9a49bb761bdR.jpg\" alt=\"\" title=\"\"><\/p>\n<h2>Entscheiden Sie sich f\u00fcr ein unvergessliches Spielerlebnis<\/h2>\n<p>Stellen Sie sich das staunende Gesicht Ihres Kindes vor, wenn es die Wunder des Ozeans entdeckt, w\u00e4hrend es mit Leichtigkeit die Teile unserer <strong>Tangram-Meerestiere<\/strong>. Das L\u00e4cheln auf seinem Gesicht, wenn es ihm gelingt, sein erstes Puzzle zu machen, wird Ihre sch\u00f6nste Belohnung sein.<\/p>\n<p>Warten Sie nicht l\u00e4nger, sondern geben Sie Ihrem Kind die Gelegenheit, die Wunder des Meeres zu entdecken, w\u00e4hrend es lernt und Spa\u00df hat. Entscheiden Sie sich f\u00fcr <strong>Tangram-Meerestiere<\/strong> noch heute und beobachten Sie, wie sich Ihr kleiner Entdecker in einen echten Abenteurer der Meere verwandelt.<\/p>\n<p><img decoding=\"async\" src=\"https:\/\/ae01.alicdn.com\/kf\/H7229fb0e3aaf4b8bbcfb71d5b8be2434G.jpg\" alt=\"\" title=\"\"><\/p>","protected":false},"excerpt":{"rendered":"<p>Plongez dans l&#8217;Univers Marin avec le Tangram Animaux Marins D\u00e9couvrez une exp\u00e9rience de jeu enrichissante avec notre Tangram Animaux Marins.<\/p>","protected":false},"featured_media":13285,"template":"","meta":[],"product_brand":[],"product_cat":[456,342,343,344],"product_tag":[],"class_list":{"0":"post-13286","1":"product","2":"type-product","3":"status-publish","4":"has-post-thumbnail","6":"product_cat-tangram-montessori","7":"product_cat-jeux-montessori-1an-18mois","8":"product_cat-jeux-montessori-18mois-2ans","9":"product_cat-jeux-montessori-2ans-3-ans","11":"first","12":"instock","13":"sale","14":"shipping-taxable","15":"purchasable","16":"product-type-simple"},"_links":{"self":[{"href":"https:\/\/das-montessori-spielzeug.de\/de\/wp-json\/wp\/v2\/product\/13286","targetHints":{"allow":["GET"]}}],"collection":[{"href":"https:\/\/das-montessori-spielzeug.de\/de\/wp-json\/wp\/v2\/product"}],"about":[{"href":"https:\/\/das-montessori-spielzeug.de\/de\/wp-json\/wp\/v2\/types\/product"}],"version-history":[{"count":0,"href":"https:\/\/das-montessori-spielzeug.de\/de\/wp-json\/wp\/v2\/product\/13286\/revisions"}],"wp:featuredmedia":[{"embeddable":true,"href":"https:\/\/das-montessori-spielzeug.de\/de\/wp-json\/wp\/v2\/media\/13285"}],"wp:attachment":[{"href":"https:\/\/das-montessori-spielzeug.de\/de\/wp-json\/wp\/v2\/media?parent=13286"}],"wp:term":[{"taxonomy":"product_brand","embeddable":true,"href":"https:\/\/das-montessori-spielzeug.de\/de\/wp-json\/wp\/v2\/product_brand?post=13286"},{"taxonomy":"product_cat","embeddable":true,"href":"https:\/\/das-montessori-spielzeug.de\/de\/wp-json\/wp\/v2\/product_cat?post=13286"},{"taxonomy":"product_tag","embeddable":true,"href":"https:\/\/das-montessori-spielzeug.de\/de\/wp-json\/wp\/v2\/product_tag?post=13286"}],"curies":[{"name":"wp","href":"https:\/\/api.w.org\/{rel}","templated":true}]}}