{"id":13263,"date":"2023-05-19T14:31:48","date_gmt":"2023-05-19T14:31:48","guid":{"rendered":"https:\/\/das-montessori-spielzeug.de\/?post_type=product&#038;p=13263"},"modified":"2023-07-21T13:36:04","modified_gmt":"2023-07-21T13:36:04","slug":"tangram-aus-holz-fruchte","status":"publish","type":"product","link":"https:\/\/das-montessori-spielzeug.de\/de\/product\/tangram-aus-holz-fruchte","title":{"rendered":"H\u00f6lzernes Tangram \u2013 Fr\u00fcchte"},"content":{"rendered":"<h2>Ein einzigartiges Puzzlespiel: Das Holz-Tangram - Fr\u00fcchte<\/h2>\n<p>Mit dem <strong>H\u00f6lzernes Tangram \u2013 Fr\u00fcchte<\/strong>, <em>das Lernen<\/em> und Unterhaltung auf wunderbare Weise miteinander verbunden. Dieses intelligente Spiel:<\/p>\n<ul>\n<li>Stimuliert die <strong>Kreativit\u00e4t<\/strong> und der <strong>r\u00e4umliches Denken<\/strong><\/li>\n<li>Favorisiert <em>die Koordination<\/em> Hand-Auge<\/li>\n<li>Weckt die Begeisterung f\u00fcr Probleml\u00f6sungen<\/li>\n<\/ul>\n<h2>Die Montessori-P\u00e4dagogik in einem Puzzle<\/h2>\n<p>Das Holz-Tangram - Fr\u00fcchte h\u00e4lt sich an die Prinzipien der <strong>Montessori-P\u00e4dagogik<\/strong>. Jedes Holzst\u00fcck, das wie eine Frucht geformt ist, fordert die sensorische Erkundung heraus. So entdeckt Ihr Kind die <em>Formen<\/em>, Farben und <strong>Texturen<\/strong> und dabei Spa\u00df haben. Dieses Tangram weckt die nat\u00fcrliche Neugier des Kindes und f\u00f6rdert das selbstst\u00e4ndige und spielerische Lernen.<\/p>\n<h2>Das Tangram aus Holz - Fr\u00fcchte: Ein perfektes Geschenk<\/h2>\n<p>Das Tangram aus Holz - Fr\u00fcchte zu verschenken, ist ein Geschenk <strong>intelligent<\/strong> und <em>nachhaltig<\/em>. Aus hochwertigem Holz gefertigt, sorgt es f\u00fcr stundenlanges, unbeschwertes Spielvergn\u00fcgen. Die Fruchtformen verleihen dem Spiel einen fr\u00f6hlichen Touch.<strong>Originalit\u00e4t<\/strong>Sie k\u00f6nnen die Aufmerksamkeit Ihres Kindes auf sich ziehen.<\/p>\n<p>Mit der Wahl dieses Tangrams geben Sie Ihrem Kind ein Werkzeug an die Hand, mit dem es sich selbst <strong>unterhalten<\/strong>, s'<em>aufbl\u00fchen<\/em> und selbstst\u00e4ndig lernen k\u00f6nnen. Warten Sie also nicht l\u00e4nger, sondern entscheiden Sie sich f\u00fcr die intelligente F\u00f6rderung mit dem Holz-Tangram - Fr\u00fcchte!<\/p>","protected":false},"excerpt":{"rendered":"<p>Un Jeu de Puzzle Unique : Le Tangram en Bois &#8211; Fruits Avec le Tangram en Bois &#8211; Fruits, l&#8217;apprentissage<\/p>","protected":false},"featured_media":13257,"template":"","meta":[],"product_brand":[],"product_cat":[456,342,343,344],"product_tag":[],"class_list":{"0":"post-13263","1":"product","2":"type-product","3":"status-publish","4":"has-post-thumbnail","6":"product_cat-tangram-montessori","7":"product_cat-jeux-montessori-1an-18mois","8":"product_cat-jeux-montessori-18mois-2ans","9":"product_cat-jeux-montessori-2ans-3-ans","11":"first","12":"instock","13":"sale","14":"shipping-taxable","15":"purchasable","16":"product-type-simple"},"_links":{"self":[{"href":"https:\/\/das-montessori-spielzeug.de\/de\/wp-json\/wp\/v2\/product\/13263","targetHints":{"allow":["GET"]}}],"collection":[{"href":"https:\/\/das-montessori-spielzeug.de\/de\/wp-json\/wp\/v2\/product"}],"about":[{"href":"https:\/\/das-montessori-spielzeug.de\/de\/wp-json\/wp\/v2\/types\/product"}],"version-history":[{"count":0,"href":"https:\/\/das-montessori-spielzeug.de\/de\/wp-json\/wp\/v2\/product\/13263\/revisions"}],"wp:featuredmedia":[{"embeddable":true,"href":"https:\/\/das-montessori-spielzeug.de\/de\/wp-json\/wp\/v2\/media\/13257"}],"wp:attachment":[{"href":"https:\/\/das-montessori-spielzeug.de\/de\/wp-json\/wp\/v2\/media?parent=13263"}],"wp:term":[{"taxonomy":"product_brand","embeddable":true,"href":"https:\/\/das-montessori-spielzeug.de\/de\/wp-json\/wp\/v2\/product_brand?post=13263"},{"taxonomy":"product_cat","embeddable":true,"href":"https:\/\/das-montessori-spielzeug.de\/de\/wp-json\/wp\/v2\/product_cat?post=13263"},{"taxonomy":"product_tag","embeddable":true,"href":"https:\/\/das-montessori-spielzeug.de\/de\/wp-json\/wp\/v2\/product_tag?post=13263"}],"curies":[{"name":"wp","href":"https:\/\/api.w.org\/{rel}","templated":true}]}}