{"id":13241,"date":"2023-05-19T14:30:29","date_gmt":"2023-05-19T14:30:29","guid":{"rendered":"https:\/\/das-montessori-spielzeug.de\/?post_type=product&#038;p=13241"},"modified":"2023-07-21T13:36:03","modified_gmt":"2023-07-21T13:36:03","slug":"tangram-dschungeltiere","status":"publish","type":"product","link":"https:\/\/das-montessori-spielzeug.de\/de\/product\/tangram-dschungeltiere","title":{"rendered":"Tangram-Dschungeltiere"},"content":{"rendered":"<h2>Entdecken Sie das Tangram Tiere des Dschungels, eine neue Montessori-Erfahrung<\/h2>\n<p>Lassen Sie Ihr Kind spielerisch in die spannende Welt des Dschungels eintauchen. <strong>Tangram-Dschungeltiere<\/strong>. Es handelt sich nicht um ein gew\u00f6hnliches Spiel. Es ist eine spielerische Reise in das Herz des Dschungels, eine Reise des Lernens und der Entdeckung.<\/p>\n<ul>\n<li>Regt die Vorstellungskraft und die Kreativit\u00e4t an<\/li>\n<li>Erleichtert das Erkennen von Formen und Farben<\/li>\n<li>Selbstst\u00e4ndiges Lernen f\u00f6rdern<\/li>\n<\/ul>\n<h2>Ein bereicherndes Geschenk f\u00fcr Ihr Kind<\/h2>\n<p>Das Tangram Tiere des Dschungels ist ein Lernmittel, das der Montessori-P\u00e4dagogik entspricht. Es erm\u00f6glicht dem Kind, Spa\u00df zu haben und gleichzeitig <em>ihre kognitiven F\u00e4higkeiten entwickeln<\/em> und <em>sensorisch<\/em>. Die M\u00fcnzen in Form von Dschungeltieren wecken seine Neugier und laden es zum Erforschen ein. Es handelt sich um ein unterhaltsames und zugleich bereicherndes Geschenk, das die Entwicklung Ihres Kindes f\u00f6rdert.<\/p>\n<h2>Teilen Sie einen Moment der Zweisamkeit mit Ihrem Kind<\/h2>\n<p>Mit dem Tangram Dschungeltiere verwandeln Sie die Spielzeit in einen gemeinsamen Moment. Begleiten Sie Ihr Kind auf seiner Entdeckungsreise. F\u00fchren Sie es, helfen Sie ihm <strong>Formen erkennen<\/strong>Die <strong>Farben<\/strong>und die <strong>Dschungeltiere<\/strong>. Dieses Spiel bietet eine wunderbare Gelegenheit, Ihre Bindung zu Ihrem Kind zu st\u00e4rken und ihm gleichzeitig p\u00e4dagogische Unterst\u00fctzung zu geben.<\/p>\n<p>Es ist an der Zeit, dass Ihr Kind die Sch\u00f6nheit des Dschungels und die Freude am Lernen mit dem Tangram Tiere des Dschungels entdeckt. Klicken Sie auf die Schaltfl\u00e4che \"\"Zum Warenkorb hinzuf\u00fcgen\"\", um dieses unglaubliche Abenteuer zu beginnen.<\/p>","protected":false},"excerpt":{"rendered":"<p>D\u00e9couvrez le Tangram Animaux de la Jungle, une exp\u00e9rience Montessori in\u00e9dite Immergez votre enfant dans l&#8217;univers passionnant de la jungle<\/p>","protected":false},"featured_media":13228,"template":"","meta":[],"product_brand":[],"product_cat":[456,342,343,344],"product_tag":[],"class_list":{"0":"post-13241","1":"product","2":"type-product","3":"status-publish","4":"has-post-thumbnail","6":"product_cat-tangram-montessori","7":"product_cat-jeux-montessori-1an-18mois","8":"product_cat-jeux-montessori-18mois-2ans","9":"product_cat-jeux-montessori-2ans-3-ans","11":"first","12":"instock","13":"sale","14":"shipping-taxable","15":"purchasable","16":"product-type-simple"},"_links":{"self":[{"href":"https:\/\/das-montessori-spielzeug.de\/de\/wp-json\/wp\/v2\/product\/13241","targetHints":{"allow":["GET"]}}],"collection":[{"href":"https:\/\/das-montessori-spielzeug.de\/de\/wp-json\/wp\/v2\/product"}],"about":[{"href":"https:\/\/das-montessori-spielzeug.de\/de\/wp-json\/wp\/v2\/types\/product"}],"version-history":[{"count":0,"href":"https:\/\/das-montessori-spielzeug.de\/de\/wp-json\/wp\/v2\/product\/13241\/revisions"}],"wp:featuredmedia":[{"embeddable":true,"href":"https:\/\/das-montessori-spielzeug.de\/de\/wp-json\/wp\/v2\/media\/13228"}],"wp:attachment":[{"href":"https:\/\/das-montessori-spielzeug.de\/de\/wp-json\/wp\/v2\/media?parent=13241"}],"wp:term":[{"taxonomy":"product_brand","embeddable":true,"href":"https:\/\/das-montessori-spielzeug.de\/de\/wp-json\/wp\/v2\/product_brand?post=13241"},{"taxonomy":"product_cat","embeddable":true,"href":"https:\/\/das-montessori-spielzeug.de\/de\/wp-json\/wp\/v2\/product_cat?post=13241"},{"taxonomy":"product_tag","embeddable":true,"href":"https:\/\/das-montessori-spielzeug.de\/de\/wp-json\/wp\/v2\/product_tag?post=13241"}],"curies":[{"name":"wp","href":"https:\/\/api.w.org\/{rel}","templated":true}]}}