{"id":13197,"date":"2023-05-19T14:27:45","date_gmt":"2023-05-19T14:27:45","guid":{"rendered":"https:\/\/das-montessori-spielzeug.de\/?post_type=product&#038;p=13197"},"modified":"2023-07-21T13:36:02","modified_gmt":"2023-07-21T13:36:02","slug":"tangram-wurfel-bunte-farben","status":"publish","type":"product","link":"https:\/\/das-montessori-spielzeug.de\/de\/product\/tangram-wurfel-bunte-farben","title":{"rendered":"Tangram-W\u00fcrfel in leuchtenden Farben"},"content":{"rendered":"<h2>Entdecken Sie die Freude am Lernen mit dem <strong>Tangram-W\u00fcrfel in leuchtenden Farben<\/strong><\/h2>\n<p>Es ist Zeit zum Spielen und Lernen mit unserem Tangram W\u00fcrfel in bunten Farben! Angebot :<\/p>\n<ul>\n<li>Ein sensorisches Erwachen dank vibrierender Farben<\/li>\n<li>Die Entwicklung der Hand-Augen-Koordination<\/li>\n<li>Die Anregung der Vorstellungskraft und der Kreativit\u00e4t<\/li>\n<\/ul>\n<p><img decoding=\"async\" src=\"https:\/\/ae01.alicdn.com\/kf\/H13f9d862d9ac4a2bbe8711d4108a7e0f1.jpg\" alt=\"\" title=\"\"><\/p>\n<h2>Machen Sie das Lernen zum Vergn\u00fcgen mit dem Tangram W\u00fcrfel in leuchtenden Farben<\/h2>\n<p>Mit dem <strong>Tangram-W\u00fcrfel in leuchtenden Farben<\/strong>ist Ihr Kind auf dem Weg zu einem aufregenden Lernabenteuer. Stellen Sie sich vor, wie er mit den bunten W\u00fcrfeln hantiert, Formen bildet und neue M\u00f6glichkeiten entdeckt, diese vibrierenden Bl\u00f6cke zusammenzusetzen. Es ist eine Freude, zuzusehen, nicht wahr?<\/p>\n<p>Jeder W\u00fcrfel in diesem Tangram ist so gestaltet, dass er leicht zu handhaben ist, was dabei hilft, die Fingerfertigkeit Ihres Kindes zu entwickeln. Durch das Drehen und Zusammensetzen der W\u00fcrfel wird die Hand-Augen-Koordination gest\u00e4rkt. Vor allem aber haben sie Spa\u00df und lernen dabei!<\/p>\n<p><img decoding=\"async\" src=\"https:\/\/ae01.alicdn.com\/kf\/He309cd612fc44ae0ba288ea2d6db74f0c.jpg\" alt=\"\" title=\"\"><\/p>\n<h2>F\u00f6rdern Sie die Kreativit\u00e4t mit dem Tangram W\u00fcrfel in leuchtenden Farben<\/h2>\n<p>Der Tangram W\u00fcrfel in leuchtenden Farben ist nicht einfach nur ein Spielzeug, sondern ein Tor zu einer Welt der Erkundung, der Fantasie und der Kreativit\u00e4t. Ihr Kind lernt, Farben zu erkennen, l\u00f6st Probleme, indem es verschiedene M\u00f6glichkeiten findet, die W\u00fcrfel zusammenzuf\u00fcgen, und entwickelt sogar seine Fantasie, indem es seine eigenen Muster entwirft.<\/p>\n<p>Und wie sch\u00f6n ist es, die leuchtenden Augen Ihres Kindes zu sehen, wenn es eine neue Kombination von W\u00fcrfeln entdeckt oder ein komplexes Modell zusammensetzt! Das ist die Essenz der Montessori-P\u00e4dagogik: Lernen im Spiel, im eigenen Tempo und mit Spa\u00df.<\/p>\n<p>Dann z\u00f6gern Sie nicht l\u00e4nger! Vertrauen Sie dem <strong>Tangram-W\u00fcrfel in leuchtenden Farben<\/strong> um jeden Moment des Spielens in eine Gelegenheit zum Lernen zu verwandeln. Ihr Kind wird es lieben und Sie werden sich \u00fcber seine Entwicklung freuen. <strong>Legen Sie es jetzt in Ihren Warenkorb!<\/strong><\/p>\n<p><img decoding=\"async\" src=\"https:\/\/ae01.alicdn.com\/kf\/H054a24fea40f45f5b35106cfdca511afl.jpg\" alt=\"\" title=\"\"><\/p>","protected":false},"excerpt":{"rendered":"<p>D\u00e9couvrez le plaisir d&#8217;apprendre avec le Tangram Cubes Couleurs Vives C&#8217;est l&#8217;heure de jouer et d&#8217;apprendre avec notre Tangram Cubes<\/p>","protected":false},"featured_media":13178,"template":"","meta":[],"product_brand":[],"product_cat":[456,342,343,344],"product_tag":[],"class_list":{"0":"post-13197","1":"product","2":"type-product","3":"status-publish","4":"has-post-thumbnail","6":"product_cat-tangram-montessori","7":"product_cat-jeux-montessori-1an-18mois","8":"product_cat-jeux-montessori-18mois-2ans","9":"product_cat-jeux-montessori-2ans-3-ans","11":"first","12":"instock","13":"sale","14":"shipping-taxable","15":"purchasable","16":"product-type-simple"},"_links":{"self":[{"href":"https:\/\/das-montessori-spielzeug.de\/de\/wp-json\/wp\/v2\/product\/13197","targetHints":{"allow":["GET"]}}],"collection":[{"href":"https:\/\/das-montessori-spielzeug.de\/de\/wp-json\/wp\/v2\/product"}],"about":[{"href":"https:\/\/das-montessori-spielzeug.de\/de\/wp-json\/wp\/v2\/types\/product"}],"version-history":[{"count":0,"href":"https:\/\/das-montessori-spielzeug.de\/de\/wp-json\/wp\/v2\/product\/13197\/revisions"}],"wp:featuredmedia":[{"embeddable":true,"href":"https:\/\/das-montessori-spielzeug.de\/de\/wp-json\/wp\/v2\/media\/13178"}],"wp:attachment":[{"href":"https:\/\/das-montessori-spielzeug.de\/de\/wp-json\/wp\/v2\/media?parent=13197"}],"wp:term":[{"taxonomy":"product_brand","embeddable":true,"href":"https:\/\/das-montessori-spielzeug.de\/de\/wp-json\/wp\/v2\/product_brand?post=13197"},{"taxonomy":"product_cat","embeddable":true,"href":"https:\/\/das-montessori-spielzeug.de\/de\/wp-json\/wp\/v2\/product_cat?post=13197"},{"taxonomy":"product_tag","embeddable":true,"href":"https:\/\/das-montessori-spielzeug.de\/de\/wp-json\/wp\/v2\/product_tag?post=13197"}],"curies":[{"name":"wp","href":"https:\/\/api.w.org\/{rel}","templated":true}]}}