{"id":13153,"date":"2023-05-19T14:25:01","date_gmt":"2023-05-19T14:25:01","guid":{"rendered":"https:\/\/das-montessori-spielzeug.de\/?post_type=product&#038;p=13153"},"modified":"2023-07-21T13:36:01","modified_gmt":"2023-07-21T13:36:01","slug":"tangram-aus-holz-hexagon","status":"publish","type":"product","link":"https:\/\/das-montessori-spielzeug.de\/de\/product\/tangram-aus-holz-hexagon","title":{"rendered":"H\u00f6lzernes Tangram \u2013 Sechseck"},"content":{"rendered":"<h2>Verwandeln Sie das Spiel in Lernen mit dem Holz-Tangram - Hexagone<\/h2>\n<p>F\u00fchren Sie Ihre Kinder in eine unterhaltsame Lernwelt ein mit unserem <strong>H\u00f6lzernes Tangram \u2013 Sechseck<\/strong>. Aus 11 Sechsecken gefertigt, regt dieses Lernmittel die Fantasie an, f\u00f6rdert das r\u00e4umliche Denken und st\u00e4rkt die Hand-Augen-Koordination.<\/p>\n<ul>\n<li>F\u00f6rdert die Vorstellungskraft: Ihr Kind wird unendlich viele Formen kreieren und so seine Kreativit\u00e4t n\u00e4hren.<\/li>\n<li>Entwickelt r\u00e4umliches Denken<strong> :<\/strong> Das Zusammensetzen der Sechsecke hilft, r\u00e4umliche Beziehungen und Formen zu verstehen.<\/li>\n<li>St\u00e4rkt die Hand-Augen-Koordination: Perfekt f\u00fcr die Entwicklung feinmotorischer F\u00e4higkeiten.<\/li>\n<\/ul>\n<p><img decoding=\"async\" src=\"https:\/\/ae01.alicdn.com\/kf\/H893a4baa8f804244b7639498713ab913H.jpg\" alt=\"\" title=\"\"><\/p>\n<h2>Eine von Montessori inspirierte spielerische Erfahrung<\/h2>\n<p>Unser Tangram aus Holz - Hexagon folgt der Montessori-Philosophie und stellt das Kind in den Mittelpunkt des Lernens. Ihr Kind wird sich selbstst\u00e4ndig f\u00fchlen und Vertrauen in seine F\u00e4higkeit haben, Probleme zu l\u00f6sen und Herausforderungen zu bew\u00e4ltigen. Es ist das perfekte Werkzeug f\u00fcr Eltern, die eine unabh\u00e4ngige Lernumgebung f\u00f6rdern m\u00f6chten.<\/p>\n<p><img decoding=\"async\" src=\"https:\/\/ae01.alicdn.com\/kf\/H0f25450cdb894117855def7e345ccbbdT.jpg\" alt=\"\" title=\"\"><\/p>\n<h2>Ein elegantes und nachhaltiges Bildungsinstrument<\/h2>\n<p>Unser Tangram ist nicht nur p\u00e4dagogisch wertvoll, sondern auch wundersch\u00f6n gestaltet. Aus hochwertigem Holz gefertigt, ist es robust, sicher und elegant. Ein attraktives und zugleich funktionales Objekt, das seinen Platz in Ihrem Zuhause finden wird.<\/p>\n<p>Warten Sie nicht l\u00e4nger, <strong>verwandeln Sie das Spiel noch heute in Lernen<\/strong> mit dem Tangram aus Holz - Hexagon. Ihre Kinder werden gefesselt sein und Sie werden \u00fcber ihre Fortschritte staunen. Klicken Sie jetzt auf \"In den Warenkorb\" und holen Sie sich die Montessori-Erfahrung nach Hause!<\/p>","protected":false},"excerpt":{"rendered":"<p>Transformez le Jeu en Apprentissage avec le Tangram en Bois &#8211; Hexagone Introduisez vos enfants \u00e0 un monde d&#8217;apprentissage amusant<\/p>","protected":false},"featured_media":13135,"template":"","meta":[],"product_brand":[],"product_cat":[456,342,343,344],"product_tag":[],"class_list":{"0":"post-13153","1":"product","2":"type-product","3":"status-publish","4":"has-post-thumbnail","6":"product_cat-tangram-montessori","7":"product_cat-jeux-montessori-1an-18mois","8":"product_cat-jeux-montessori-18mois-2ans","9":"product_cat-jeux-montessori-2ans-3-ans","11":"first","12":"instock","13":"sale","14":"shipping-taxable","15":"purchasable","16":"product-type-simple"},"_links":{"self":[{"href":"https:\/\/das-montessori-spielzeug.de\/de\/wp-json\/wp\/v2\/product\/13153","targetHints":{"allow":["GET"]}}],"collection":[{"href":"https:\/\/das-montessori-spielzeug.de\/de\/wp-json\/wp\/v2\/product"}],"about":[{"href":"https:\/\/das-montessori-spielzeug.de\/de\/wp-json\/wp\/v2\/types\/product"}],"version-history":[{"count":0,"href":"https:\/\/das-montessori-spielzeug.de\/de\/wp-json\/wp\/v2\/product\/13153\/revisions"}],"wp:featuredmedia":[{"embeddable":true,"href":"https:\/\/das-montessori-spielzeug.de\/de\/wp-json\/wp\/v2\/media\/13135"}],"wp:attachment":[{"href":"https:\/\/das-montessori-spielzeug.de\/de\/wp-json\/wp\/v2\/media?parent=13153"}],"wp:term":[{"taxonomy":"product_brand","embeddable":true,"href":"https:\/\/das-montessori-spielzeug.de\/de\/wp-json\/wp\/v2\/product_brand?post=13153"},{"taxonomy":"product_cat","embeddable":true,"href":"https:\/\/das-montessori-spielzeug.de\/de\/wp-json\/wp\/v2\/product_cat?post=13153"},{"taxonomy":"product_tag","embeddable":true,"href":"https:\/\/das-montessori-spielzeug.de\/de\/wp-json\/wp\/v2\/product_tag?post=13153"}],"curies":[{"name":"wp","href":"https:\/\/api.w.org\/{rel}","templated":true}]}}