{"id":13064,"date":"2023-05-19T14:19:24","date_gmt":"2023-05-19T14:19:24","guid":{"rendered":"https:\/\/das-montessori-spielzeug.de\/?post_type=product&#038;p=13064"},"modified":"2023-07-21T13:36:00","modified_gmt":"2023-07-21T13:36:00","slug":"tangram-pastellfarbene-wurfel","status":"publish","type":"product","link":"https:\/\/das-montessori-spielzeug.de\/de\/product\/tangram-pastellfarbene-wurfel","title":{"rendered":"Pastellfarbene Tangram-W\u00fcrfel"},"content":{"rendered":"<h2>Verwandeln Sie die Lernzeit in einen Moment des Gl\u00fccks mit den <strong><em>Pastellfarbene Tangram-W\u00fcrfel<\/em><\/strong><\/h2>\n<p>Es ist an der Zeit, dem Lernprozess Ihres Kindes einen Farbtupfer zu verleihen - mit unseren <strong><em>Pastellfarbene Tangram-W\u00fcrfel<\/em><\/strong>. Diese sieben W\u00fcrfel in Form eines Tangrams sind viel mehr als nur ein Spielzeug.<\/p>\n<ul>\n<li>F\u00f6rdert die Kreativit\u00e4t und den Einfallsreichtum Ihres Kindes.<\/li>\n<li>St\u00e4rkt das r\u00e4umliche Verst\u00e4ndnis und die Koordination.<\/li>\n<li>Schafft eine spielerische und einnehmende Lernatmosph\u00e4re.<\/li>\n<\/ul>\n<p><img decoding=\"async\" src=\"https:\/\/ae01.alicdn.com\/kf\/He309cd612fc44ae0ba288ea2d6db74f0c.jpg\" alt=\"\" title=\"\"><\/p>\n<h2>Erwecken Sie die Kreativit\u00e4t Ihres Kindes zur <strong>Montessori-Manier<\/strong><\/h2>\n<p>Die Montessori-Erziehung beruht auf Erkundung und Kreativit\u00e4t. Unsere <em>Pastellfarbene Tangram-W\u00fcrfel<\/em> verk\u00f6rpern diese Philosophie perfekt. Die pastellfarbenen Formen und Farben regen die Fantasie Ihres Kindes an und ermutigen es, verschiedene M\u00f6glichkeiten zu erforschen, wie es die W\u00fcrfel zusammensetzen kann. Jede einzigartige Kombination ist ein neues Abenteuer, das seine Neugierde weckt.<\/p>\n<h2>Eine farbenfrohe, spielerische und engagierte Bildung<\/h2>\n<p>Stellen Sie sich vor, wie die Augen Ihres Kindes leuchten, wenn es mit diesen pastellfarbenen Tangram-W\u00fcrfeln eine neue Art des Spielens, Denkens und Gestaltens entdeckt. Sie sind die perfekte Darstellung der farbenfrohen, spielerischen und einnehmenden Erziehung, die f\u00fcr die Montessori-Methode charakteristisch ist. Stellen Sie sich ihre Freude vor, wenn sie all die M\u00f6glichkeiten entdeckt, die diese sieben pastellfarbenen W\u00fcrfel bieten. Und jeder Erfolg, jede einzigartige Konstruktion wird ein Sieg sein, der sein Selbstvertrauen st\u00e4rken wird. <strong>Lassen Sie sich diese Chance nicht entgehen, die Lernerfahrung Ihres Kindes zu bereichern.<\/strong> Bestellen Sie jetzt die <em>Pastellfarbene Tangram-W\u00fcrfel<\/em> und verwandeln Sie jeden Lernmoment in ein buntes und spannendes Abenteuer.<\/p>","protected":false},"excerpt":{"rendered":"<p>Transformez le Temps d&#8217;Apprentissage en Moment de Bonheur avec les Tangram Cubes Pastel Il est temps d&#8217;ajouter une touche de<\/p>","protected":false},"featured_media":13063,"template":"","meta":[],"product_brand":[],"product_cat":[456,342,343,344],"product_tag":[],"class_list":{"0":"post-13064","1":"product","2":"type-product","3":"status-publish","4":"has-post-thumbnail","6":"product_cat-tangram-montessori","7":"product_cat-jeux-montessori-1an-18mois","8":"product_cat-jeux-montessori-18mois-2ans","9":"product_cat-jeux-montessori-2ans-3-ans","11":"first","12":"instock","13":"sale","14":"shipping-taxable","15":"purchasable","16":"product-type-simple"},"_links":{"self":[{"href":"https:\/\/das-montessori-spielzeug.de\/de\/wp-json\/wp\/v2\/product\/13064","targetHints":{"allow":["GET"]}}],"collection":[{"href":"https:\/\/das-montessori-spielzeug.de\/de\/wp-json\/wp\/v2\/product"}],"about":[{"href":"https:\/\/das-montessori-spielzeug.de\/de\/wp-json\/wp\/v2\/types\/product"}],"version-history":[{"count":0,"href":"https:\/\/das-montessori-spielzeug.de\/de\/wp-json\/wp\/v2\/product\/13064\/revisions"}],"wp:featuredmedia":[{"embeddable":true,"href":"https:\/\/das-montessori-spielzeug.de\/de\/wp-json\/wp\/v2\/media\/13063"}],"wp:attachment":[{"href":"https:\/\/das-montessori-spielzeug.de\/de\/wp-json\/wp\/v2\/media?parent=13064"}],"wp:term":[{"taxonomy":"product_brand","embeddable":true,"href":"https:\/\/das-montessori-spielzeug.de\/de\/wp-json\/wp\/v2\/product_brand?post=13064"},{"taxonomy":"product_cat","embeddable":true,"href":"https:\/\/das-montessori-spielzeug.de\/de\/wp-json\/wp\/v2\/product_cat?post=13064"},{"taxonomy":"product_tag","embeddable":true,"href":"https:\/\/das-montessori-spielzeug.de\/de\/wp-json\/wp\/v2\/product_tag?post=13064"}],"curies":[{"name":"wp","href":"https:\/\/api.w.org\/{rel}","templated":true}]}}