{"id":12803,"date":"2023-05-09T09:32:26","date_gmt":"2023-05-09T09:32:26","guid":{"rendered":"https:\/\/das-montessori-spielzeug.de\/?post_type=product&#038;p=12803"},"modified":"2023-07-21T13:35:58","modified_gmt":"2023-07-21T13:35:58","slug":"montessori-board-kinder-bar","status":"publish","type":"product","link":"https:\/\/das-montessori-spielzeug.de\/de\/product\/montessori-board-kinder-bar","title":{"rendered":"Montessori-Brett f\u00fcr Kinder \u2013 Teddyb\u00e4r"},"content":{"rendered":"<h2>Das Montessori Board f\u00fcr Kinder: eine unterhaltsame Lernerfahrung<\/h2>\n<p>Entdecken Sie die <strong>Montessori Board f\u00fcr Kinder<\/strong>Diese Tafel in Form eines Teddyb\u00e4ren soll Ihrem Kind ein spielerisches und interaktives Lernerlebnis bieten. Diese Tafel bietet viele Vorteile f\u00fcr die Entwicklung Ihres Kindes :<\/p>\n<p><img decoding=\"async\" src=\"https:\/\/ae01.alicdn.com\/kf\/S40308c391bb644a687896a4dc1f1d5c92.jpg?width=800&amp;height=878&amp;hash=1678\" alt=\"\" title=\"\"><\/p>\n<h2>Ein von der Montessori-Methode inspiriertes Lehrmittel<\/h2>\n<p>Die <strong>Montessori Board f\u00fcr Kinder<\/strong> in Form eines Teddyb\u00e4ren wurde nach den Grunds\u00e4tzen der Montessori-Methode entwickelt und f\u00f6rdert so das selbstst\u00e4ndige Lernen und die harmonische Entwicklung Ihres Kindes. Dank der verschiedenen vorgeschlagenen Handhabungen kann Ihr Kind erforschen, experimentieren und in seinem eigenen Rhythmus lernen.<\/p>\n<p>Das ansprechende Design dieses <strong>Montessori-B\u00e4r<\/strong> zieht die Aufmerksamkeit der Kinder auf sich und l\u00e4dt sie ein, eine faszinierende Welt zu entdecken. Die leuchtenden Farben und vielf\u00e4ltigen Texturen regen ihre Fantasie an und ermutigen sie, ihre Kreativit\u00e4t zu entwickeln.<\/p>\n<h2>Ein ideales Geschenk f\u00fcr Eltern, die sich um die Entwicklung ihres Kindes sorgen<\/h2>\n<p>Schenken Sie diesen <strong>Montessori Board f\u00fcr Kinder<\/strong> in Form eines Teddyb\u00e4ren f\u00fcr Ihr Kind oder einen Verwandten als p\u00e4dagogisch wertvolles und zugleich spielerisches Geschenk. Eltern in den Drei\u00dfigern werden dieses einzigartige Geschenk zu sch\u00e4tzen wissen, das die Entwicklung ihres Nachwuchses f\u00f6rdert und gleichzeitig die Werte und Prinzipien von Montessori respektiert.<\/p>\n<p>Verpassen Sie nicht die Gelegenheit, Ihrem Kind ein fesselndes Lernmittel zu schenken, das ihm beim Wachsen und Gedeihen hilft. <strong><em>Kaufen Sie jetzt das Montessori Board f\u00fcr Kinder in Form eines Teddyb\u00e4ren<\/em><\/strong> und beobachten Sie mit Stolz die Fortschritte Ihres Kindes.<\/p>\n<p>Bestellen Sie jetzt und freuen Sie sich auf eine einzigartige und spannende Lernerfahrung f\u00fcr Ihr Kind!<\/p>","protected":false},"excerpt":{"rendered":"<ul>\n<li><em>Stimulation der Feinmotorik<\/em><\/li>\n<li><em>Wecken der Sinne und der Neugierde<\/em><\/li>\n<li><em>St\u00e4rkung der Selbstst\u00e4ndigkeit und des Selbstvertrauens<\/em><\/li>\n<\/ul>","protected":false},"featured_media":12795,"template":"","meta":[],"product_brand":[],"product_cat":[406,341,342],"product_tag":[],"class_list":{"0":"post-12803","1":"product","2":"type-product","3":"status-publish","4":"has-post-thumbnail","6":"product_cat-busy-board-montessori","7":"product_cat-jeux-montessori-6mois-1an","8":"product_cat-jeux-montessori-1an-18mois","10":"first","11":"instock","12":"sale","13":"shipping-taxable","14":"purchasable","15":"product-type-simple"},"_links":{"self":[{"href":"https:\/\/das-montessori-spielzeug.de\/de\/wp-json\/wp\/v2\/product\/12803","targetHints":{"allow":["GET"]}}],"collection":[{"href":"https:\/\/das-montessori-spielzeug.de\/de\/wp-json\/wp\/v2\/product"}],"about":[{"href":"https:\/\/das-montessori-spielzeug.de\/de\/wp-json\/wp\/v2\/types\/product"}],"version-history":[{"count":0,"href":"https:\/\/das-montessori-spielzeug.de\/de\/wp-json\/wp\/v2\/product\/12803\/revisions"}],"wp:featuredmedia":[{"embeddable":true,"href":"https:\/\/das-montessori-spielzeug.de\/de\/wp-json\/wp\/v2\/media\/12795"}],"wp:attachment":[{"href":"https:\/\/das-montessori-spielzeug.de\/de\/wp-json\/wp\/v2\/media?parent=12803"}],"wp:term":[{"taxonomy":"product_brand","embeddable":true,"href":"https:\/\/das-montessori-spielzeug.de\/de\/wp-json\/wp\/v2\/product_brand?post=12803"},{"taxonomy":"product_cat","embeddable":true,"href":"https:\/\/das-montessori-spielzeug.de\/de\/wp-json\/wp\/v2\/product_cat?post=12803"},{"taxonomy":"product_tag","embeddable":true,"href":"https:\/\/das-montessori-spielzeug.de\/de\/wp-json\/wp\/v2\/product_tag?post=12803"}],"curies":[{"name":"wp","href":"https:\/\/api.w.org\/{rel}","templated":true}]}}