{"id":12780,"date":"2023-05-09T09:30:59","date_gmt":"2023-05-09T09:30:59","guid":{"rendered":"https:\/\/das-montessori-spielzeug.de\/?post_type=product&#038;p=12780"},"modified":"2023-07-21T13:35:58","modified_gmt":"2023-07-21T13:35:58","slug":"montessori-multi-aktivitats-tafel-2-seiten","status":"publish","type":"product","link":"https:\/\/das-montessori-spielzeug.de\/de\/product\/montessori-multi-aktivitats-tafel-2-seiten","title":{"rendered":"Montessori Multi-Aktivit\u00e4tstafel 2 Seiten"},"content":{"rendered":"<h2>Das Montessori Multi-Activity Board 2 Faces: Ein XXL-Lernwerkzeug f\u00fcr kleine Entdecker<\/h2>\n<p>Entdecken Sie unsere <strong>Montessori Multi-Aktivit\u00e4tstafel 2 Seiten<\/strong>Das XXL-Bildungsmaterial bietet eine Vielzahl von Aktivit\u00e4ten, um die Wachheit und Kreativit\u00e4t Ihrer Kinder zu f\u00f6rdern. Nach den Grunds\u00e4tzen der Montessori-P\u00e4dagogik gestaltet, f\u00f6rdert diese Tafel die Selbstst\u00e4ndigkeit und die Entwicklung von Schl\u00fcsselkompetenzen.<\/p>\n<p><img decoding=\"async\" src=\"https:\/\/ae01.alicdn.com\/kf\/S426e455146ff43fa9113012f3fd847f14.jpg?width=800&amp;height=800&amp;hash=1600\" alt=\"\" title=\"\"><\/p>\n<h2>Ein spielerischer und fesselnder Lernraum<\/h2>\n<p>Die <strong>Montessori Multi-Aktivit\u00e4tstafel 2 Seiten<\/strong> wurde entwickelt, um Ihren Kindern eine Welt des Erforschens und Entdeckens zu bieten. Jede der beiden Seiten bietet verschiedene Aktivit\u00e4ten, von Puzzles \u00fcber Sortierspiele bis hin zu Perlenparcours. Diese XXL-Tafel bietet eine gro\u00dfz\u00fcgige Spielfl\u00e4che, sodass die Kinder voll und ganz in ihre Aktivit\u00e4ten eintauchen und ihre Kreativit\u00e4t ausleben k\u00f6nnen.<\/p>\n<h2>Ein Montessori-Erziehungstool f\u00fcr Eltern, denen die Entwicklung ihrer Kinder am Herzen liegt<\/h2>\n<p>Als Eltern m\u00f6chten Sie Ihren Kindern das Beste bieten, damit sie sich entfalten k\u00f6nnen. Mithilfe dieses <strong>Montessori Multi-Aktivit\u00e4tstafel 2 Seiten<\/strong>Sie k\u00f6nnen ihnen p\u00e4dagogische und spielerische Aktivit\u00e4ten anbieten, die den Prinzipien der Montessori-Methode entsprechen. Diese Aktivit\u00e4tentafel unterst\u00fctzt die Entwicklung der Feinmotorik, der Hand-Augen-Koordination und des logischen Denkens und f\u00f6rdert gleichzeitig die Selbstst\u00e4ndigkeit und das Selbstvertrauen der Kinder.<\/p>\n<p>Warten Sie nicht l\u00e4nger, um Ihren Kindern stundenlange, intelligente und fesselnde Unterhaltung zu bieten. <strong>Besorgen Sie sich jetzt<\/strong> unsere Montessori Multi-Aktivit\u00e4ten-Tafel 2 Seiten und beteiligen Sie sich aktiv an ihrer Entwicklung.<\/p>","protected":false},"excerpt":{"rendered":"<ul>\n<li>\u2705 <em>Sensorisches und motorisches Erwachen<\/em> dank seiner zahlreichen Aktivit\u00e4ten<\/li>\n<li>\u2705 <em>2 Seiten, um die Spielm\u00f6glichkeiten zu verdoppeln<\/em> und Lernen<\/li>\n<li>\u2705 <em>XXL-Gr\u00f6\u00dfe f\u00fcr stundenlange Unterhaltung<\/em> und Entfaltung<\/li>\n<\/ul>","protected":false},"featured_media":12773,"template":"","meta":[],"product_brand":[],"product_cat":[406,341,342],"product_tag":[],"class_list":{"0":"post-12780","1":"product","2":"type-product","3":"status-publish","4":"has-post-thumbnail","6":"product_cat-busy-board-montessori","7":"product_cat-jeux-montessori-6mois-1an","8":"product_cat-jeux-montessori-1an-18mois","10":"first","11":"instock","12":"sale","13":"shipping-taxable","14":"purchasable","15":"product-type-simple"},"_links":{"self":[{"href":"https:\/\/das-montessori-spielzeug.de\/de\/wp-json\/wp\/v2\/product\/12780","targetHints":{"allow":["GET"]}}],"collection":[{"href":"https:\/\/das-montessori-spielzeug.de\/de\/wp-json\/wp\/v2\/product"}],"about":[{"href":"https:\/\/das-montessori-spielzeug.de\/de\/wp-json\/wp\/v2\/types\/product"}],"version-history":[{"count":0,"href":"https:\/\/das-montessori-spielzeug.de\/de\/wp-json\/wp\/v2\/product\/12780\/revisions"}],"wp:featuredmedia":[{"embeddable":true,"href":"https:\/\/das-montessori-spielzeug.de\/de\/wp-json\/wp\/v2\/media\/12773"}],"wp:attachment":[{"href":"https:\/\/das-montessori-spielzeug.de\/de\/wp-json\/wp\/v2\/media?parent=12780"}],"wp:term":[{"taxonomy":"product_brand","embeddable":true,"href":"https:\/\/das-montessori-spielzeug.de\/de\/wp-json\/wp\/v2\/product_brand?post=12780"},{"taxonomy":"product_cat","embeddable":true,"href":"https:\/\/das-montessori-spielzeug.de\/de\/wp-json\/wp\/v2\/product_cat?post=12780"},{"taxonomy":"product_tag","embeddable":true,"href":"https:\/\/das-montessori-spielzeug.de\/de\/wp-json\/wp\/v2\/product_tag?post=12780"}],"curies":[{"name":"wp","href":"https:\/\/api.w.org\/{rel}","templated":true}]}}