{"id":12755,"date":"2023-05-09T09:29:20","date_gmt":"2023-05-09T09:29:20","guid":{"rendered":"https:\/\/das-montessori-spielzeug.de\/?post_type=product&#038;p=12755"},"modified":"2023-07-21T13:35:57","modified_gmt":"2023-07-21T13:35:57","slug":"busy-board-montessori-entwicklung-eule","status":"publish","type":"product","link":"https:\/\/das-montessori-spielzeug.de\/de\/product\/busy-board-montessori-entwicklung-eule","title":{"rendered":"Busy Board Montessori-Entwicklung \u2013 Eule"},"content":{"rendered":"<h2>Das Montessori Busy Board - Eule f\u00fcr die Entwicklung der F\u00e4higkeiten Ihres Kindes<\/h2>\n<p>Bieten Sie Ihrem Kind ein unvergessliches Spiel- und Lernerlebnis mit unserem <strong>Busy Board f\u00fcr die Montessori-Entwicklung - Eule<\/strong>. Entwickelt, um die Fantasie und Kreativit\u00e4t Ihres Kindes anzuregen, bietet dieses Activity Board :<\/p>\n<h2>Ein Montessori-Tool f\u00fcr sensorisches und kognitives Erwachen<\/h2>\n<p>Das Montessori Busy Board - Eule wurde entworfen, um <strong>sensorisches und kognitives Erwachen unterst\u00fctzen<\/strong> Ihres Kindes zu entdecken. Dank der zahlreichen Aktivit\u00e4ten lernt es, Formen, Farben und Texturen zu erkennen, und entwickelt dabei seine Feinmotorik. Indem es mit dieser Aktivit\u00e4tentafel Spa\u00df hat, st\u00e4rkt Ihr Kind auch seine Selbstst\u00e4ndigkeit und sein Selbstvertrauen.<\/p>\n<h2>Ein ideales Geschenk f\u00fcr Eltern und Kinder<\/h2>\n<p>Das Montessori Busy Board - Eule ist ein <em>ideales Geschenk f\u00fcr Eltern, die sich um die Entwicklung ihres Kindes sorgen<\/em>. Sie bietet eine beruhigende und anregende Umgebung, in der Ihr Kind in aller Ruhe lernen und wachsen kann. Hergestellt aus hochwertigen und umweltfreundlichen Materialien, h\u00e4lt diese Aktivit\u00e4tstafel dem Test der Zeit und neugierigen kleinen H\u00e4nden stand.<\/p>\n<p><strong>Verpassen Sie nicht diese einmalige Gelegenheit<\/strong> Ihrem Kind ein unvergessliches Bildungs- und Spielerlebnis zu bieten! Bestellen Sie jetzt Ihr Busy Board f\u00fcr die Montessori-Entwicklung - Eule und beobachten Sie die Fortschritte Ihres Kindes Tag f\u00fcr Tag.<\/p>","protected":false},"excerpt":{"rendered":"<ul>\n<li>A <em>Erziehung auf der Grundlage der Montessori-Methode<\/em><\/li>\n<li>Eine harmonische Entwicklung der F\u00e4higkeiten Ihres Kindes<\/li>\n<li>Eine <strong>ansprechendes und spielerisches Design<\/strong> f\u00fcr Kinder<\/li>\n<\/ul>","protected":false},"featured_media":12754,"template":"","meta":[],"product_brand":[],"product_cat":[406,341,342],"product_tag":[],"class_list":{"0":"post-12755","1":"product","2":"type-product","3":"status-publish","4":"has-post-thumbnail","6":"product_cat-busy-board-montessori","7":"product_cat-jeux-montessori-6mois-1an","8":"product_cat-jeux-montessori-1an-18mois","10":"first","11":"instock","12":"shipping-taxable","13":"purchasable","14":"product-type-simple"},"_links":{"self":[{"href":"https:\/\/das-montessori-spielzeug.de\/de\/wp-json\/wp\/v2\/product\/12755","targetHints":{"allow":["GET"]}}],"collection":[{"href":"https:\/\/das-montessori-spielzeug.de\/de\/wp-json\/wp\/v2\/product"}],"about":[{"href":"https:\/\/das-montessori-spielzeug.de\/de\/wp-json\/wp\/v2\/types\/product"}],"version-history":[{"count":0,"href":"https:\/\/das-montessori-spielzeug.de\/de\/wp-json\/wp\/v2\/product\/12755\/revisions"}],"wp:featuredmedia":[{"embeddable":true,"href":"https:\/\/das-montessori-spielzeug.de\/de\/wp-json\/wp\/v2\/media\/12754"}],"wp:attachment":[{"href":"https:\/\/das-montessori-spielzeug.de\/de\/wp-json\/wp\/v2\/media?parent=12755"}],"wp:term":[{"taxonomy":"product_brand","embeddable":true,"href":"https:\/\/das-montessori-spielzeug.de\/de\/wp-json\/wp\/v2\/product_brand?post=12755"},{"taxonomy":"product_cat","embeddable":true,"href":"https:\/\/das-montessori-spielzeug.de\/de\/wp-json\/wp\/v2\/product_cat?post=12755"},{"taxonomy":"product_tag","embeddable":true,"href":"https:\/\/das-montessori-spielzeug.de\/de\/wp-json\/wp\/v2\/product_tag?post=12755"}],"curies":[{"name":"wp","href":"https:\/\/api.w.org\/{rel}","templated":true}]}}