{"id":12729,"date":"2023-05-09T09:27:41","date_gmt":"2023-05-09T09:27:41","guid":{"rendered":"https:\/\/das-montessori-spielzeug.de\/?post_type=product&#038;p=12729"},"modified":"2023-07-21T13:35:57","modified_gmt":"2023-07-21T13:35:57","slug":"montessori-eveil-panel","status":"publish","type":"product","link":"https:\/\/das-montessori-spielzeug.de\/de\/product\/montessori-eveil-panel","title":{"rendered":"Montessori-Wachtafel"},"content":{"rendered":"<h2>Die Montessori-Erlebniswand: Verwandeln Sie Spielmomente in Lernabenteuer<\/h2>\n<p>Bieten Sie Ihren Kindern ein au\u00dfergew\u00f6hnliches Spiel- und Lernerlebnis mit unserem <strong>Montessori-Wachtafel<\/strong>. Entwickelt, um die Neugierde und die motorischen F\u00e4higkeiten Ihrer Kleinen zu f\u00f6rdern, bietet dieses au\u00dfergew\u00f6hnliche Spielzeug :<\/p>\n<p><img decoding=\"async\" src=\"https:\/\/ae01.alicdn.com\/kf\/Sbdc3c41d036d4947a7d31ee0ad16baeeg.jpg?width=800&amp;height=683&amp;hash=1483\" alt=\"\" title=\"\"><\/p>\n<h2>Schaffen Sie unvergessliche Momente mit Ihrem Kind mit dem Wake-up Board<\/h2>\n<p>Als Eltern wissen Sie, wie wichtig es ist, Ihrem Kind Spielzeug zu bieten, das seinen Geist n\u00e4hrt und das Lernen f\u00f6rdert. Mit dem <em>Montessori-Erwachungspanel<\/em>Beobachten Sie, wie sie gleichzeitig erforschen, Spa\u00df haben und lernen. Die auf der Tafel angebotenen Aktivit\u00e4ten sind sorgf\u00e4ltig konzipiert, um die Sinne Ihres Kindes anzusprechen und seine kognitive und emotionale Entwicklung zu f\u00f6rdern.<\/p>\n<p>Jedes Element der Lerntafel ist so gestaltet, dass es die Fantasie Ihres Kindes anregt und ihm hilft, wichtige F\u00e4higkeiten wie Probleml\u00f6sung, Hand-Augen-Koordination und das Erkennen von Formen und Farben zu entwickeln. Durch die Interaktion mit den Elementen der Pinnwand st\u00e4rkt Ihr Kind au\u00dferdem seine Selbstst\u00e4ndigkeit und sein Selbstvertrauen.<\/p>\n<h2>Eine nachhaltige Investition in die Entwicklung Ihres Kindes<\/h2>\n<p>Die Montessori-F\u00f6rdertafel ist aus hochwertigen, ungiftigen und umweltfreundlichen Materialien hergestellt. Seine robuste Konstruktion garantiert, dass es jahrelangem Spielen und Lernen standh\u00e4lt. Dar\u00fcber hinaus machen sein zeitloses Design und seine Vielseitigkeit es zu einem Spielzeug, das mit Ihrem Kind w\u00e4chst und in jeder Phase seiner Entwicklung neue Herausforderungen bietet.<\/p>\n<p>Es ist an der Zeit, Ihrem Kind die M\u00f6glichkeit zu bieten, spielerisch zu lernen. <strong>Bestellen Sie jetzt<\/strong> Ihr Montessori-Erwachungspanel und bereiten Sie sich darauf vor, das kreative Genie Ihres Kindes aufbl\u00fchen zu sehen!<\/p>","protected":false},"excerpt":{"rendered":"<ul>\n<li>Multisensorisches Lernen <strong>:<\/strong> ber\u00fchren, sehen und h\u00f6ren f\u00fcr ein umfassendes Erlebnis<\/li>\n<li>Anpassungsf\u00e4higkeit: geeignet f\u00fcr Kinder von 2 bis 6 Jahren, w\u00e4chst mit ihnen mit<\/li>\n<li>H\u00f6chste Qualit\u00e4t: langlebige und sichere Materialien f\u00fcr den t\u00e4glichen Gebrauch<\/li>\n<\/ul>","protected":false},"featured_media":12728,"template":"","meta":[],"product_brand":[],"product_cat":[406,341,342],"product_tag":[],"class_list":{"0":"post-12729","1":"product","2":"type-product","3":"status-publish","4":"has-post-thumbnail","6":"product_cat-busy-board-montessori","7":"product_cat-jeux-montessori-6mois-1an","8":"product_cat-jeux-montessori-1an-18mois","10":"first","11":"instock","12":"shipping-taxable","13":"purchasable","14":"product-type-simple"},"_links":{"self":[{"href":"https:\/\/das-montessori-spielzeug.de\/de\/wp-json\/wp\/v2\/product\/12729","targetHints":{"allow":["GET"]}}],"collection":[{"href":"https:\/\/das-montessori-spielzeug.de\/de\/wp-json\/wp\/v2\/product"}],"about":[{"href":"https:\/\/das-montessori-spielzeug.de\/de\/wp-json\/wp\/v2\/types\/product"}],"version-history":[{"count":0,"href":"https:\/\/das-montessori-spielzeug.de\/de\/wp-json\/wp\/v2\/product\/12729\/revisions"}],"wp:featuredmedia":[{"embeddable":true,"href":"https:\/\/das-montessori-spielzeug.de\/de\/wp-json\/wp\/v2\/media\/12728"}],"wp:attachment":[{"href":"https:\/\/das-montessori-spielzeug.de\/de\/wp-json\/wp\/v2\/media?parent=12729"}],"wp:term":[{"taxonomy":"product_brand","embeddable":true,"href":"https:\/\/das-montessori-spielzeug.de\/de\/wp-json\/wp\/v2\/product_brand?post=12729"},{"taxonomy":"product_cat","embeddable":true,"href":"https:\/\/das-montessori-spielzeug.de\/de\/wp-json\/wp\/v2\/product_cat?post=12729"},{"taxonomy":"product_tag","embeddable":true,"href":"https:\/\/das-montessori-spielzeug.de\/de\/wp-json\/wp\/v2\/product_tag?post=12729"}],"curies":[{"name":"wp","href":"https:\/\/api.w.org\/{rel}","templated":true}]}}